{"id":953,"date":"2020-05-18T23:19:11","date_gmt":"2020-05-18T21:19:11","guid":{"rendered":"http:\/\/dev.schatex.com\/?page_id=953"},"modified":"2021-08-18T21:49:15","modified_gmt":"2021-08-18T19:49:15","slug":"faq","status":"publish","type":"page","link":"https:\/\/www.amolock.com\/it\/faq\/","title":{"rendered":"FAQ"},"content":{"rendered":"\n<div class=\"header-cover parallax\" style=\"background-image: url('\/wp-content\/uploads\/sites\/23\/2021\/06\/Header_Flag_2x.jpg');\">\n  <div class=\"teppichfliesen-header\">\n     <h1>AMOLOCK<sup>\u00ae<\/sup> &#8211; FAQ<\/h1>\n     <span>SCHATEX<sup>\u00ae<\/sup> by Scharpenack GmbH<\/span>\n  <\/div>\n  <div class=\"teppichfliesen-subheader\"> <a href=\"#topProdukte\"> Alle Ansehen <\/br> &#x25BC; <\/a> <\/div>\n<\/div>\n\n\n\n<div class=\"container-lg\">\n\t<div class=\"row faq-row-1\" id=\"topProdukte\">\n\t\t<p class=\"col-sm-12 font-weight-bold collapsed\" data-toggle=\"collapse\" data-target=\"#faq1\" aria-expanded=\"false\" aria-controls=\"faq1\">\n\t\t\t<i class=\"bi\" id=\"collapseOneSquare\"><\/i>Welche Werkzeuge ben\u00f6tige ich f\u00fcr die Verlegung der Amolock-Fliesen? \n\t\t<\/p>\n\t\t<div class=\"collapse\" id=\"faq1\">\n\t\t\t<div class=\"card card-body\">\n\t\t\t\t<span>\n\t\t\t\t\tDie Verlegung der Amolock-Fliesen unterscheidet sich je nach Kollektion geringf\u00fcgig voneinander. Da alle Kunststoff-Fliesen von Amolock jedoch ineinandergesteckt oder miteinander verzahnt werden, ben\u00f6tigen Sie nur wenig Werkzeug. Folgende Utensilien sollten Sie f\u00fcr die Verlegung bereithalten:  \n\t\t\t\t<\/span>\n                          <br>\n                          <ul>\n                            <li>\nEin Messer oder eine S\u00e4ge mit feinem S\u00e4geblatt f\u00fcr das Zuschneiden der Randfliesen, auch der Einsatz eines Schneideger\u00e4ts oder einer Guillotine ist m\u00f6glich. F\u00fcr die Kollektionen Pro, Xtreme, Slate und Luxury wird der Einsatz einer Stichs\u00e4ge oder Tischkreiss\u00e4ge empfohlen.<\/li>\n                            <li>Je nach Kollektion ben\u00f6tigen Sie einen Gummihammer mit hellem Kopf, um die Fliesen miteinander zu verbinden. Beachten Sie, dass ein dunkler Gummihammer Verf\u00e4rbungen auf hellen Dekoren hinterlassen kann! <\/li>\n                            <li>F\u00fcr eine korrekte Verlegung sollte der Boden vermessen werden. Nutzen Sie zur Raumaufteilung gegebenenfalls einen Schnurschlag. <\/li>\n                          <\/ul>\n\t\t\t<\/div>\n\t\t<\/div>\n\t\t<hr>\n\t\t<p class=\"col-sm-12 font-weight-bold collapsed\" data-toggle=\"collapse\" data-target=\"#faq2\" aria-expanded=\"false\" aria-controls=\"faq2\">\n\t\t\t<i class=\"bi\"><\/i> Kann ich die Amolock-Fliesen auch im Au\u00dfenbereich verlegen? \n\t\t<\/p>\n\t\t<div class=\"collapse\" id=\"faq2\">\n\t\t\t<div class=\"card card-body\">\n\t\t\t\t<span>\n\t\t\t\t\tDie Polypropylen-Fliesen der Kollektionen Easy Wood, Easy Classic und Easy Design sind perfekt auf die Bed\u00fcrfnisse im Au\u00dfenbereich zugeschnitten und lassen sich hervorragend zum Beispiel als Kunststoff-Fliesen f\u00fcr Terrasse oder Balkon verwenden. Dank UV-Best\u00e4ndigkeit, der Resistenz gegen\u00fcber Temperaturschwankungen und Rutschsicherheit lassen sich die Amolock-Fliesen einfach f\u00fcr den Outdoor-Bereich einsetzen. Das leicht feuchtigkeitsdurchl\u00e4ssige System l\u00e4sst den Untergrund hierbei auf nat\u00fcrliche Weise atmen. \n\t\t\t\t<\/span>\n\t\t\t<\/div>\n\t\t<\/div>\n\t\t<hr>\n\t\t<p class=\"col-sm-12 font-weight-bold collapsed\" data-toggle=\"collapse\" data-target=\"#faq3\" aria-expanded=\"false\" aria-controls=\"faq3\">\n\t\t\t<i class=\"bi\"><\/i>Welche Bedingungen muss der Untergrund f\u00fcr eine Verlegung erf\u00fcllen? \n\t\t<\/p>\n\t\t<div class=\"collapse\" id=\"faq3\">\n\t\t\t<div class=\"card card-body\">\n\t\t\t\t<span>\n\t\t\t\tDie Polypropylen-Fliesen lassen sich auf nahezu jeder eben, festen und glatten Fl\u00e4che verlegen. F\u00fcr ein ideales Ergebnis sollte der Untergrund vor der Verlegung der Amolock-Fliesen gut vorbereitet werden. Dieser sollte den Empfehlungen der nationalen und europ\u00e4ischen Standards entsprechen und m\u00f6glichst sauber, glatt, eben, staub- und fettfrei sein. Auch die Tragf\u00e4higkeit und Festigkeit sollte \u00fcberpr\u00fcft werden. Bessern Sie zu diesem Zweck etwaige L\u00f6cher, Risse und Unebenheiten aus. \n\t\t\t\t<\/span>\n\t\t\t<\/div>\n\t\t<\/div>\n\t\t<hr>\n\t\t<p class=\"col-sm-12 font-weight-bold collapsed\" data-toggle=\"collapse\" data-target=\"#faq4\" aria-expanded=\"false\" aria-controls=\"faq4\">\n\t\t\t<i class=\"bi\"><\/i>Wie schaffe ich einen b\u00fcndigen Abschluss zu W\u00e4nden und anderen festen Gegenst\u00e4nden im Raum? \n\t\t<\/p>\n\t\t<div class=\"collapse\" id=\"faq4\">\n\t\t\t<div class=\"card card-body\">\n\t\t\t\t<span>\n\t\t\t\t\tUm ein stimmiges Gesamtbild zu erzeugen, bieten wir Ihnen mit den passenden Sockel- und Abschlussleisten, Kabel- und Markierungsleisten sowie Auffahrtrampen und Eckst\u00fccken praktische L\u00f6sungen f\u00fcr jeden Bereich. Das auf die einzelnen Kollektionen zugeschnittene Zubeh\u00f6r ist farblich auf die Dekore abgestimmt und kann Dehnungsfugen kaschieren, Wand und Boden vor Abnutzungen und dem Eindringen von Wasser und Schmutz sch\u00fctzen und bildet einen optisch ansprechenden Abschluss eines strapazierf\u00e4higen Kunststoff-Bodens.  <\/span>\n\t\t\t\t<\/div>\n\t\t\t<\/div>\n\t\t\t<hr>\n\t\t\t<p class=\"col-sm-12 font-weight-bold collapsed\" data-toggle=\"collapse\" data-target=\"#faq5\" aria-expanded=\"false\" aria-controls=\"faq5\">\n\t\t\t\t<i class=\"bi\"><\/i>Sind die Amolock-Fliesen wasserfest?\n\t\t\t<\/p>\n\t\t\t<div class=\"collapse\" id=\"faq5\">\n\t\t\t\t<div class=\"card card-body\">\n\t\t\t\t\t<span>\n              Die Polypropylen-Fliesen der Reihen Easy Classic, Easy Design und Easy Wood sind auch im Au\u00dfenbereich einsetzbar und lassen den Untergrund dank der leichten Feuchtigkeitsdurchl\u00e4ssigkeit auf nat\u00fcrliche Weise atmen. Die Verbindung der PVC-Fliesen der Kollektionen Grand, First Eco und First Design Eco ist nahezu wasserdicht. Das einzigartige AirFlow-System auf der R\u00fcckseite der Fliese erm\u00f6glicht die Luftzirkulation und verhindert damit die Bildung von Schimmel bei Eindringen von geringen Mengen Regen- oder Schneewasser. \n\t\t\t\n\t<\/span>\n<\/div>\n<\/div>\n<hr>\n<p class=\"col-sm-12 font-weight-bold collapsed\" data-toggle=\"collapse\" data-target=\"#faq6\" aria-expanded=\"false\" aria-controls=\"faq6\">\n\t<i class=\"bi\"><\/i> Wie reinige und pflege ich die Amolock-Fliesen? \n<\/p>\n<div class=\"collapse\" id=\"faq6\">\n\t<div class=\"card card-body\">\n\t\t<span>\n      Die Polypropylen- und PVC-Fliesen bestechen grunds\u00e4tzlich durch einen sehr geringen Pflege- und Wartungsaufwand. F\u00fcr die Reinigung reicht ein wenig Wasser und f\u00fcr Kunststoff-Fliesen geeignete Pflegemittel aus. Die auf den Au\u00dfenbereich zugeschnittenen Polypropylen-Fliesen der Reihen Easy Classic, Easy Design und Easy Wood k\u00f6nnen bei der Installation auf wasserundurchl\u00e4ssigen Untergr\u00fcnden auch mit einem Schlauch oder Hochdruckreiniger ges\u00e4ubert werden. Bei hartn\u00e4ckigen Verschmutzungen k\u00f6nnen die Fliesen einfach herausgenommen und einzeln gereinigt werden. <br>\nF\u00fcr den PVC-Garagen- und Industrieboden von Amolock kann ebenfalls einfaches Wasser und f\u00fcr die Reinigung von Vinyl geeignete Reinigungsmittel verwendet werden. Nutzen Sie keinesfalls aggressive Reinigungsmittel oder anderweitige nicht f\u00fcr die Reinigung von PVC-B\u00f6den geeignete Chemikalien, da diese den Boden besch\u00e4digen k\u00f6nnten. Geeignete Pflege- und Reinigungsmittel bietet beispielsweise die Marke Dr. Schutz. Auf den Industrie- und Garagenfliesen aus PVC sollte das Wasser nicht stehen. Bei der Pflege mit einer Reinigungsmaschine ist daher auf die Wassermenge zu achten. \n\t\t\t\n<\/span>\n<\/div>\n<\/div>\n<hr>\n<p class=\"col-sm-12 font-weight-bold collapsed\" data-toggle=\"collapse\" data-target=\"#faq7\" aria-expanded=\"false\" aria-controls=\"faq7\">\n\t<i class=\"bi\"><\/i>Welchen Belastungen k\u00f6nnen die Amolock-Fliesen standhalten? \n<\/p>\n<div class=\"collapse\" id=\"faq7\">\n\t<div class=\"card card-body\">\n\t\t<span>\n\t\tDie Amolock-Fliesen k\u00f6nnen je nach Kollektion unterschiedlichen Belastungen standhalten. Die Kunststoff-Fliesen der Reihen Easy Classic und Easy Design bieten eine garantierte Belastbarkeit von 110t\/m\u00b2, die Holzoptik-Fliesen der Reihe Easy Wood eine Belastbarkeit von 50t\/m\u00b2. Die f\u00fcr die Verwendung in Garagen und Industriebereichen ausgelegten PVC-Fliesen eignen sich f\u00fcr das Befahren mit Autos, Gabelstaplern und Hubwagen. Ob sich die Kunststoff-Fliesen f\u00fcr Ihren Verwendungszweck eignen, entnehmen Sie bitte dem jeweiligen Datenblatt, da sich hier je nach Kollektion Unterschiede ergeben k\u00f6nnen. <br>\nAuch die Raum- und Verlegebedingungen k\u00f6nnen die Belastbarkeit beeinflussen. So sollten insbesondere die auf die Verlegung in Garagen und Industrie zugeschnittenen PVC-Fliesen im Falle direkter Sonneneinstrahlung oder enormer Belastung gegebenenfalls verklebt werden. F\u00fcr die Kollektionen Grand, First Eco und First Design Eco liegt die empfohlene Belastungsobergrenze bei der Verlegung ohne Kleben bei einer Belastung von 1500 kg bei vierr\u00e4drigen Gabelstaplern mit Gummireifen und 1000 kg bei dreir\u00e4drigen Gabelstaplern mit Gummireifen und hinterem Doppelrad. F\u00fcr Palettenwagen liegt die Belastungsgrenze ohne Verklebung bei einem Gesamtgewicht von 1000 kg inklusive Ladung. \n\t\t<\/span>\n\t<\/div>\n\t<hr>\n\t<p class=\"col-sm-12 font-weight-bold collapsed\" data-toggle=\"collapse\" data-target=\"#faq8\" aria-expanded=\"false\" aria-controls=\"faq8\">\n\t\t<i class=\"bi\"><\/i> Sind die Amolock-Fliesen rutschsicher? \n\t<\/p>\n\t<div class=\"collapse\" id=\"faq8\">\n\t\t<div class=\"card card-body\">\n\t\t\t<span>\n\t\t\t\tAlle Amolock-Fliesen entsprechen einer Mindest-Rutschsicherheit nach R9 oder R10. Oberfl\u00e4chen wie Schlangenhaut, Riffelblech, Noppen oder netzartige Gittersysteme sorgen f\u00fcr einen sicheren Halt. \n\t\t\t<\/span>\n\t\t<\/div>\n\n\n<\/div>\n<\/div>\n","protected":false},"excerpt":{"rendered":"<p>AMOLOCK\u00ae &#8211; FAQ SCHATEX\u00ae by Scharpenack GmbH Alle Ansehen &#x25BC; Welche Werkzeuge ben\u00f6tige ich f\u00fcr die Verlegung der Amolock-Fliesen? Die Verlegung der Amolock-Fliesen unterscheidet sich je nach Kollektion geringf\u00fcgig voneinander. Da alle Kunststoff-Fliesen von Amolock jedoch ineinandergesteckt oder miteinander verzahnt werden, ben\u00f6tigen Sie nur wenig Werkzeug. Folgende Utensilien sollten Sie f\u00fcr die Verlegung bereithalten: Ein &#8230; <a title=\"FAQ\" class=\"read-more\" href=\"https:\/\/www.amolock.com\/it\/faq\/\" aria-label=\"Read more about FAQ\">Read more<\/a><\/p>\n","protected":false},"author":1,"featured_media":0,"parent":0,"menu_order":0,"comment_status":"closed","ping_status":"closed","template":"","meta":{"footnotes":""},"yoast_head":"<!-- This site is optimized with the Yoast SEO plugin v22.6 - https:\/\/yoast.com\/wordpress\/plugins\/seo\/ -->\n<title>FAQ - AMOLOCK\u00ae | IT<\/title>\n<meta name=\"robots\" content=\"index, follow, max-snippet:-1, max-image-preview:large, max-video-preview:-1\" \/>\n<link rel=\"canonical\" href=\"https:\/\/www.amolock.com\/it\/faq\/\" \/>\n<meta property=\"og:locale\" content=\"en_US\" \/>\n<meta property=\"og:type\" content=\"article\" \/>\n<meta property=\"og:title\" content=\"FAQ - AMOLOCK\u00ae | IT\" \/>\n<meta property=\"og:description\" content=\"AMOLOCK\u00ae &#8211; FAQ SCHATEX\u00ae by Scharpenack GmbH Alle Ansehen &#x25BC; Welche Werkzeuge ben\u00f6tige ich f\u00fcr die Verlegung der Amolock-Fliesen? Die Verlegung der Amolock-Fliesen unterscheidet sich je nach Kollektion geringf\u00fcgig voneinander. Da alle Kunststoff-Fliesen von Amolock jedoch ineinandergesteckt oder miteinander verzahnt werden, ben\u00f6tigen Sie nur wenig Werkzeug. Folgende Utensilien sollten Sie f\u00fcr die Verlegung bereithalten: Ein ... Read more\" \/>\n<meta property=\"og:url\" content=\"https:\/\/www.amolock.com\/it\/faq\/\" \/>\n<meta property=\"og:site_name\" content=\"AMOLOCK\u00ae | IT\" \/>\n<meta property=\"article:modified_time\" content=\"2021-08-18T19:49:15+00:00\" \/>\n<meta name=\"twitter:card\" content=\"summary_large_image\" \/>\n<meta name=\"twitter:label1\" content=\"Est. reading time\" \/>\n\t<meta name=\"twitter:data1\" content=\"4 minutes\" \/>\n<script type=\"application\/ld+json\" class=\"yoast-schema-graph\">{\"@context\":\"https:\/\/schema.org\",\"@graph\":[{\"@type\":\"WebPage\",\"@id\":\"https:\/\/www.amolock.com\/it\/faq\/\",\"url\":\"https:\/\/www.amolock.com\/it\/faq\/\",\"name\":\"FAQ - AMOLOCK\u00ae | IT\",\"isPartOf\":{\"@id\":\"https:\/\/www.amolock.com\/it\/#website\"},\"datePublished\":\"2020-05-18T21:19:11+00:00\",\"dateModified\":\"2021-08-18T19:49:15+00:00\",\"breadcrumb\":{\"@id\":\"https:\/\/www.amolock.com\/it\/faq\/#breadcrumb\"},\"inLanguage\":\"en-US\",\"potentialAction\":[{\"@type\":\"ReadAction\",\"target\":[\"https:\/\/www.amolock.com\/it\/faq\/\"]}]},{\"@type\":\"BreadcrumbList\",\"@id\":\"https:\/\/www.amolock.com\/it\/faq\/#breadcrumb\",\"itemListElement\":[{\"@type\":\"ListItem\",\"position\":1,\"name\":\"Home\",\"item\":\"https:\/\/www.amolock.com\/it\/\"},{\"@type\":\"ListItem\",\"position\":2,\"name\":\"FAQ\"}]},{\"@type\":\"WebSite\",\"@id\":\"https:\/\/www.amolock.com\/it\/#website\",\"url\":\"https:\/\/www.amolock.com\/it\/\",\"name\":\"AMOLOCK\u00ae | IT\",\"description\":\"Teppichfliesen f\u00fcr Wohnen &amp; Gewerbe\",\"publisher\":{\"@id\":\"https:\/\/www.amolock.com\/it\/#organization\"},\"potentialAction\":[{\"@type\":\"SearchAction\",\"target\":{\"@type\":\"EntryPoint\",\"urlTemplate\":\"https:\/\/www.amolock.com\/it\/?s={search_term_string}\"},\"query-input\":\"required name=search_term_string\"}],\"inLanguage\":\"en-US\"},{\"@type\":\"Organization\",\"@id\":\"https:\/\/www.amolock.com\/it\/#organization\",\"name\":\"SCHATEX\",\"url\":\"https:\/\/www.amolock.com\/it\/\",\"logo\":{\"@type\":\"ImageObject\",\"inLanguage\":\"en-US\",\"@id\":\"https:\/\/www.amolock.com\/it\/#\/schema\/logo\/image\/\",\"url\":\"https:\/\/schatex.com\/wp-content\/uploads\/sites\/23\/2020\/05\/cropped-logo.png\",\"contentUrl\":\"https:\/\/schatex.com\/wp-content\/uploads\/sites\/23\/2020\/05\/cropped-logo.png\",\"width\":476,\"height\":112,\"caption\":\"SCHATEX\"},\"image\":{\"@id\":\"https:\/\/www.amolock.com\/it\/#\/schema\/logo\/image\/\"}}]}<\/script>\n<!-- \/ Yoast SEO plugin. -->","yoast_head_json":{"title":"FAQ - AMOLOCK\u00ae | IT","robots":{"index":"index","follow":"follow","max-snippet":"max-snippet:-1","max-image-preview":"max-image-preview:large","max-video-preview":"max-video-preview:-1"},"canonical":"https:\/\/www.amolock.com\/it\/faq\/","og_locale":"en_US","og_type":"article","og_title":"FAQ - AMOLOCK\u00ae | IT","og_description":"AMOLOCK\u00ae &#8211; FAQ SCHATEX\u00ae by Scharpenack GmbH Alle Ansehen &#x25BC; Welche Werkzeuge ben\u00f6tige ich f\u00fcr die Verlegung der Amolock-Fliesen? Die Verlegung der Amolock-Fliesen unterscheidet sich je nach Kollektion geringf\u00fcgig voneinander. Da alle Kunststoff-Fliesen von Amolock jedoch ineinandergesteckt oder miteinander verzahnt werden, ben\u00f6tigen Sie nur wenig Werkzeug. Folgende Utensilien sollten Sie f\u00fcr die Verlegung bereithalten: Ein ... Read more","og_url":"https:\/\/www.amolock.com\/it\/faq\/","og_site_name":"AMOLOCK\u00ae | IT","article_modified_time":"2021-08-18T19:49:15+00:00","twitter_card":"summary_large_image","twitter_misc":{"Est. reading time":"4 minutes"},"schema":{"@context":"https:\/\/schema.org","@graph":[{"@type":"WebPage","@id":"https:\/\/www.amolock.com\/it\/faq\/","url":"https:\/\/www.amolock.com\/it\/faq\/","name":"FAQ - AMOLOCK\u00ae | IT","isPartOf":{"@id":"https:\/\/www.amolock.com\/it\/#website"},"datePublished":"2020-05-18T21:19:11+00:00","dateModified":"2021-08-18T19:49:15+00:00","breadcrumb":{"@id":"https:\/\/www.amolock.com\/it\/faq\/#breadcrumb"},"inLanguage":"en-US","potentialAction":[{"@type":"ReadAction","target":["https:\/\/www.amolock.com\/it\/faq\/"]}]},{"@type":"BreadcrumbList","@id":"https:\/\/www.amolock.com\/it\/faq\/#breadcrumb","itemListElement":[{"@type":"ListItem","position":1,"name":"Home","item":"https:\/\/www.amolock.com\/it\/"},{"@type":"ListItem","position":2,"name":"FAQ"}]},{"@type":"WebSite","@id":"https:\/\/www.amolock.com\/it\/#website","url":"https:\/\/www.amolock.com\/it\/","name":"AMOLOCK\u00ae | IT","description":"Teppichfliesen f\u00fcr Wohnen &amp; Gewerbe","publisher":{"@id":"https:\/\/www.amolock.com\/it\/#organization"},"potentialAction":[{"@type":"SearchAction","target":{"@type":"EntryPoint","urlTemplate":"https:\/\/www.amolock.com\/it\/?s={search_term_string}"},"query-input":"required name=search_term_string"}],"inLanguage":"en-US"},{"@type":"Organization","@id":"https:\/\/www.amolock.com\/it\/#organization","name":"SCHATEX","url":"https:\/\/www.amolock.com\/it\/","logo":{"@type":"ImageObject","inLanguage":"en-US","@id":"https:\/\/www.amolock.com\/it\/#\/schema\/logo\/image\/","url":"https:\/\/schatex.com\/wp-content\/uploads\/sites\/23\/2020\/05\/cropped-logo.png","contentUrl":"https:\/\/schatex.com\/wp-content\/uploads\/sites\/23\/2020\/05\/cropped-logo.png","width":476,"height":112,"caption":"SCHATEX"},"image":{"@id":"https:\/\/www.amolock.com\/it\/#\/schema\/logo\/image\/"}}]}},"_links":{"self":[{"href":"https:\/\/www.amolock.com\/it\/wp-json\/wp\/v2\/pages\/953"}],"collection":[{"href":"https:\/\/www.amolock.com\/it\/wp-json\/wp\/v2\/pages"}],"about":[{"href":"https:\/\/www.amolock.com\/it\/wp-json\/wp\/v2\/types\/page"}],"author":[{"embeddable":true,"href":"https:\/\/www.amolock.com\/it\/wp-json\/wp\/v2\/users\/1"}],"replies":[{"embeddable":true,"href":"https:\/\/www.amolock.com\/it\/wp-json\/wp\/v2\/comments?post=953"}],"version-history":[{"count":82,"href":"https:\/\/www.amolock.com\/it\/wp-json\/wp\/v2\/pages\/953\/revisions"}],"predecessor-version":[{"id":8776,"href":"https:\/\/www.amolock.com\/it\/wp-json\/wp\/v2\/pages\/953\/revisions\/8776"}],"wp:attachment":[{"href":"https:\/\/www.amolock.com\/it\/wp-json\/wp\/v2\/media?parent=953"}],"curies":[{"name":"wp","href":"https:\/\/api.w.org\/{rel}","templated":true}]}}