{"id":955,"date":"2020-05-18T23:20:01","date_gmt":"2020-05-18T21:20:01","guid":{"rendered":"http:\/\/dev.schatex.com\/?page_id=955"},"modified":"2021-09-17T00:34:46","modified_gmt":"2021-09-16T22:34:46","slug":"pflegeanleitung","status":"publish","type":"page","link":"https:\/\/www.amolock.com\/fr\/pflegeanleitung\/","title":{"rendered":"Pflegeanleitung"},"content":{"rendered":"\n<div class=\"header-cover parallax\" style=\"background-image: url('\/wp-content\/uploads\/sites\/22\/2021\/05\/Temporary-Header-1.jpg');\">\n\t<div class=\"teppichfliesen-header\">\n\t\t<h1>SCHATEX<sup>\u00ae<\/sup> &#8211; Pflegeanleitung<\/h1>\n\t\t<span>So pflegen Sie unsere Teppichfliesen richtig!<\/span>\n\t<\/div>\n\t<div class=\"teppichfliesen-subheader\"> <a href=\"#topProdukte\"> Alle Ansehen <\/br> &#x25BC; <\/a> <\/div>\n<\/div>\n\n\n\n<div class=\"container-fluid\">\n\t<div class=\"row home-row-1 fliesen-row-1 under-header-row\">\n\t\t<div class=\"col-md-6 text-center\" style=\"padding:30px 0px;\" >\n\t\t\t<img decoding=\"async\" style=\"width:100%;height:auto;padding-top:2%;\" src=\"\/wp-content\/uploads\/sites\/22\/2021\/08\/Gruppe-828@2x.png\">\n\n\t\t<\/div>\n\t\t<div class=\"col-md-6\" style=\"padding:30px 0px;\">\n\t\t\t<h3 class=\"font-weight-bold\">So pflegen Sie Ihre Schatex Produkte<\/h3>\n\t\t\t<p>Unser stetig wachsendes Produktsortiment orientiert sich an den Bed\u00fcrfnissen unserer Kunden. SCHATEX, das sind Teppichfliesen sowohl f\u00fcr den stark beanspruchten Objektbereich als auch f\u00fcr den privaten Wohnbereich..\n\t\t\t<\/p>\n\t\t<\/div>\n\t<\/div>\n\t<div id=\"topProdukte\" class=\"row produktion-row-2\">\n\t\t<div class=\"col-lg-6 col-bg p-0\">\n\t\t\t<div style=\"background-image: url('\/wp-content\/uploads\/sites\/22\/2021\/07\/teppich-reinigen.png');\"><\/div>\n\t\t<\/div>\n\t\t<div class=\"col-lg-6\">\n\t\t\t<h2 class=\"font-weight-bold\">Ruck Zuck Sauber<\/h2>\n\t\t\t<p class=\"text-left\">\n\t\t\t wir freuen uns, dass Sie sich f\u00fcr Teppichfliesen von SCHATEX\u00ae entscheiden haben. Damit Sie auch auf lange Sicht Freude an unserem modularen Bodenbelag haben und die hohe Qualit\u00e4t und ansprechende Optik \u00fcber lange Zeit erhalten bleibt, gilt es der Reinigung und Pflege einen nicht allzu geringen Stellenwert beizumessen.\n<br><br>\n Dank der modernen Technik, die in den SCHATEX\u00ae-Fliesen steckt, reduziert sich der Reinigungs- und Pflegeaufwand auf ein alltagsfreundliches Minimum. Dem t\u00e4glichen Schmutz und Dreck kommen Sie mit einer regelm\u00e4\u00dfigen Staubsaugerreinigung bei.\n\t\t\t<\/p>\n\t<\/div>\n\t<div class=\"col-lg-6\">\n\t\t<h2 class=\"font-weight-bold\">Hartn\u00e4ckige Verschmutzungen<\/h2>\n\t\t<p class=\"text-left\">\n\t\t\t Versch\u00fcttete Fl\u00fcssigkeiten lassen sich einfach mit einem herk\u00f6mmlichen Papiertuch o.\u00e4. abtupfen. Bei festen R\u00fcckst\u00e4nden empfiehlt es sich den Fleck sofort abzukratzen. Um den Fleck nicht zu vergr\u00f6\u00dfern, gehen Sie beim Reinigen immer von au\u00dfen nach innen vor. Entnehmen Sie die textile Fliese einfach aus dem Gesamtboden und waschen Sie diese mit warmem Wasser ab oder benutzen Sie einen Schwamm. Bei hartn\u00e4ckigen Flecken schrubben Sie unter der Verwendung von milden Reinigungsmitteln vorsichtig mit einer B\u00fcrste \u00fcber die verschmutzte Stelle. Nach der Behandlung sp\u00fclen Sie die Reste des Reinigungsmittels sorgf\u00e4ltig ab und entfernen Sie tupfend die \u00fcberbleibende Fl\u00fcssigkeit mit einem Papierhandtuch.\n\t\t<\/p>\n\t<\/div>\n\t<div class=\"col-lg-6 col-bg p-0\">\n\t\t<div style=\"background-image: url('\/wp-content\/uploads\/sites\/22\/2021\/07\/30cf3475c5ffe02c66f514c1d83ebfa1.png');\"><\/div>\n\t<\/div>\n<\/div>\n<div class=\"row pr-details-row-4 parallax\" style=\"background-image: url('\/wp-content\/uploads\/sites\/22\/2021\/06\/Zitat-g.jpg')\">\n\t<div class=\"col\">\n\t\t<h3>\u201e Top Qualit\u00e4t, einfache Verarbeitung &amp; eine riesen Auswahl an satten Farben. Einfaches austauschen erm\u00f6glicht eine einfache Reinigung und Pflege. \u201c\n\t\t\t<span>Tobias Moschner<\/span>\n\t\t\t<span class=\"font-weight-normal\">CEO<\/span>\n\t\t<\/h3>\n\t<\/div>\n<\/div>\n<div class=\"row pflege-row-3\">\n\t<div class=\"col-lg-6 col-bg p-0\">\n\t\t<div style=\"background-image: url('\/wp-content\/uploads\/sites\/22\/2021\/07\/b0d9f11bf5b56d1934380bebd04e3f69.png');\"><\/div>\n\t<\/div>\n\t<div class=\"col-lg-6\">\n\t\t<h2 class=\"font-weight-bold\">WICHTIG!<\/h2>\n\t\t<p class=\"text-left\">\n\t\t\t Vor dem Wiederverlegen muss die Teppichfliese vollst\u00e4ndig trocknen. Heizk\u00f6rper oder andere k\u00fcnstliche W\u00e4rmequellen eignen ausdr\u00fccklich nicht zum Trocknen, denn diese k\u00f6nnen die Fliese besch\u00e4digen und ihre Lebensdauer verk\u00fcrzen. Ist die SCHATEX\u00ae-Textilfliese wieder vollst\u00e4ndig getrocknet, k\u00f6nnen Sie diese problemlos wieder in den Boden einf\u00fcgen. Achten Sie dabei bitte auf die Verlegerichtung (N\u00e4heres s. Verlegeanleitung).\n\t\t<\/p>\n\t<\/div>\n\t<div class=\"col-lg-6\">\n\t\t\n\t\t<p class=\"text-left text-primary\">\n\t\t\tSollten Sie noch weitere Fragen zur Pflege und Reinigung unserer Produkte haben rufen Sie uns einfach unter untenstehender Telefonnummer an oder schreiben Sie uns eine E-Mail. Unser kompetentes Serviceteam steht Ihnen mit Rat und Tat zur Seite.\n\t\t<\/p>\n\t<\/div>\n\t<div class=\"col-lg-6 col-bg p-0\">\n\t\t<div style=\"background-image: url('\/wp-content\/uploads\/sites\/22\/2021\/07\/b0d9f11bf5b56d1934380bebd04e3f69-1.png');\"><\/div>\n\t<\/div>\n<\/div>\n<div class=\"row pr-details-row-4 produktion-quote-2 parallax\" style=\"background-image: url('\/wp-content\/uploads\/sites\/22\/2021\/06\/Zitat-b.jpg');\">\n\t<div class=\"col\">\n\t\t<h3>\u201e Top Qualit\u00e4t, einfache Verarbeitung &amp; eine riesen Auswahl an satten Farben. Einfaches austauschen erm\u00f6glicht eine einfache Reinigung und Pflege. \u201c\n\t\t\t<span>Tobias Moschner<\/span>\n\t\t\t<span class=\"font-weight-normal\">CEO<\/span>\n\t\t<\/h3>\n\t<\/div>\n<\/div>\n<\/div>\n\n\n\n<p><\/p>\n","protected":false},"excerpt":{"rendered":"<p>SCHATEX\u00ae &#8211; Pflegeanleitung So pflegen Sie unsere Teppichfliesen richtig! Alle Ansehen &#x25BC; So pflegen Sie Ihre Schatex Produkte Unser stetig wachsendes Produktsortiment orientiert sich an den Bed\u00fcrfnissen unserer Kunden. SCHATEX, das sind Teppichfliesen sowohl f\u00fcr den stark beanspruchten Objektbereich als auch f\u00fcr den privaten Wohnbereich.. Ruck Zuck Sauber wir freuen uns, dass Sie sich f\u00fcr &#8230; <a title=\"Pflegeanleitung\" class=\"read-more\" href=\"https:\/\/www.amolock.com\/fr\/pflegeanleitung\/\" aria-label=\"Read more about Pflegeanleitung\">Read more<\/a><\/p>\n","protected":false},"author":1,"featured_media":0,"parent":0,"menu_order":0,"comment_status":"closed","ping_status":"closed","template":"","meta":{"footnotes":""},"yoast_head":"<!-- This site is optimized with the Yoast SEO plugin v22.6 - https:\/\/yoast.com\/wordpress\/plugins\/seo\/ -->\n<title>Pflegeanleitung f\u00fcr Teppichfliesen | SCHATEX\u00ae \u2013 Die Marke f\u00fcr Teppichfliesen<\/title>\n<meta name=\"description\" content=\"Teppichfliesen richtig verlegen | SCHATEX\u00ae - Die Marke f\u00fcr Teppichfliesen | Lesen Sie hier unsere Verlegehinweise!\" \/>\n<meta name=\"robots\" content=\"index, follow, max-snippet:-1, max-image-preview:large, max-video-preview:-1\" \/>\n<link rel=\"canonical\" href=\"https:\/\/www.amolock.com\/fr\/pflegeanleitung\/\" \/>\n<meta property=\"og:locale\" content=\"en_US\" \/>\n<meta property=\"og:type\" content=\"article\" \/>\n<meta property=\"og:title\" content=\"Pflegeanleitung f\u00fcr Teppichfliesen | SCHATEX\u00ae \u2013 Die Marke f\u00fcr Teppichfliesen\" \/>\n<meta property=\"og:description\" content=\"Teppichfliesen richtig verlegen | SCHATEX\u00ae - Die Marke f\u00fcr Teppichfliesen | Lesen Sie hier unsere Verlegehinweise!\" \/>\n<meta property=\"og:url\" content=\"https:\/\/www.amolock.com\/fr\/pflegeanleitung\/\" \/>\n<meta property=\"og:site_name\" content=\"AMOLOCK\u00ae | FR\" \/>\n<meta property=\"article:modified_time\" content=\"2021-09-16T22:34:46+00:00\" \/>\n<meta name=\"twitter:card\" content=\"summary_large_image\" \/>\n<meta name=\"twitter:label1\" content=\"Est. reading time\" \/>\n\t<meta name=\"twitter:data1\" content=\"2 minutes\" \/>\n<script type=\"application\/ld+json\" class=\"yoast-schema-graph\">{\"@context\":\"https:\/\/schema.org\",\"@graph\":[{\"@type\":\"WebPage\",\"@id\":\"https:\/\/www.amolock.com\/fr\/pflegeanleitung\/\",\"url\":\"https:\/\/www.amolock.com\/fr\/pflegeanleitung\/\",\"name\":\"Pflegeanleitung f\u00fcr Teppichfliesen | SCHATEX\u00ae \u2013 Die Marke f\u00fcr Teppichfliesen\",\"isPartOf\":{\"@id\":\"https:\/\/www.amolock.com\/fr\/#website\"},\"datePublished\":\"2020-05-18T21:20:01+00:00\",\"dateModified\":\"2021-09-16T22:34:46+00:00\",\"description\":\"Teppichfliesen richtig verlegen | SCHATEX\u00ae - Die Marke f\u00fcr Teppichfliesen | Lesen Sie hier unsere Verlegehinweise!\",\"breadcrumb\":{\"@id\":\"https:\/\/www.amolock.com\/fr\/pflegeanleitung\/#breadcrumb\"},\"inLanguage\":\"en-US\",\"potentialAction\":[{\"@type\":\"ReadAction\",\"target\":[\"https:\/\/www.amolock.com\/fr\/pflegeanleitung\/\"]}]},{\"@type\":\"BreadcrumbList\",\"@id\":\"https:\/\/www.amolock.com\/fr\/pflegeanleitung\/#breadcrumb\",\"itemListElement\":[{\"@type\":\"ListItem\",\"position\":1,\"name\":\"Home\",\"item\":\"https:\/\/www.amolock.com\/fr\/\"},{\"@type\":\"ListItem\",\"position\":2,\"name\":\"Pflegeanleitung\"}]},{\"@type\":\"WebSite\",\"@id\":\"https:\/\/www.amolock.com\/fr\/#website\",\"url\":\"https:\/\/www.amolock.com\/fr\/\",\"name\":\"AMOLOCK\u00ae | FR\",\"description\":\"Teppichfliesen f\u00fcr Wohnen &amp; Gewerbe\",\"publisher\":{\"@id\":\"https:\/\/www.amolock.com\/fr\/#organization\"},\"potentialAction\":[{\"@type\":\"SearchAction\",\"target\":{\"@type\":\"EntryPoint\",\"urlTemplate\":\"https:\/\/www.amolock.com\/fr\/?s={search_term_string}\"},\"query-input\":\"required name=search_term_string\"}],\"inLanguage\":\"en-US\"},{\"@type\":\"Organization\",\"@id\":\"https:\/\/www.amolock.com\/fr\/#organization\",\"name\":\"SCHATEX\",\"url\":\"https:\/\/www.amolock.com\/fr\/\",\"logo\":{\"@type\":\"ImageObject\",\"inLanguage\":\"en-US\",\"@id\":\"https:\/\/www.amolock.com\/fr\/#\/schema\/logo\/image\/\",\"url\":\"https:\/\/schatex.com\/wp-content\/uploads\/sites\/22\/2020\/05\/cropped-logo.png\",\"contentUrl\":\"https:\/\/schatex.com\/wp-content\/uploads\/sites\/22\/2020\/05\/cropped-logo.png\",\"width\":476,\"height\":112,\"caption\":\"SCHATEX\"},\"image\":{\"@id\":\"https:\/\/www.amolock.com\/fr\/#\/schema\/logo\/image\/\"}}]}<\/script>\n<!-- \/ Yoast SEO plugin. -->","yoast_head_json":{"title":"Pflegeanleitung f\u00fcr Teppichfliesen | SCHATEX\u00ae \u2013 Die Marke f\u00fcr Teppichfliesen","description":"Teppichfliesen richtig verlegen | SCHATEX\u00ae - Die Marke f\u00fcr Teppichfliesen | Lesen Sie hier unsere Verlegehinweise!","robots":{"index":"index","follow":"follow","max-snippet":"max-snippet:-1","max-image-preview":"max-image-preview:large","max-video-preview":"max-video-preview:-1"},"canonical":"https:\/\/www.amolock.com\/fr\/pflegeanleitung\/","og_locale":"en_US","og_type":"article","og_title":"Pflegeanleitung f\u00fcr Teppichfliesen | SCHATEX\u00ae \u2013 Die Marke f\u00fcr Teppichfliesen","og_description":"Teppichfliesen richtig verlegen | SCHATEX\u00ae - Die Marke f\u00fcr Teppichfliesen | Lesen Sie hier unsere Verlegehinweise!","og_url":"https:\/\/www.amolock.com\/fr\/pflegeanleitung\/","og_site_name":"AMOLOCK\u00ae | FR","article_modified_time":"2021-09-16T22:34:46+00:00","twitter_card":"summary_large_image","twitter_misc":{"Est. reading time":"2 minutes"},"schema":{"@context":"https:\/\/schema.org","@graph":[{"@type":"WebPage","@id":"https:\/\/www.amolock.com\/fr\/pflegeanleitung\/","url":"https:\/\/www.amolock.com\/fr\/pflegeanleitung\/","name":"Pflegeanleitung f\u00fcr Teppichfliesen | SCHATEX\u00ae \u2013 Die Marke f\u00fcr Teppichfliesen","isPartOf":{"@id":"https:\/\/www.amolock.com\/fr\/#website"},"datePublished":"2020-05-18T21:20:01+00:00","dateModified":"2021-09-16T22:34:46+00:00","description":"Teppichfliesen richtig verlegen | SCHATEX\u00ae - Die Marke f\u00fcr Teppichfliesen | Lesen Sie hier unsere Verlegehinweise!","breadcrumb":{"@id":"https:\/\/www.amolock.com\/fr\/pflegeanleitung\/#breadcrumb"},"inLanguage":"en-US","potentialAction":[{"@type":"ReadAction","target":["https:\/\/www.amolock.com\/fr\/pflegeanleitung\/"]}]},{"@type":"BreadcrumbList","@id":"https:\/\/www.amolock.com\/fr\/pflegeanleitung\/#breadcrumb","itemListElement":[{"@type":"ListItem","position":1,"name":"Home","item":"https:\/\/www.amolock.com\/fr\/"},{"@type":"ListItem","position":2,"name":"Pflegeanleitung"}]},{"@type":"WebSite","@id":"https:\/\/www.amolock.com\/fr\/#website","url":"https:\/\/www.amolock.com\/fr\/","name":"AMOLOCK\u00ae | FR","description":"Teppichfliesen f\u00fcr Wohnen &amp; Gewerbe","publisher":{"@id":"https:\/\/www.amolock.com\/fr\/#organization"},"potentialAction":[{"@type":"SearchAction","target":{"@type":"EntryPoint","urlTemplate":"https:\/\/www.amolock.com\/fr\/?s={search_term_string}"},"query-input":"required name=search_term_string"}],"inLanguage":"en-US"},{"@type":"Organization","@id":"https:\/\/www.amolock.com\/fr\/#organization","name":"SCHATEX","url":"https:\/\/www.amolock.com\/fr\/","logo":{"@type":"ImageObject","inLanguage":"en-US","@id":"https:\/\/www.amolock.com\/fr\/#\/schema\/logo\/image\/","url":"https:\/\/schatex.com\/wp-content\/uploads\/sites\/22\/2020\/05\/cropped-logo.png","contentUrl":"https:\/\/schatex.com\/wp-content\/uploads\/sites\/22\/2020\/05\/cropped-logo.png","width":476,"height":112,"caption":"SCHATEX"},"image":{"@id":"https:\/\/www.amolock.com\/fr\/#\/schema\/logo\/image\/"}}]}},"_links":{"self":[{"href":"https:\/\/www.amolock.com\/fr\/wp-json\/wp\/v2\/pages\/955"}],"collection":[{"href":"https:\/\/www.amolock.com\/fr\/wp-json\/wp\/v2\/pages"}],"about":[{"href":"https:\/\/www.amolock.com\/fr\/wp-json\/wp\/v2\/types\/page"}],"author":[{"embeddable":true,"href":"https:\/\/www.amolock.com\/fr\/wp-json\/wp\/v2\/users\/1"}],"replies":[{"embeddable":true,"href":"https:\/\/www.amolock.com\/fr\/wp-json\/wp\/v2\/comments?post=955"}],"version-history":[{"count":50,"href":"https:\/\/www.amolock.com\/fr\/wp-json\/wp\/v2\/pages\/955\/revisions"}],"predecessor-version":[{"id":8775,"href":"https:\/\/www.amolock.com\/fr\/wp-json\/wp\/v2\/pages\/955\/revisions\/8775"}],"wp:attachment":[{"href":"https:\/\/www.amolock.com\/fr\/wp-json\/wp\/v2\/media?parent=955"}],"curies":[{"name":"wp","href":"https:\/\/api.w.org\/{rel}","templated":true}]}}