{"id":951,"date":"2020-05-18T23:18:13","date_gmt":"2020-05-18T21:18:13","guid":{"rendered":"http:\/\/dev.schatex.com\/?page_id=951"},"modified":"2021-09-29T01:52:46","modified_gmt":"2021-09-28T23:52:46","slug":"downloads","status":"publish","type":"page","link":"https:\/\/www.amolock.com\/fr\/downloads\/","title":{"rendered":"Downloads"},"content":{"rendered":"\n<div class=\"header-cover parallax\" style=\"background-image: url('\/wp-content\/uploads\/sites\/22\/2021\/01\/Downloads-header.jpg'); background-size: cover; background-position: center;\">\n\t<div class=\"teppichfliesen-header\">\n\t\t<h1>AMOLOCK<sup>\u00ae<\/sup> -T\u00e9l\u00e9chargements<\/h1>\n\t\t<span>Remarques sur la pose | Entretien &#038; nettoyage | CE-certificats |Technical data sheets<\/span>\n\t<\/div>\n\t<div class=\"teppichfliesen-subheader\"> <a href=\"#topProdukte\"> Alle Ansehen <\/br> &#x25BC; <\/a> <\/div>\n<\/div>\n\n\n\n<div class=\"container-fluid\">\n\t <div class=\"row home-row-1 fliesen-row-1 under-header-row\">\n\t <div class=\"col-md-6 text-center\">\n          <img decoding=\"async\" style=\"width:100%;height:auto;padding-top:7%;\" src=\"\/wp-content\/uploads\/sites\/22\/2021\/08\/Gruppe-828@2x.png\">\n\t  <\/div>\n\t\t<div class=\"col-md-6\" style=\"padding:5px 30px;\">\n\t\t\t<h3 class=\"text-uppercase font-weight-bold\">Chez AMOLOCK, le service est une priorit\u00e9 absolue<\/h3>\n\t\t\t<p class=\"text-left\">\nNous nous ferons un plaisir de r\u00e9pondre \u00e0 vos questions sur notre gamme de produits, notre installation et nos donn\u00e9es techniques via notre formulaire de contact. Vous pouvez nous joindre par t\u00e9l\u00e9phone au num\u00e9ro suivantr:<br>\n<strong>0202 \u2013 27 02 58 23<\/strong><\/p>\n\t\t\t<a class=\"btn font-weight-bold pl-0\" href=\"kontakt\" style=\"color:#7DB5A7\"><u>formulaire de contact <\/u> <b class=\"fa fa-caret-right ml-2 d-none\"><\/b><\/a>\n\t\t<\/div>\n\t<\/div>\n         <br>\n      <div class=\"container-fluid\">\n        <p class=\"menu-name\"><strong>Verlegehinweise<\/strong> <\/p>\n      <\/div>\n    <div class=\"row care-menu \">\n        <div class=\"col-md-4\">\n             <div class=\"download-box\">\n             <div class=\"icon_down\">\n              <img decoding=\"async\" src=\"\/wp-content\/uploads\/sites\/22\/2021\/07\/Download-File-2.png\" class=\"\" alt=\"download\"> \n             <\/div>\n                 <p class=\"download-txt\">Amolock Grand, First Eco &#038; First Design Eco <\/p>\n             <\/div>\n         <\/div>\n <div class=\"col-md-4\">\n             <div class=\"download-box\">\n             <div class=\"icon_down\">\n              <img decoding=\"async\" src=\"\/wp-content\/uploads\/sites\/22\/2021\/07\/Download-File-2.png\" class=\"\" alt=\"download\"> \n             <\/div>\n                 <p class=\"download-txt\">Amolock Easy Classic, Easy Design &#038; Easy Wood <\/p>\n             <\/div>\n         <\/div>\n <div class=\"col-md-4\">\n             <div class=\"download-box\">\n             <div class=\"icon_down\">\n              <img decoding=\"async\" src=\"\/wp-content\/uploads\/sites\/22\/2021\/07\/Download-File-2.png\" class=\"\" alt=\"download\"> \n             <\/div>\n                 <p class=\"download-txt\">Amolock Pro, Xtreme, Slate &#038; Luxury <\/p>\n             <\/div>\n         <\/div>\n     <\/div> \n    <br>\n <br>\n      <div class=\"container-fluid\">\n        <p class=\"menu-name\"><strong>Pflegehinweise<\/strong> <\/p>\n      <\/div>\n    <div class=\"row care-menu \">\n        <div class=\"col-md-4\">\n             <div class=\"download-box\">\n             <div class=\"icon_down\">\n              <img decoding=\"async\" src=\"\/wp-content\/uploads\/sites\/22\/2021\/07\/Download-File-2.png\" class=\"\" alt=\"download\"> \n             <\/div>\n                 <p class=\"download-txt\">Amolock Grand, First Eco &#038; First Design Eco <\/p>\n             <\/div>\n         <\/div>\n <div class=\"col-md-4\">\n             <div class=\"download-box\">\n             <div class=\"icon_down\">\n              <img decoding=\"async\" src=\"\/wp-content\/uploads\/sites\/22\/2021\/07\/Download-File-2.png\" class=\"\" alt=\"download\"> \n             <\/div>\n                 <p class=\"download-txt\">Amolock Easy Classic, Easy Design &#038; Easy Wood <\/p>\n             <\/div>\n         <\/div>\n <div class=\"col-md-4\">\n             <div class=\"download-box\">\n             <div class=\"icon_down\">\n              <img decoding=\"async\" src=\"\/wp-content\/uploads\/sites\/22\/2021\/07\/Download-File-2.png\" class=\"\" alt=\"download\"> \n             <\/div>\n                 <p class=\"download-txt\">Amolock Pro, Xtreme, Slate &#038; Luxury \n<\/p>\n             <\/div>\n         <\/div>\n\n     <\/div> \n    <br>\n  <div class=\"row\">\n    <p class=\"menu-name\"> <strong>CE-Zertifikate<\/strong><\/p>\n    <\/div>\n        <div class=\"row care-menu \">\n        <div class=\"col-md-4\">\n             <div class=\"download-box\">\n             <div class=\"icon_down\">\n              <img decoding=\"async\" src=\"\/wp-content\/uploads\/sites\/22\/2021\/07\/Download-File-2.png\" class=\"\" alt=\"download\"> \n             <\/div>\n                 <p class=\"download-txt\">Amolock Grand, First Eco &#038; First Design Eco <\/p>\n             <\/div>\n         <\/div>\n <div class=\"col-md-4\">\n             <div class=\"download-box\">\n             <div class=\"icon_down\">\n              <img decoding=\"async\" src=\"\/wp-content\/uploads\/sites\/22\/2021\/07\/Download-File-2.png\" class=\"\" alt=\"download\"> \n             <\/div>\n                 <p class=\"download-txt\">Amolock Easy Classic, Easy Design &#038; Easy Wood <\/p>\n             <\/div>\n         <\/div>\n <div class=\"col-md-4\">\n             <div class=\"download-box\">\n             <div class=\"icon_down\">\n              <img decoding=\"async\" src=\"\/wp-content\/uploads\/sites\/22\/2021\/07\/Download-File-2.png\" class=\"\" alt=\"download\"> \n             <\/div>\n                 <p class=\"download-txt\">Amolock Pro, Xtreme, Slate &#038; Luxury <\/p>\n             <\/div>\n         <\/div>\n\n     <\/div> \n     \n\t<div class=\"row downloads-row-2 px-4\" id=\"topProdukte\">\n\t\t<div class=\"col-md-12 mt-4\">\n\t\t\t<h3 class=\"text-uppercase\">Technische Datenbl\u00e4tter<\/h3>\n\t\t<\/div>\n\t\t<div class=\"col-md-3 mb-4\">\n\t\t\t<a href=\"#\"><img decoding=\"async\" src=\"\/wp-content\/uploads\/sites\/22\/2021\/08\/Downloads-Grand.jpg\"><\/a>\n\t\t\t<a class=\"btn btn-light font-weight-bold shadow \" href=\"#\"><img decoding=\"async\" src=\"\/wp-content\/uploads\/sites\/22\/2021\/07\/Download-File-2.png\"> Grand<\/a>\n\t\t<\/div>\n\t\t<div class=\"col-md-3 mb-4\">\n\t\t\t<a href=\"#\"><img decoding=\"async\" src=\"\/wp-content\/uploads\/sites\/22\/2021\/08\/Pro-Exclusive.jpg\"><\/a>\n\t\t\t<a class=\"btn btn-light font-weight-bold shadow \" href=\"#\"><img decoding=\"async\" src=\"\/wp-content\/uploads\/sites\/22\/2021\/07\/Download-File-2.png\">Pro Exclusive<\/a>\n\t\t<\/div>\n\t\t<div class=\"col-md-3 mb-4\">\n\t\t\t<a href=\"#\"><img decoding=\"async\" src=\"\/wp-content\/uploads\/sites\/22\/2021\/08\/Downloads-Xtreme-Industrial.jpg\"><\/a>\n\t\t\t<a class=\"btn btn-light font-weight-bold shadow \" href=\"#\"><img decoding=\"async\" src=\"\/wp-content\/uploads\/sites\/22\/2021\/07\/Download-File-2.png\"> Xtreme Industrial<\/a>\n\t\t<\/div>\n\t\t<div class=\"col-md-3 mb-4\">\n\t\t\t<a href=\"#\"><img decoding=\"async\" src=\"\/wp-content\/uploads\/sites\/22\/2021\/08\/Downloads-Xtreme-Exclusive.jpg\"><\/a>\n\t\t\t<a class=\"btn btn-light font-weight-bold shadow \" href=\"#\"><img decoding=\"async\" src=\"\/wp-content\/uploads\/sites\/22\/2021\/07\/Download-File-2.png\"> Xtreme Exclusive<\/a>\n\t\t<\/div>\n\t\t<div class=\"col-md-3 mb-4\">\n\t\t\t<a href=\"#\"><img decoding=\"async\" src=\"\/wp-content\/uploads\/sites\/22\/2021\/08\/Downloads-Xtreme-Elegant.jpg\"><\/a>\n\t\t\t<a class=\"btn btn-light font-weight-bold shadow \" href=\"#\"><img decoding=\"async\" src=\"\/wp-content\/uploads\/sites\/22\/2021\/07\/Download-File-2.png\"> Xtreme Elegant<\/a>\n\t\t<\/div>\n\t\t<div class=\"col-md-3 mb-4\">\n\t\t\t<a href=\"#\"><img decoding=\"async\" src=\"\/wp-content\/uploads\/sites\/22\/2021\/08\/Downloads-Slate-Deluxe.jpg\"><\/a>\n\t\t\t<a class=\"btn btn-light font-weight-bold shadow \" href=\"#\"><img decoding=\"async\" src=\"\/wp-content\/uploads\/sites\/22\/2021\/07\/Download-File-2.png\"> Slate Deluxe<\/a>\n\t\t<\/div>\n\t\t<div class=\"col-md-3 mb-4\">\n\t\t\t<a href=\"#\"><img decoding=\"async\" src=\"\/wp-content\/uploads\/sites\/22\/2021\/08\/Downloads-Pro-Industrial.jpg\"><\/a>\n\t\t\t<a class=\"btn btn-light font-weight-bold shadow \" href=\"#\"><img decoding=\"async\" src=\"\/wp-content\/uploads\/sites\/22\/2021\/07\/Download-File-2.png\"> Pro Industrial<\/a>\n\t\t<\/div>\n\t\t<div class=\"col-md-3 mb-4\">\n\t\t\t<a href=\"#\"><img decoding=\"async\" src=\"\/wp-content\/uploads\/sites\/22\/2021\/08\/Downloads-Xtreme-Classic.jpg\"><\/a>\n\t\t\t<a class=\"btn btn-light font-weight-bold shadow \" href=\"#\"><img decoding=\"async\" src=\"\/wp-content\/uploads\/sites\/22\/2021\/07\/Download-File-2.png\">Xtreme Classic<\/a>\n\t\t<\/div>\n\t\t<div class=\"col-md-3 mb-4\">\n\t\t\t<a href=\"#\"><img decoding=\"async\" src=\"\/wp-content\/uploads\/sites\/22\/2021\/08\/Downloads-Pro-Classic.jpg\"><\/a>\n\t\t\t<a class=\"btn btn-light font-weight-bold shadow \" href=\"#\"><img decoding=\"async\" src=\"\/wp-content\/uploads\/sites\/22\/2021\/07\/Download-File-2.png\"> Pro Classic<\/a>\n\t\t<\/div>\n\t\t<div class=\"col-md-3 mb-4\">\n\t\t\t<a href=\"#\"><img decoding=\"async\" src=\"\/wp-content\/uploads\/sites\/22\/2021\/08\/Downloads-Pro-Elegant.jpg\"><\/a>\n\t\t\t<a class=\"btn btn-light font-weight-bold shadow \" href=\"#\"><img decoding=\"async\" src=\"\/wp-content\/uploads\/sites\/22\/2021\/07\/Download-File-2.png\">Pro Elegant<\/a>\n\t\t<\/div>\n\t\t<div class=\"col-md-3 mb-4\">\n\t\t\t<a href=\"#\"><img decoding=\"async\" src=\"https:\/\/amolock.dev.schatex.com\/fr\/wp-content\/uploads\/sites\/22\/2021\/08\/Downloads-Luxury.jpg\"><\/a>\n\t\t\t<a class=\"btn btn-light font-weight-bold shadow \" href=\"#\"><img decoding=\"async\" src=\"\/wp-content\/uploads\/sites\/22\/2021\/07\/Download-File-2.png\">Luxury<\/a>\n\t\t<\/div>\n\t\t<div class=\"col-md-3 mb-4\">\n\t\t\t<a href=\"#\"><img decoding=\"async\" src=\"\/wp-content\/uploads\/sites\/22\/2021\/08\/Downloads-First-Eco.jpg\"><\/a>\n\t\t\t<a class=\"btn btn-light font-weight-bold shadow \" href=\"#\"><img decoding=\"async\" src=\"\/wp-content\/uploads\/sites\/22\/2021\/07\/Download-File-2.png\">First Eco<\/a>\n\t\t<\/div>\n\t\t\n\t\t\n\t\t\n\t<\/div>\n<\/div>\n","protected":false},"excerpt":{"rendered":"<p>AMOLOCK\u00ae -T\u00e9l\u00e9chargements Remarques sur la pose | Entretien &#038; nettoyage | CE-certificats |Technical data sheets Alle Ansehen &#x25BC; Chez AMOLOCK, le service est une priorit\u00e9 absolue Nous nous ferons un plaisir de r\u00e9pondre \u00e0 vos questions sur notre gamme de produits, notre installation et nos donn\u00e9es techniques via notre formulaire de contact. Vous pouvez nous &#8230; <a title=\"Downloads\" class=\"read-more\" href=\"https:\/\/www.amolock.com\/fr\/downloads\/\" aria-label=\"Read more about Downloads\">Read more<\/a><\/p>\n","protected":false},"author":1,"featured_media":0,"parent":0,"menu_order":0,"comment_status":"closed","ping_status":"closed","template":"","meta":{"footnotes":""},"yoast_head":"<!-- This site is optimized with the Yoast SEO plugin v22.6 - https:\/\/yoast.com\/wordpress\/plugins\/seo\/ -->\n<title>SCHATEX\u00ae Downloads | Teppichfliesen f\u00fcr Wohnen &amp; Gewerbe<\/title>\n<meta name=\"description\" content=\"Downloads f\u00fcr SCHATEX\u00ae-Teppichfliesen | Die Marke f\u00fcr Teppichfliesen | Entdecken Sie Top-Produkte f\u00fcr Wohnen &amp; Gewerbe!\" \/>\n<meta name=\"robots\" content=\"index, follow, max-snippet:-1, max-image-preview:large, max-video-preview:-1\" \/>\n<link rel=\"canonical\" href=\"https:\/\/www.amolock.com\/fr\/downloads\/\" \/>\n<meta property=\"og:locale\" content=\"en_US\" \/>\n<meta property=\"og:type\" content=\"article\" \/>\n<meta property=\"og:title\" content=\"SCHATEX\u00ae Downloads | Teppichfliesen f\u00fcr Wohnen &amp; Gewerbe\" \/>\n<meta property=\"og:description\" content=\"Downloads f\u00fcr SCHATEX\u00ae-Teppichfliesen | Die Marke f\u00fcr Teppichfliesen | Entdecken Sie Top-Produkte f\u00fcr Wohnen &amp; Gewerbe!\" \/>\n<meta property=\"og:url\" content=\"https:\/\/www.amolock.com\/fr\/downloads\/\" \/>\n<meta property=\"og:site_name\" content=\"AMOLOCK\u00ae | FR\" \/>\n<meta property=\"article:modified_time\" content=\"2021-09-28T23:52:46+00:00\" \/>\n<meta property=\"og:image\" content=\"https:\/\/amolock.dev.schatex.com\/fr\/wp-content\/uploads\/sites\/22\/2021\/08\/Downloads-Luxury.jpg\" \/>\n<meta name=\"twitter:card\" content=\"summary_large_image\" \/>\n<meta name=\"twitter:label1\" content=\"Est. reading time\" \/>\n\t<meta name=\"twitter:data1\" content=\"8 minutes\" \/>\n<script type=\"application\/ld+json\" class=\"yoast-schema-graph\">{\"@context\":\"https:\/\/schema.org\",\"@graph\":[{\"@type\":\"WebPage\",\"@id\":\"https:\/\/www.amolock.com\/fr\/downloads\/\",\"url\":\"https:\/\/www.amolock.com\/fr\/downloads\/\",\"name\":\"SCHATEX\u00ae Downloads | Teppichfliesen f\u00fcr Wohnen & Gewerbe\",\"isPartOf\":{\"@id\":\"https:\/\/www.amolock.com\/fr\/#website\"},\"primaryImageOfPage\":{\"@id\":\"https:\/\/www.amolock.com\/fr\/downloads\/#primaryimage\"},\"image\":{\"@id\":\"https:\/\/www.amolock.com\/fr\/downloads\/#primaryimage\"},\"thumbnailUrl\":\"https:\/\/amolock.dev.schatex.com\/fr\/wp-content\/uploads\/sites\/22\/2021\/08\/Downloads-Luxury.jpg\",\"datePublished\":\"2020-05-18T21:18:13+00:00\",\"dateModified\":\"2021-09-28T23:52:46+00:00\",\"description\":\"Downloads f\u00fcr SCHATEX\u00ae-Teppichfliesen | Die Marke f\u00fcr Teppichfliesen | Entdecken Sie Top-Produkte f\u00fcr Wohnen & Gewerbe!\",\"breadcrumb\":{\"@id\":\"https:\/\/www.amolock.com\/fr\/downloads\/#breadcrumb\"},\"inLanguage\":\"en-US\",\"potentialAction\":[{\"@type\":\"ReadAction\",\"target\":[\"https:\/\/www.amolock.com\/fr\/downloads\/\"]}]},{\"@type\":\"ImageObject\",\"inLanguage\":\"en-US\",\"@id\":\"https:\/\/www.amolock.com\/fr\/downloads\/#primaryimage\",\"url\":\"https:\/\/amolock.dev.schatex.com\/fr\/wp-content\/uploads\/sites\/22\/2021\/08\/Downloads-Luxury.jpg\",\"contentUrl\":\"https:\/\/amolock.dev.schatex.com\/fr\/wp-content\/uploads\/sites\/22\/2021\/08\/Downloads-Luxury.jpg\"},{\"@type\":\"BreadcrumbList\",\"@id\":\"https:\/\/www.amolock.com\/fr\/downloads\/#breadcrumb\",\"itemListElement\":[{\"@type\":\"ListItem\",\"position\":1,\"name\":\"Home\",\"item\":\"https:\/\/www.amolock.com\/fr\/\"},{\"@type\":\"ListItem\",\"position\":2,\"name\":\"Downloads\"}]},{\"@type\":\"WebSite\",\"@id\":\"https:\/\/www.amolock.com\/fr\/#website\",\"url\":\"https:\/\/www.amolock.com\/fr\/\",\"name\":\"AMOLOCK\u00ae | FR\",\"description\":\"Teppichfliesen f\u00fcr Wohnen &amp; Gewerbe\",\"publisher\":{\"@id\":\"https:\/\/www.amolock.com\/fr\/#organization\"},\"potentialAction\":[{\"@type\":\"SearchAction\",\"target\":{\"@type\":\"EntryPoint\",\"urlTemplate\":\"https:\/\/www.amolock.com\/fr\/?s={search_term_string}\"},\"query-input\":\"required name=search_term_string\"}],\"inLanguage\":\"en-US\"},{\"@type\":\"Organization\",\"@id\":\"https:\/\/www.amolock.com\/fr\/#organization\",\"name\":\"SCHATEX\",\"url\":\"https:\/\/www.amolock.com\/fr\/\",\"logo\":{\"@type\":\"ImageObject\",\"inLanguage\":\"en-US\",\"@id\":\"https:\/\/www.amolock.com\/fr\/#\/schema\/logo\/image\/\",\"url\":\"https:\/\/schatex.com\/wp-content\/uploads\/sites\/22\/2020\/05\/cropped-logo.png\",\"contentUrl\":\"https:\/\/schatex.com\/wp-content\/uploads\/sites\/22\/2020\/05\/cropped-logo.png\",\"width\":476,\"height\":112,\"caption\":\"SCHATEX\"},\"image\":{\"@id\":\"https:\/\/www.amolock.com\/fr\/#\/schema\/logo\/image\/\"}}]}<\/script>\n<!-- \/ Yoast SEO plugin. -->","yoast_head_json":{"title":"SCHATEX\u00ae Downloads | Teppichfliesen f\u00fcr Wohnen & Gewerbe","description":"Downloads f\u00fcr SCHATEX\u00ae-Teppichfliesen | Die Marke f\u00fcr Teppichfliesen | Entdecken Sie Top-Produkte f\u00fcr Wohnen & Gewerbe!","robots":{"index":"index","follow":"follow","max-snippet":"max-snippet:-1","max-image-preview":"max-image-preview:large","max-video-preview":"max-video-preview:-1"},"canonical":"https:\/\/www.amolock.com\/fr\/downloads\/","og_locale":"en_US","og_type":"article","og_title":"SCHATEX\u00ae Downloads | Teppichfliesen f\u00fcr Wohnen & Gewerbe","og_description":"Downloads f\u00fcr SCHATEX\u00ae-Teppichfliesen | Die Marke f\u00fcr Teppichfliesen | Entdecken Sie Top-Produkte f\u00fcr Wohnen & Gewerbe!","og_url":"https:\/\/www.amolock.com\/fr\/downloads\/","og_site_name":"AMOLOCK\u00ae | FR","article_modified_time":"2021-09-28T23:52:46+00:00","og_image":[{"url":"https:\/\/amolock.dev.schatex.com\/fr\/wp-content\/uploads\/sites\/22\/2021\/08\/Downloads-Luxury.jpg"}],"twitter_card":"summary_large_image","twitter_misc":{"Est. reading time":"8 minutes"},"schema":{"@context":"https:\/\/schema.org","@graph":[{"@type":"WebPage","@id":"https:\/\/www.amolock.com\/fr\/downloads\/","url":"https:\/\/www.amolock.com\/fr\/downloads\/","name":"SCHATEX\u00ae Downloads | Teppichfliesen f\u00fcr Wohnen & Gewerbe","isPartOf":{"@id":"https:\/\/www.amolock.com\/fr\/#website"},"primaryImageOfPage":{"@id":"https:\/\/www.amolock.com\/fr\/downloads\/#primaryimage"},"image":{"@id":"https:\/\/www.amolock.com\/fr\/downloads\/#primaryimage"},"thumbnailUrl":"https:\/\/amolock.dev.schatex.com\/fr\/wp-content\/uploads\/sites\/22\/2021\/08\/Downloads-Luxury.jpg","datePublished":"2020-05-18T21:18:13+00:00","dateModified":"2021-09-28T23:52:46+00:00","description":"Downloads f\u00fcr SCHATEX\u00ae-Teppichfliesen | Die Marke f\u00fcr Teppichfliesen | Entdecken Sie Top-Produkte f\u00fcr Wohnen & Gewerbe!","breadcrumb":{"@id":"https:\/\/www.amolock.com\/fr\/downloads\/#breadcrumb"},"inLanguage":"en-US","potentialAction":[{"@type":"ReadAction","target":["https:\/\/www.amolock.com\/fr\/downloads\/"]}]},{"@type":"ImageObject","inLanguage":"en-US","@id":"https:\/\/www.amolock.com\/fr\/downloads\/#primaryimage","url":"https:\/\/amolock.dev.schatex.com\/fr\/wp-content\/uploads\/sites\/22\/2021\/08\/Downloads-Luxury.jpg","contentUrl":"https:\/\/amolock.dev.schatex.com\/fr\/wp-content\/uploads\/sites\/22\/2021\/08\/Downloads-Luxury.jpg"},{"@type":"BreadcrumbList","@id":"https:\/\/www.amolock.com\/fr\/downloads\/#breadcrumb","itemListElement":[{"@type":"ListItem","position":1,"name":"Home","item":"https:\/\/www.amolock.com\/fr\/"},{"@type":"ListItem","position":2,"name":"Downloads"}]},{"@type":"WebSite","@id":"https:\/\/www.amolock.com\/fr\/#website","url":"https:\/\/www.amolock.com\/fr\/","name":"AMOLOCK\u00ae | FR","description":"Teppichfliesen f\u00fcr Wohnen &amp; Gewerbe","publisher":{"@id":"https:\/\/www.amolock.com\/fr\/#organization"},"potentialAction":[{"@type":"SearchAction","target":{"@type":"EntryPoint","urlTemplate":"https:\/\/www.amolock.com\/fr\/?s={search_term_string}"},"query-input":"required name=search_term_string"}],"inLanguage":"en-US"},{"@type":"Organization","@id":"https:\/\/www.amolock.com\/fr\/#organization","name":"SCHATEX","url":"https:\/\/www.amolock.com\/fr\/","logo":{"@type":"ImageObject","inLanguage":"en-US","@id":"https:\/\/www.amolock.com\/fr\/#\/schema\/logo\/image\/","url":"https:\/\/schatex.com\/wp-content\/uploads\/sites\/22\/2020\/05\/cropped-logo.png","contentUrl":"https:\/\/schatex.com\/wp-content\/uploads\/sites\/22\/2020\/05\/cropped-logo.png","width":476,"height":112,"caption":"SCHATEX"},"image":{"@id":"https:\/\/www.amolock.com\/fr\/#\/schema\/logo\/image\/"}}]}},"_links":{"self":[{"href":"https:\/\/www.amolock.com\/fr\/wp-json\/wp\/v2\/pages\/951"}],"collection":[{"href":"https:\/\/www.amolock.com\/fr\/wp-json\/wp\/v2\/pages"}],"about":[{"href":"https:\/\/www.amolock.com\/fr\/wp-json\/wp\/v2\/types\/page"}],"author":[{"embeddable":true,"href":"https:\/\/www.amolock.com\/fr\/wp-json\/wp\/v2\/users\/1"}],"replies":[{"embeddable":true,"href":"https:\/\/www.amolock.com\/fr\/wp-json\/wp\/v2\/comments?post=951"}],"version-history":[{"count":198,"href":"https:\/\/www.amolock.com\/fr\/wp-json\/wp\/v2\/pages\/951\/revisions"}],"predecessor-version":[{"id":8988,"href":"https:\/\/www.amolock.com\/fr\/wp-json\/wp\/v2\/pages\/951\/revisions\/8988"}],"wp:attachment":[{"href":"https:\/\/www.amolock.com\/fr\/wp-json\/wp\/v2\/media?parent=951"}],"curies":[{"name":"wp","href":"https:\/\/api.w.org\/{rel}","templated":true}]}}