{"id":945,"date":"2020-05-18T23:16:18","date_gmt":"2020-05-18T21:16:18","guid":{"rendered":"http:\/\/dev.schatex.com\/?page_id=945"},"modified":"2021-08-30T02:13:35","modified_gmt":"2021-08-30T00:13:35","slug":"produktion","status":"publish","type":"page","link":"https:\/\/www.amolock.com\/fr\/produktion\/","title":{"rendered":"Produktion"},"content":{"rendered":"\n<div class=\"header-cover parallax\" style=\"background-image: url('\/wp-content\/uploads\/sites\/22\/2021\/05\/Header-Produktion.jpg');\">\n  <div class=\"teppichfliesen-header produktion-header\">\n     <h1>Wie werden Teppichfliesen hergestellt?<\/h1>\n     <span>Hier erfahren Sie, wie eine Teppichfliese entsteht!<\/span>\n  <\/div>\n  <div class=\"teppichfliesen-subheader\"><a class=\"text-uppercase\" href=\"#topProdukte\"> Mehr erfahren <\/br> &#x25BC; <\/a><\/div>\n<\/div>\n\n\n\n<div class=\"container-fluid\">\n\t<div class=\"row home-row-1 fliesen-row-1 under-header-row\">\n\t\t<div class=\"col-md-6 text-center\">\n\t\t\t<img decoding=\"async\" style=\"width:100%;height:auto;padding-top:7%;\" src=\"\/wp-content\/uploads\/sites\/22\/2021\/08\/Gruppe-828@2x.png\">\n\n\t\t<\/div>\n\t\t<div class=\"col-md-6\">\n\t\t\t<h3 class=\"font-weight-bold under-header-row\">So werden Teppichfliesen hergestellt<\/h3>\n\t\t\t<p class=\"text-left\">\n\t\t\t\tDer Produktionsprozess von Teppichfliesen ist aufw\u00e4ndig und umfasst mehr Schritte als die Herstellung von klassischer Teppichboden-Meterware.\n\n\t\t\t\tEine <span class=\"font-weight-bold\">hervorragende Abstimmung der Rohmaterialien und der Produktionsschritte<\/span> auf jeden einzelnen Produkttyp ist dabei notwendig, um eine hochwertige Qualit\u00e4t der am Ende produzierten Teppichfliese zu erreichen.\n\t\t\t<\/p>\n\t\t<\/div>\n\t<\/div>\n\t<div id=\"topProdukte\" class=\"row produktion-row-2\">\n\t\t<div class=\"col-lg-6 col-bg p-0\">\n\t\t\t<div style=\"background-image: url('\/wp-content\/uploads\/sites\/22\/2021\/05\/CIMG9328.jpg');\"><\/div>\n\t\t<\/div>\n\t\t<div class=\"col-lg-6\">\n\t\t\t<h2 class=\"font-weight-bold\">Die Wahl des Obermaterials bestimmt den Produktionsablauf<\/h2>\n\t\t\t<p class=\"text-left\">\n\t\t\t\tBereits mit dem ersten Produktionsschritt wird schon die letztendliche Ausf\u00fchrung der Teppichfliesen bestimmt: Die <span class=\"font-weight-bold\">Wahl des Obermaterials<\/span> in Form von textiler Rollenware (Velours, Schlinge, Haarfliese, \u2026) legt fest, welche Materialzusammensetzung und -mengen zum Aufbau sowie zur Stabilisierung der R\u00fcckenausstattung ben\u00f6tigt wird. Daran angepasst werden schlie\u00dflich der Maschinenpark und die weiteren Produktionsschritte.\n\t\t\t\t<br><br>\n\t\t\t\tDas als Basismaterial verwendete textile Obermaterial <span class=\"font-weight-bold\">ist dabei identisch mit dem eines klassischen Teppichbodens von der Rolle<\/span> und hat in der Regel eine Breit von etwas \u00fcber 2 m, sodass am Ende durch entsprechende Schnitte stets Teppichfliesen in Formaten von 50 x 50 cm, 100 x 100 cm oder 100 x 200 cm produziert werden k\u00f6nnen.\n\t\t\t<\/p>\n\t\t<\/div>\n\t<\/div>\n\t<div class=\"row pr-details-row-4 parallax\" style=\"background-image: url('\/wp-content\/uploads\/sites\/22\/2021\/06\/Zitat-1@2x.jpg');\">\n\t\t<div class=\"col\">\n\t\t\t<h3>\u201e Nicht jede Teppichfliese wird gleich produziert: Das Obermaterial bestimmt, welche Anforderungen die R\u00fcckenausr\u00fcstung erf\u00fcllen muss. \u201d\n\t\t\t\t<span>Sebastian Blomberg<\/span>\n\t\t\t\t<span class=\"font-weight-normal\">Produktmanager<\/span>\n\t\t\t<\/h3>\n\t\t<\/div>\n\t<\/div>\n\t<div class=\"row produktion-row-3\">\n\t\t<div class=\"col-lg-6\">\n\t\t\t<h2 class=\"font-weight-bold\">Die \u201eHochzeit\u201c: Verschmelzung von Obermaterial und R\u00fccken<\/h2>\n\t\t\t<p class=\"text-left\">\n\t\t\t\tHochwertige Teppichfliesen verf\u00fcgen wegen ihres hohen Eigengewichts und guter Formstabilit\u00e4t \u00fcber <span class=\"font-weight-bold\">\u201eselbstliegende\u201c Eigenschaften<\/span> (mehr zum Thema auf der Seite \u201eVerlegung\u201c), zudem sind sie robust gegen\u00fcber K\u00e4lte- und W\u00e4rmeeinwirkung.\n\t\t\t\t<br><br>\n\t\t\t\tUm diese Qualit\u00e4tsmerkmale zu erreichen, bedarf es einer mehrschichtigen R\u00fcckenausstattung: Dazu wird zun\u00e4chst die Rohware \u00fcber ein Walzensystem mit der Unterseite in fl\u00fcssigem Bitumen \u201egebadet\u201c. Dabei wird eine <span class=\"font-weight-bold\">erste feine Bitumenschicht<\/span> gleichm\u00e4\u00dfig auf das Material aufgetragen, wodurch nach Austrocknung des Bitumens eine erste Festigkeit der sp\u00e4teren Teppichfliese entsteht.\n\t\t\t<\/p>\t\n\t\t<\/div>\n\t\t<div class=\"col-lg-6 col-bg p-0\">\n\t\t\t<div style=\"background-image: url('\/wp-content\/uploads\/sites\/22\/2021\/06\/Produktion-die-Hochzeit@2x.jpg');\"><\/div>\n\t\t<\/div>\n\t\t<div class=\"col-lg-6 col-bg p-0\">\n\t\t\t<div style=\"background-image: url('\/wp-content\/uploads\/sites\/22\/2021\/05\/CIMG9321.jpg');\"><\/div>\n\t\t<\/div>\n\t\t<div class=\"col-lg-6\">\n\t\t\t<h2 class=\"font-weight-bold\">Stabilit\u00e4t durch eingeschmolzenes Fiberglas-Gewebe<\/h2>\n\t\t\t<p class=\"text-left\">\n\t\t\t\tIm n\u00e4chsten Schritt wird eine <span class=\"font-weight-bold\">Fiberglasabdeckung<\/span> lose auf die Bitumenschicht aufgelegt, die erg\u00e4nzt durch einen zweiten Bitumen-Auftrag in einem zweiten Bad den technisch notwendigen Aufbau der R\u00fcckenkonstruktion vervollst\u00e4ndigt. Im Rahmen des finalen Produktionsprozesses wird schlie\u00dflich noch zur Veredelung 2 bis 3 Sekunden nach dem Aufbringen des fl\u00fcssigen Bitumens ein Abdeckvlies aufkaschiert, auf denen Chargennummern und Pfeile zur Angabe der Verlegerichtung aufgedruckt sind.\n\t\t\t\t<br><br>\n\t\t\t\t<span class=\"font-weight-bold\">Der R\u00fccken besteht also aus zwei Bitumenschichten<\/span> mit einer dazwischen verschmolzenen Fiberglasabdeckung sowie einer Vliesabdeckung. Die genauen Materialmengen m\u00fcssen dabei auf jede Kollektion und das zu produzierende Fliesenformat individuell angepasst werden. Nur so erhalten Teppichfliesen am Ende ihre <span class=\"font-weight-bold\">einzigartigen Eigenschaften<\/span>, die sie von klassischem Teppichboden von der Rolle unterscheiden.\n\t\t\t<\/p>\n\t\t<\/div>\n\t\t<div class=\"col-lg-6\">\n\t\t\t<h2 class=\"font-weight-bold\">Zuschnitt und Formatierung \u2013 Fertigstellung<\/h2>\n\t\t\t<p class=\"text-left\">\n\t\t\t\tIm weiteren Produktionsverlauf erfolgt der <span class=\"font-weight-bold\">Zuschnitt der \u201eBahnenware\u201c<\/span> in die gew\u00fcnschten Formate \u2013 \u00fcblicherweise 50 x 50 cm. Dabei durchl\u00e4uft das Material einen Abschnitt, bei dem schnell rotierende Messer die Bahnenware von unten in die gew\u00fcnschten Gr\u00f6\u00dfen schneidet. Die <span class=\"font-weight-bold\">Ma\u00dfgenauigkeit<\/span> wird dabei durch Lasertechnik genauestens kontrolliert. Die dann fertigen \u201etextilen Module\u201c werden nur noch mithilfe von Robotern in die Kartons verpackt und gelabelt.\n\t\t\t\t<br><br>\n\t\t\t\tSollten Sie noch Fragen haben, rufen Sie uns einfach an oder schreiben Sie uns gerne eine E-Mail. Unser kompetentes Serviceteam steht Ihnen mit Rat und Tat zur Seite.\n\t\t\t<\/p>\n\t\t<\/div>\n\t\t<div class=\"col-lg-6 col-bg p-0\">\n\t\t\t<div style=\"background-image: url('\/wp-content\/uploads\/sites\/22\/2021\/05\/CIMG9315.jpg');\"><\/div>\n\t\t<\/div>\n\t<\/div>\n\t<div class=\"row pr-details-row-4 produktion-quote-2 parallax\" style=\"background-image: url('\/wp-content\/uploads\/sites\/22\/2021\/06\/Zitat-b.jpg')\">\n\t\t<div class=\"col\">\n\t\t\t<h3>\u201d Eine hochwertige Materialauswahl und ein auf jedes Produkt individuell angepasster Produktionsprozess sind das Geheimnis f\u00fcr eine perfekte Qualit\u00e4t. \u201d\n\t\t\t\t<span>Charles Rodrigu\u00e8s<\/span>\n\t\t\t\t<span class=\"font-weight-normal\">Gesch\u00e4ftsf\u00fchrer<\/span>\n\t\t\t<\/h3>\n\t\t<\/div>\n\t<\/div>\n<\/div>\n","protected":false},"excerpt":{"rendered":"<p>Wie werden Teppichfliesen hergestellt? Hier erfahren Sie, wie eine Teppichfliese entsteht! Mehr erfahren &#x25BC; So werden Teppichfliesen hergestellt Der Produktionsprozess von Teppichfliesen ist aufw\u00e4ndig und umfasst mehr Schritte als die Herstellung von klassischer Teppichboden-Meterware. Eine hervorragende Abstimmung der Rohmaterialien und der Produktionsschritte auf jeden einzelnen Produkttyp ist dabei notwendig, um eine hochwertige Qualit\u00e4t der am &#8230; <a title=\"Produktion\" class=\"read-more\" href=\"https:\/\/www.amolock.com\/fr\/produktion\/\" aria-label=\"Read more about Produktion\">Read more<\/a><\/p>\n","protected":false},"author":1,"featured_media":0,"parent":0,"menu_order":0,"comment_status":"closed","ping_status":"closed","template":"","meta":{"footnotes":""},"yoast_head":"<!-- This site is optimized with the Yoast SEO plugin v22.6 - https:\/\/yoast.com\/wordpress\/plugins\/seo\/ -->\n<title>Wie werden Teppichfliesen hergestellt? | SCHATEX\u00ae \u2013 Die Marke f\u00fcr Teppichfliesen<\/title>\n<meta name=\"description\" content=\"Herstellung von Teppichfliesen | SCHATEX\u00ae - Die Marke f\u00fcr Teppichfliesen | Jetzt mehr erfahren!\" \/>\n<meta name=\"robots\" content=\"index, follow, max-snippet:-1, max-image-preview:large, max-video-preview:-1\" \/>\n<link rel=\"canonical\" href=\"https:\/\/www.amolock.com\/fr\/produktion\/\" \/>\n<meta property=\"og:locale\" content=\"en_US\" \/>\n<meta property=\"og:type\" content=\"article\" \/>\n<meta property=\"og:title\" content=\"Wie werden Teppichfliesen hergestellt? | SCHATEX\u00ae \u2013 Die Marke f\u00fcr Teppichfliesen\" \/>\n<meta property=\"og:description\" content=\"Herstellung von Teppichfliesen | SCHATEX\u00ae - Die Marke f\u00fcr Teppichfliesen | Jetzt mehr erfahren!\" \/>\n<meta property=\"og:url\" content=\"https:\/\/www.amolock.com\/fr\/produktion\/\" \/>\n<meta property=\"og:site_name\" content=\"AMOLOCK\u00ae | FR\" \/>\n<meta property=\"article:modified_time\" content=\"2021-08-30T00:13:35+00:00\" \/>\n<meta name=\"twitter:card\" content=\"summary_large_image\" \/>\n<meta name=\"twitter:label1\" content=\"Est. reading time\" \/>\n\t<meta name=\"twitter:data1\" content=\"3 minutes\" \/>\n<script type=\"application\/ld+json\" class=\"yoast-schema-graph\">{\"@context\":\"https:\/\/schema.org\",\"@graph\":[{\"@type\":\"WebPage\",\"@id\":\"https:\/\/www.amolock.com\/fr\/produktion\/\",\"url\":\"https:\/\/www.amolock.com\/fr\/produktion\/\",\"name\":\"Wie werden Teppichfliesen hergestellt? | SCHATEX\u00ae \u2013 Die Marke f\u00fcr Teppichfliesen\",\"isPartOf\":{\"@id\":\"https:\/\/www.amolock.com\/fr\/#website\"},\"datePublished\":\"2020-05-18T21:16:18+00:00\",\"dateModified\":\"2021-08-30T00:13:35+00:00\",\"description\":\"Herstellung von Teppichfliesen | SCHATEX\u00ae - Die Marke f\u00fcr Teppichfliesen | Jetzt mehr erfahren!\",\"breadcrumb\":{\"@id\":\"https:\/\/www.amolock.com\/fr\/produktion\/#breadcrumb\"},\"inLanguage\":\"en-US\",\"potentialAction\":[{\"@type\":\"ReadAction\",\"target\":[\"https:\/\/www.amolock.com\/fr\/produktion\/\"]}]},{\"@type\":\"BreadcrumbList\",\"@id\":\"https:\/\/www.amolock.com\/fr\/produktion\/#breadcrumb\",\"itemListElement\":[{\"@type\":\"ListItem\",\"position\":1,\"name\":\"Home\",\"item\":\"https:\/\/www.amolock.com\/fr\/\"},{\"@type\":\"ListItem\",\"position\":2,\"name\":\"Produktion\"}]},{\"@type\":\"WebSite\",\"@id\":\"https:\/\/www.amolock.com\/fr\/#website\",\"url\":\"https:\/\/www.amolock.com\/fr\/\",\"name\":\"AMOLOCK\u00ae | FR\",\"description\":\"Teppichfliesen f\u00fcr Wohnen &amp; Gewerbe\",\"publisher\":{\"@id\":\"https:\/\/www.amolock.com\/fr\/#organization\"},\"potentialAction\":[{\"@type\":\"SearchAction\",\"target\":{\"@type\":\"EntryPoint\",\"urlTemplate\":\"https:\/\/www.amolock.com\/fr\/?s={search_term_string}\"},\"query-input\":\"required name=search_term_string\"}],\"inLanguage\":\"en-US\"},{\"@type\":\"Organization\",\"@id\":\"https:\/\/www.amolock.com\/fr\/#organization\",\"name\":\"SCHATEX\",\"url\":\"https:\/\/www.amolock.com\/fr\/\",\"logo\":{\"@type\":\"ImageObject\",\"inLanguage\":\"en-US\",\"@id\":\"https:\/\/www.amolock.com\/fr\/#\/schema\/logo\/image\/\",\"url\":\"https:\/\/schatex.com\/wp-content\/uploads\/sites\/22\/2020\/05\/cropped-logo.png\",\"contentUrl\":\"https:\/\/schatex.com\/wp-content\/uploads\/sites\/22\/2020\/05\/cropped-logo.png\",\"width\":476,\"height\":112,\"caption\":\"SCHATEX\"},\"image\":{\"@id\":\"https:\/\/www.amolock.com\/fr\/#\/schema\/logo\/image\/\"}}]}<\/script>\n<!-- \/ Yoast SEO plugin. -->","yoast_head_json":{"title":"Wie werden Teppichfliesen hergestellt? | SCHATEX\u00ae \u2013 Die Marke f\u00fcr Teppichfliesen","description":"Herstellung von Teppichfliesen | SCHATEX\u00ae - Die Marke f\u00fcr Teppichfliesen | Jetzt mehr erfahren!","robots":{"index":"index","follow":"follow","max-snippet":"max-snippet:-1","max-image-preview":"max-image-preview:large","max-video-preview":"max-video-preview:-1"},"canonical":"https:\/\/www.amolock.com\/fr\/produktion\/","og_locale":"en_US","og_type":"article","og_title":"Wie werden Teppichfliesen hergestellt? | SCHATEX\u00ae \u2013 Die Marke f\u00fcr Teppichfliesen","og_description":"Herstellung von Teppichfliesen | SCHATEX\u00ae - Die Marke f\u00fcr Teppichfliesen | Jetzt mehr erfahren!","og_url":"https:\/\/www.amolock.com\/fr\/produktion\/","og_site_name":"AMOLOCK\u00ae | FR","article_modified_time":"2021-08-30T00:13:35+00:00","twitter_card":"summary_large_image","twitter_misc":{"Est. reading time":"3 minutes"},"schema":{"@context":"https:\/\/schema.org","@graph":[{"@type":"WebPage","@id":"https:\/\/www.amolock.com\/fr\/produktion\/","url":"https:\/\/www.amolock.com\/fr\/produktion\/","name":"Wie werden Teppichfliesen hergestellt? | SCHATEX\u00ae \u2013 Die Marke f\u00fcr Teppichfliesen","isPartOf":{"@id":"https:\/\/www.amolock.com\/fr\/#website"},"datePublished":"2020-05-18T21:16:18+00:00","dateModified":"2021-08-30T00:13:35+00:00","description":"Herstellung von Teppichfliesen | SCHATEX\u00ae - Die Marke f\u00fcr Teppichfliesen | Jetzt mehr erfahren!","breadcrumb":{"@id":"https:\/\/www.amolock.com\/fr\/produktion\/#breadcrumb"},"inLanguage":"en-US","potentialAction":[{"@type":"ReadAction","target":["https:\/\/www.amolock.com\/fr\/produktion\/"]}]},{"@type":"BreadcrumbList","@id":"https:\/\/www.amolock.com\/fr\/produktion\/#breadcrumb","itemListElement":[{"@type":"ListItem","position":1,"name":"Home","item":"https:\/\/www.amolock.com\/fr\/"},{"@type":"ListItem","position":2,"name":"Produktion"}]},{"@type":"WebSite","@id":"https:\/\/www.amolock.com\/fr\/#website","url":"https:\/\/www.amolock.com\/fr\/","name":"AMOLOCK\u00ae | FR","description":"Teppichfliesen f\u00fcr Wohnen &amp; Gewerbe","publisher":{"@id":"https:\/\/www.amolock.com\/fr\/#organization"},"potentialAction":[{"@type":"SearchAction","target":{"@type":"EntryPoint","urlTemplate":"https:\/\/www.amolock.com\/fr\/?s={search_term_string}"},"query-input":"required name=search_term_string"}],"inLanguage":"en-US"},{"@type":"Organization","@id":"https:\/\/www.amolock.com\/fr\/#organization","name":"SCHATEX","url":"https:\/\/www.amolock.com\/fr\/","logo":{"@type":"ImageObject","inLanguage":"en-US","@id":"https:\/\/www.amolock.com\/fr\/#\/schema\/logo\/image\/","url":"https:\/\/schatex.com\/wp-content\/uploads\/sites\/22\/2020\/05\/cropped-logo.png","contentUrl":"https:\/\/schatex.com\/wp-content\/uploads\/sites\/22\/2020\/05\/cropped-logo.png","width":476,"height":112,"caption":"SCHATEX"},"image":{"@id":"https:\/\/www.amolock.com\/fr\/#\/schema\/logo\/image\/"}}]}},"_links":{"self":[{"href":"https:\/\/www.amolock.com\/fr\/wp-json\/wp\/v2\/pages\/945"}],"collection":[{"href":"https:\/\/www.amolock.com\/fr\/wp-json\/wp\/v2\/pages"}],"about":[{"href":"https:\/\/www.amolock.com\/fr\/wp-json\/wp\/v2\/types\/page"}],"author":[{"embeddable":true,"href":"https:\/\/www.amolock.com\/fr\/wp-json\/wp\/v2\/users\/1"}],"replies":[{"embeddable":true,"href":"https:\/\/www.amolock.com\/fr\/wp-json\/wp\/v2\/comments?post=945"}],"version-history":[{"count":60,"href":"https:\/\/www.amolock.com\/fr\/wp-json\/wp\/v2\/pages\/945\/revisions"}],"predecessor-version":[{"id":8682,"href":"https:\/\/www.amolock.com\/fr\/wp-json\/wp\/v2\/pages\/945\/revisions\/8682"}],"wp:attachment":[{"href":"https:\/\/www.amolock.com\/fr\/wp-json\/wp\/v2\/media?parent=945"}],"curies":[{"name":"wp","href":"https:\/\/api.w.org\/{rel}","templated":true}]}}