{"id":943,"date":"2020-05-18T23:15:20","date_gmt":"2020-05-18T21:15:20","guid":{"rendered":"http:\/\/dev.schatex.com\/?page_id=943"},"modified":"2021-09-17T00:14:18","modified_gmt":"2021-09-16T22:14:18","slug":"uberuns","status":"publish","type":"page","link":"https:\/\/www.amolock.com\/fr\/uberuns\/","title":{"rendered":"\u00dcber Uns"},"content":{"rendered":"\n<div class=\"header-cover parallax\" style=\"background-image: url('\/wp-content\/uploads\/sites\/22\/2021\/05\/Header-uber-uns.jpg');\">\n  <div class=\"teppichfliesen-header\">\n     <h1>SCHATEX<sup>\u00ae<\/sup> &#8211; \u00dcber uns<\/h1>\n     <span>Als Lieferant von Qualit\u00e4tsprodukten stellen wir hochwertige Kollektionen sicher<\/span>\n  <\/div>\n  <div class=\"teppichfliesen-subheader\"> <a href=\"#topProdukte\"> Alle Ansehen <\/br> &#x25BC; <\/a> <\/div>\n<\/div>\n\n\n\n<div class=\"container-fluid\">\n\t <div class=\"row home-row-1 fliesen-row-1 under-header-row\">\n\t <div class=\"col-md-6 text-center\">\n          <img decoding=\"async\" style=\"width:100%;height:auto;padding-top:7%;\" src=\"\/wp-content\/uploads\/sites\/22\/2021\/08\/Gruppe-828@2x.png\">\n\t  <\/div>\n\t  <div class=\"col-md-6\" style=\"padding:0px;\">\n\t\t<h3 style=\"padding-top:30px;\" class=\" font-weight-bold\">Unser Unternehmen<\/h3>\n\t\t<p style=\"padding-bottom:30px;\">\n            Unser stetig wachsendes Produktsortiment orientiert sich an den Bed\u00fcrfnissen unserer Kunden. SCHATEX, das sind Teppichfliesen sowohl f\u00fcr den stark beanspruchten Objektbereich als auch f\u00fcr den privaten Wohnbereich.\n        <\/p>\n\t  <\/div>\n\t<\/div>\n\t<div id=\"topProdukte\" class=\"row home-row-2 ueberuns-row-2\">\n\t  <div class=\"col-md-6 mittle\">\n\t\t<h2 class=\"font-weight-bold\">Top- Qualit\u00e4t<\/h2>\n\t\t<p class=\"text-left\">\n             Als Lieferant von Qualit\u00e4tsprodukten stellen wir hochwertige Kollektionen sicher. Dies zeigt sich in der Robustheit unserer Teppichfliesen, deren Nutzschicht und R\u00fccken sehr widerstandsf\u00e4hig sind. Wir haben uns auch dem Umweltschutz verpflichtet und achten daher auf \u00f6kologische Nachhaltigkeit. So liefern wir Ihnen nur Produkte, deren Herstellung auf Basis umweltfreundlicher Umst\u00e4nde erfolgt. Ebenso legen wir Wert darauf, dass der Transport m\u00f6glichst klimaneutral verl\u00e4uft.\n        <\/p>\n\t  <\/div>\n\t  <div class=\"col-md-6 col-bg\">\n\t\t<div style=\"background-image: url('\/wp-content\/uploads\/sites\/22\/2021\/07\/stock-photo-carpet-factory-carpet-production-synthetic-yarns-for-weaving-looms-1383179882.png');\"><\/div>\n\t  <\/div>\n\t  <div class=\"col-md-6 col-bg\">\n\t\t<div style=\"background-image: url('\/wp-content\/uploads\/sites\/22\/2021\/07\/stock-photo-carpet-factory-carpet-production-synthetic-yarns-for-weaving-looms-1383179882-copy.png');\"><\/div>\n\t  <\/div>\n\t  <div class=\"col-md-6 mittle\">\n\t\t<h2 class=\"font-weight-bold\">Top-Service<\/h2>\n\t\t<p class=\"text-left\">\n             Die N\u00e4he zum Fachhandel und zum Handwerk ist uns ein gro\u00dfes Anliegen. Unsere kompetenten Mitarbeiter geben Ihnen daher gerne eine ausf\u00fchrliche Beratung zum Produktsortiment. Wir agieren nicht nur in Deutschland, sondern auch weltweit. Unsere Vertreter im Au\u00dfendienst informieren Sie gerne \u00fcber die SCHATEX-Produkte. Service spielt also eine wichtige Rolle und macht SCHATEX zum verl\u00e4sslichen Partner.\n        <\/p>\n\t  <\/div>\n\t<\/div>\n\t<div class=\"row parallax pr-details-row-4\">\n\t  <div class=\"col-md-12\">\n\t\t<h3>\u201d Top Qualit\u00e4t, einfache Verarbeitung &amp; eine riesen Auswahl an satten Farben. Einfaches austauschen erm\u00f6glicht eine einfache Reinigung und Pflege. \u201d\n\t\t  <span>Tobias Moschner<\/span>\n\t\t  <span class=\"font-weight-normal\">CEO<\/span>\n\t\t<\/h3>\n\t  <\/div>\n\t<\/div>\n\t<div class=\"row home-row-2 ueberuns-row-2\">\n\t  <div class=\"col-md-6 mittle\">\n\t\t<h2 class=\"font-weight-bold\">Einfach Genial<\/h2>\n\t\t<p class=\"text-left\">\n            Die N\u00e4he zum Fachhandel und zum Handwerk ist uns ein gro\u00dfes Anliegen. Unsere kompetenten Mitarbeiter geben Ihnen daher gerne eine ausf\u00fchrliche Beratung zum Produktsortiment. Wir agieren nicht nur in Deutschland, sondern auch weltweit. Unsere Vertreter im Au\u00dfendienst informieren Sie gerne \u00fcber die SCHATEX-Produkte. Service spielt also eine wichtige Rolle und macht SCHATEX zum verl\u00e4sslichen Partner.\n        <\/p>\n\t  <\/div>\n\t  <div class=\"col-md-6 col-bg\">\n\t\t<div style=\"background-image: url('\/wp-content\/uploads\/sites\/22\/2021\/07\/stock-photo-contracted-office-work-place-343766414.png');\"><\/div>\n\t  <\/div>\n\t<\/div>\n\t<div class=\"row home-row-2 ueberuns-row-3\">\n\t  <div class=\"col-md-6 text-center\" style=\"margin: auto;\">\n\t\t<a href=\"https:\/\/www.heimtex.de\/\" target=\"_blank\" rel=\"noopener\"><img decoding=\"async\" src=\"\/wp-content\/uploads\/sites\/22\/2020\/12\/heimtex-logo.png\"><\/a>\n\t  <\/div>\n\t  <div class=\"col-md-6 mittle\">\n\t\t<h2 class=\"font-weight-bold\"> Mitglied bei Heimtex<\/h2>\n\t\t<p class=\"text-left\">\n           Die N\u00e4he zum Fachhandel und zum Handwerk ist uns ein gro\u00dfes Anliegen. Unsere kompetenten Mitarbeiter geben Ihnen daher gerne eine ausf\u00fchrliche Beratung zum Produktsortiment. Wir agieren nicht nur in Deutschland, sondern auch weltweit. Unsere Vertreter im Au\u00dfendienst informieren Sie gerne \u00fcber die SCHATEX-Produkte. Service spielt also eine wichtige Rolle und macht SCHATEX zum verl\u00e4sslichen Partner.\n        <\/p>\n\t  <\/div>\n\t<\/div>\n  <\/div>\n\n\n\n<p><\/p>\n","protected":false},"excerpt":{"rendered":"<p>SCHATEX\u00ae &#8211; \u00dcber uns Als Lieferant von Qualit\u00e4tsprodukten stellen wir hochwertige Kollektionen sicher Alle Ansehen &#x25BC; Unser Unternehmen Unser stetig wachsendes Produktsortiment orientiert sich an den Bed\u00fcrfnissen unserer Kunden. SCHATEX, das sind Teppichfliesen sowohl f\u00fcr den stark beanspruchten Objektbereich als auch f\u00fcr den privaten Wohnbereich. Top- Qualit\u00e4t Als Lieferant von Qualit\u00e4tsprodukten stellen wir hochwertige Kollektionen &#8230; <a title=\"\u00dcber Uns\" class=\"read-more\" href=\"https:\/\/www.amolock.com\/fr\/uberuns\/\" aria-label=\"Read more about \u00dcber Uns\">Read more<\/a><\/p>\n","protected":false},"author":1,"featured_media":0,"parent":0,"menu_order":0,"comment_status":"closed","ping_status":"closed","template":"","meta":{"footnotes":""},"yoast_head":"<!-- This site is optimized with the Yoast SEO plugin v22.6 - https:\/\/yoast.com\/wordpress\/plugins\/seo\/ -->\n<title>\u00dcber Uns - AMOLOCK\u00ae | FR \u2013 Die Marke f\u00fcr Teppichfliesen<\/title>\n<meta name=\"description\" content=\"AMOLOCK\u00ae | FR - AMOLOCK\u00ae | FR - Die Marke f\u00fcr Teppichfliesen | Entdecken Sie Top-Produkte f\u00fcr Wohnen &amp; Gewerbe!\" \/>\n<meta name=\"robots\" content=\"index, follow, max-snippet:-1, max-image-preview:large, max-video-preview:-1\" \/>\n<link rel=\"canonical\" href=\"https:\/\/www.amolock.com\/fr\/uberuns\/\" \/>\n<meta property=\"og:locale\" content=\"en_US\" \/>\n<meta property=\"og:type\" content=\"article\" \/>\n<meta property=\"og:title\" content=\"\u00dcber Uns - AMOLOCK\u00ae | FR \u2013 Die Marke f\u00fcr Teppichfliesen\" \/>\n<meta property=\"og:description\" content=\"AMOLOCK\u00ae | FR - AMOLOCK\u00ae | FR - Die Marke f\u00fcr Teppichfliesen | Entdecken Sie Top-Produkte f\u00fcr Wohnen &amp; Gewerbe!\" \/>\n<meta property=\"og:url\" content=\"https:\/\/www.amolock.com\/fr\/uberuns\/\" \/>\n<meta property=\"og:site_name\" content=\"AMOLOCK\u00ae | FR\" \/>\n<meta property=\"article:modified_time\" content=\"2021-09-16T22:14:18+00:00\" \/>\n<meta name=\"twitter:card\" content=\"summary_large_image\" \/>\n<meta name=\"twitter:label1\" content=\"Est. reading time\" \/>\n\t<meta name=\"twitter:data1\" content=\"2 minutes\" \/>\n<script type=\"application\/ld+json\" class=\"yoast-schema-graph\">{\"@context\":\"https:\/\/schema.org\",\"@graph\":[{\"@type\":\"WebPage\",\"@id\":\"https:\/\/www.amolock.com\/fr\/uberuns\/\",\"url\":\"https:\/\/www.amolock.com\/fr\/uberuns\/\",\"name\":\"\u00dcber Uns - AMOLOCK\u00ae | FR \u2013 Die Marke f\u00fcr Teppichfliesen\",\"isPartOf\":{\"@id\":\"https:\/\/www.amolock.com\/fr\/#website\"},\"datePublished\":\"2020-05-18T21:15:20+00:00\",\"dateModified\":\"2021-09-16T22:14:18+00:00\",\"description\":\"AMOLOCK\u00ae | FR - AMOLOCK\u00ae | FR - Die Marke f\u00fcr Teppichfliesen | Entdecken Sie Top-Produkte f\u00fcr Wohnen & Gewerbe!\",\"breadcrumb\":{\"@id\":\"https:\/\/www.amolock.com\/fr\/uberuns\/#breadcrumb\"},\"inLanguage\":\"en-US\",\"potentialAction\":[{\"@type\":\"ReadAction\",\"target\":[\"https:\/\/www.amolock.com\/fr\/uberuns\/\"]}]},{\"@type\":\"BreadcrumbList\",\"@id\":\"https:\/\/www.amolock.com\/fr\/uberuns\/#breadcrumb\",\"itemListElement\":[{\"@type\":\"ListItem\",\"position\":1,\"name\":\"Home\",\"item\":\"https:\/\/www.amolock.com\/fr\/\"},{\"@type\":\"ListItem\",\"position\":2,\"name\":\"\u00dcber Uns\"}]},{\"@type\":\"WebSite\",\"@id\":\"https:\/\/www.amolock.com\/fr\/#website\",\"url\":\"https:\/\/www.amolock.com\/fr\/\",\"name\":\"AMOLOCK\u00ae | FR\",\"description\":\"Teppichfliesen f\u00fcr Wohnen &amp; Gewerbe\",\"publisher\":{\"@id\":\"https:\/\/www.amolock.com\/fr\/#organization\"},\"potentialAction\":[{\"@type\":\"SearchAction\",\"target\":{\"@type\":\"EntryPoint\",\"urlTemplate\":\"https:\/\/www.amolock.com\/fr\/?s={search_term_string}\"},\"query-input\":\"required name=search_term_string\"}],\"inLanguage\":\"en-US\"},{\"@type\":\"Organization\",\"@id\":\"https:\/\/www.amolock.com\/fr\/#organization\",\"name\":\"SCHATEX\",\"url\":\"https:\/\/www.amolock.com\/fr\/\",\"logo\":{\"@type\":\"ImageObject\",\"inLanguage\":\"en-US\",\"@id\":\"https:\/\/www.amolock.com\/fr\/#\/schema\/logo\/image\/\",\"url\":\"https:\/\/schatex.com\/wp-content\/uploads\/sites\/22\/2020\/05\/cropped-logo.png\",\"contentUrl\":\"https:\/\/schatex.com\/wp-content\/uploads\/sites\/22\/2020\/05\/cropped-logo.png\",\"width\":476,\"height\":112,\"caption\":\"SCHATEX\"},\"image\":{\"@id\":\"https:\/\/www.amolock.com\/fr\/#\/schema\/logo\/image\/\"}}]}<\/script>\n<!-- \/ Yoast SEO plugin. -->","yoast_head_json":{"title":"\u00dcber Uns - AMOLOCK\u00ae | FR \u2013 Die Marke f\u00fcr Teppichfliesen","description":"AMOLOCK\u00ae | FR - AMOLOCK\u00ae | FR - Die Marke f\u00fcr Teppichfliesen | Entdecken Sie Top-Produkte f\u00fcr Wohnen & Gewerbe!","robots":{"index":"index","follow":"follow","max-snippet":"max-snippet:-1","max-image-preview":"max-image-preview:large","max-video-preview":"max-video-preview:-1"},"canonical":"https:\/\/www.amolock.com\/fr\/uberuns\/","og_locale":"en_US","og_type":"article","og_title":"\u00dcber Uns - AMOLOCK\u00ae | FR \u2013 Die Marke f\u00fcr Teppichfliesen","og_description":"AMOLOCK\u00ae | FR - AMOLOCK\u00ae | FR - Die Marke f\u00fcr Teppichfliesen | Entdecken Sie Top-Produkte f\u00fcr Wohnen & Gewerbe!","og_url":"https:\/\/www.amolock.com\/fr\/uberuns\/","og_site_name":"AMOLOCK\u00ae | FR","article_modified_time":"2021-09-16T22:14:18+00:00","twitter_card":"summary_large_image","twitter_misc":{"Est. reading time":"2 minutes"},"schema":{"@context":"https:\/\/schema.org","@graph":[{"@type":"WebPage","@id":"https:\/\/www.amolock.com\/fr\/uberuns\/","url":"https:\/\/www.amolock.com\/fr\/uberuns\/","name":"\u00dcber Uns - AMOLOCK\u00ae | FR \u2013 Die Marke f\u00fcr Teppichfliesen","isPartOf":{"@id":"https:\/\/www.amolock.com\/fr\/#website"},"datePublished":"2020-05-18T21:15:20+00:00","dateModified":"2021-09-16T22:14:18+00:00","description":"AMOLOCK\u00ae | FR - AMOLOCK\u00ae | FR - Die Marke f\u00fcr Teppichfliesen | Entdecken Sie Top-Produkte f\u00fcr Wohnen & Gewerbe!","breadcrumb":{"@id":"https:\/\/www.amolock.com\/fr\/uberuns\/#breadcrumb"},"inLanguage":"en-US","potentialAction":[{"@type":"ReadAction","target":["https:\/\/www.amolock.com\/fr\/uberuns\/"]}]},{"@type":"BreadcrumbList","@id":"https:\/\/www.amolock.com\/fr\/uberuns\/#breadcrumb","itemListElement":[{"@type":"ListItem","position":1,"name":"Home","item":"https:\/\/www.amolock.com\/fr\/"},{"@type":"ListItem","position":2,"name":"\u00dcber Uns"}]},{"@type":"WebSite","@id":"https:\/\/www.amolock.com\/fr\/#website","url":"https:\/\/www.amolock.com\/fr\/","name":"AMOLOCK\u00ae | FR","description":"Teppichfliesen f\u00fcr Wohnen &amp; Gewerbe","publisher":{"@id":"https:\/\/www.amolock.com\/fr\/#organization"},"potentialAction":[{"@type":"SearchAction","target":{"@type":"EntryPoint","urlTemplate":"https:\/\/www.amolock.com\/fr\/?s={search_term_string}"},"query-input":"required name=search_term_string"}],"inLanguage":"en-US"},{"@type":"Organization","@id":"https:\/\/www.amolock.com\/fr\/#organization","name":"SCHATEX","url":"https:\/\/www.amolock.com\/fr\/","logo":{"@type":"ImageObject","inLanguage":"en-US","@id":"https:\/\/www.amolock.com\/fr\/#\/schema\/logo\/image\/","url":"https:\/\/schatex.com\/wp-content\/uploads\/sites\/22\/2020\/05\/cropped-logo.png","contentUrl":"https:\/\/schatex.com\/wp-content\/uploads\/sites\/22\/2020\/05\/cropped-logo.png","width":476,"height":112,"caption":"SCHATEX"},"image":{"@id":"https:\/\/www.amolock.com\/fr\/#\/schema\/logo\/image\/"}}]}},"_links":{"self":[{"href":"https:\/\/www.amolock.com\/fr\/wp-json\/wp\/v2\/pages\/943"}],"collection":[{"href":"https:\/\/www.amolock.com\/fr\/wp-json\/wp\/v2\/pages"}],"about":[{"href":"https:\/\/www.amolock.com\/fr\/wp-json\/wp\/v2\/types\/page"}],"author":[{"embeddable":true,"href":"https:\/\/www.amolock.com\/fr\/wp-json\/wp\/v2\/users\/1"}],"replies":[{"embeddable":true,"href":"https:\/\/www.amolock.com\/fr\/wp-json\/wp\/v2\/comments?post=943"}],"version-history":[{"count":74,"href":"https:\/\/www.amolock.com\/fr\/wp-json\/wp\/v2\/pages\/943\/revisions"}],"predecessor-version":[{"id":8765,"href":"https:\/\/www.amolock.com\/fr\/wp-json\/wp\/v2\/pages\/943\/revisions\/8765"}],"wp:attachment":[{"href":"https:\/\/www.amolock.com\/fr\/wp-json\/wp\/v2\/media?parent=943"}],"curies":[{"name":"wp","href":"https:\/\/api.w.org\/{rel}","templated":true}]}}