{"id":939,"date":"2020-05-18T23:13:36","date_gmt":"2020-05-18T21:13:36","guid":{"rendered":"http:\/\/dev.schatex.com\/?page_id=939"},"modified":"2021-08-30T02:07:54","modified_gmt":"2021-08-30T00:07:54","slug":"zubehoer","status":"publish","type":"page","link":"https:\/\/www.amolock.com\/fr\/produkte\/zubehoer\/","title":{"rendered":"Zubeh\u00f6r"},"content":{"rendered":"\n<div class=\"header-cover parallax\" style=\"background-image: url('\/wp-content\/uploads\/sites\/22\/2020\/11\/Zubehoer_header.jpg');\">\n  <div class=\"teppichfliesen-header\">\n     <h1>Zubeh\u00f6r<\/h1>\n     <span>F\u00fcr Ihre Verlegung das passende Zubeh\u00f6r<\/span>\n  <\/div>\n  <div class=\"teppichfliesen-subheader\"> <a href=\"#topProdukte\"> Alle Ansehen <\/br> &#x25BC; <\/a> <\/div>\n<\/div>\n\n\n\n<div class=\"container-fluid\">\n\t<div class=\"row home-row-1 fliesen-row-1 under-header-row\">\n\t  <div class=\"col-md-6 text-center\">\n\t\t<img decoding=\"async\" style=\"width:100%;height:auto;padding-top:7%;\" src=\"\/wp-content\/uploads\/sites\/22\/2021\/08\/Gruppe-828@2x.png\">\n\n\t  <\/div>\n\t  <div class=\"col-md-6\">\n\t\t<h3 class=\"text-uppercase font-weight-bold\">SCHATEX<sup>\u00ae<\/sup>\u2013 Zubeh\u00f6r<\/h3>\n\t\t<p>\n\t\t\tNeben <span class=\"font-weight-bold\">erstklassigen Teppichfliesen und -dielen<\/span> bieten wir verschiedenes Zubeh\u00f6r an, das Ihnen bei der Verlegung helfen wird.<\/br><\/br>\n\n\t\t\tSo k\u00f6nnen Sie unter anderem die <span class=\"font-weight-bold\">SCHATEX<sup>\u00ae<\/sup>-Sockelleisten<\/span> erwerben, die individuell f\u00fcr Sie und passend zu jedem Produkt angefertigt werden. <\/br><\/br>\n\n\t\t\tAu\u00dferdem bieten wir Ihnen professionelle Cuttermesser sowie hochwertiges Klebeband zur Verlegung an.\n\t\t<\/p>\n\t  <\/div>\n\t<\/div>\n\t<div id=\"topProdukte\" class=\"row fliesen-row-2\">\n\t  <div class=\"col-sm-6\">\n\t\t<a href=\"#\">\n\t\t  <img decoding=\"async\" src=\"\/wp-content\/uploads\/sites\/22\/2020\/05\/Fussleisten.jpg\">\n\t\t  <h4 class=\"produkt-title font-weight-bold\">SCHATEX<sup>\u00ae<\/sup> &#8211; Sockelleisten <span>Passend zu jeder Teppichfliese<\/span><\/h4>\n\t\t<\/a>\n\t  <\/div>\n\t  <div class=\"col-sm-6\">\n\t\t<a href=\"#\">\n\t\t  <img decoding=\"async\" src=\"\/wp-content\/uploads\/sites\/22\/2021\/05\/SCHATEX-Cutter.jpg\">\n\t\t  <h4 class=\"produkt-title font-weight-bold\">Cutter-Messer<span> Professionelles Verlegezubeh\u00f6r<\/span><\/h4>\n\t\t<\/a>\n\t  <\/div>\n\t  <div class=\"col-sm-6\">\n\t\t<a href=\"#\">\n\t\t  <img decoding=\"async\" src=\"\/wp-content\/uploads\/sites\/22\/2021\/05\/SCHATEX_Klebeband.jpg\">\n\t\t  <h4 class=\"produkt-title font-weight-bold\">Doppelseitiges Klebeband<span> Professionelles Verlegezubeh\u00f6r<\/span><\/h4>\n\t\t<\/a>\n\t  <\/div>\n\t<\/div>\n  <\/div>\n","protected":false},"excerpt":{"rendered":"<p>Zubeh\u00f6r F\u00fcr Ihre Verlegung das passende Zubeh\u00f6r Alle Ansehen &#x25BC; SCHATEX\u00ae\u2013 Zubeh\u00f6r Neben erstklassigen Teppichfliesen und -dielen bieten wir verschiedenes Zubeh\u00f6r an, das Ihnen bei der Verlegung helfen wird. So k\u00f6nnen Sie unter anderem die SCHATEX\u00ae-Sockelleisten erwerben, die individuell f\u00fcr Sie und passend zu jedem Produkt angefertigt werden. Au\u00dferdem bieten wir Ihnen professionelle Cuttermesser sowie &#8230; <a title=\"Zubeh\u00f6r\" class=\"read-more\" href=\"https:\/\/www.amolock.com\/fr\/produkte\/zubehoer\/\" aria-label=\"Read more about Zubeh\u00f6r\">Read more<\/a><\/p>\n","protected":false},"author":1,"featured_media":0,"parent":68,"menu_order":3,"comment_status":"closed","ping_status":"closed","template":"","meta":{"footnotes":""},"yoast_head":"<!-- This site is optimized with the Yoast SEO plugin v22.6 - https:\/\/yoast.com\/wordpress\/plugins\/seo\/ -->\n<title>SCHATEX\u00ae Zubeh\u00f6r | Kollektionen f\u00fcr Wohnen &amp; Gewerbe<\/title>\n<meta name=\"description\" content=\"Zubeh\u00f6r f\u00fcr SCHATEX\u00ae - Teppichfliesen | Die Marke f\u00fcr Teppichfliesen | Entdecken Sie Top-Produkte f\u00fcr Wohnen &amp; Gewerbe!\" \/>\n<meta name=\"robots\" content=\"index, follow, max-snippet:-1, max-image-preview:large, max-video-preview:-1\" \/>\n<link rel=\"canonical\" href=\"https:\/\/www.amolock.com\/fr\/produkte\/zubehoer\/\" \/>\n<meta property=\"og:locale\" content=\"en_US\" \/>\n<meta property=\"og:type\" content=\"article\" \/>\n<meta property=\"og:title\" content=\"SCHATEX\u00ae Zubeh\u00f6r | Kollektionen f\u00fcr Wohnen &amp; Gewerbe\" \/>\n<meta property=\"og:description\" content=\"Zubeh\u00f6r f\u00fcr SCHATEX\u00ae - Teppichfliesen | Die Marke f\u00fcr Teppichfliesen | Entdecken Sie Top-Produkte f\u00fcr Wohnen &amp; Gewerbe!\" \/>\n<meta property=\"og:url\" content=\"https:\/\/www.amolock.com\/fr\/produkte\/zubehoer\/\" \/>\n<meta property=\"og:site_name\" content=\"AMOLOCK\u00ae | FR\" \/>\n<meta property=\"article:modified_time\" content=\"2021-08-30T00:07:54+00:00\" \/>\n<meta name=\"twitter:card\" content=\"summary_large_image\" \/>\n<meta name=\"twitter:label1\" content=\"Est. reading time\" \/>\n\t<meta name=\"twitter:data1\" content=\"2 minutes\" \/>\n<script type=\"application\/ld+json\" class=\"yoast-schema-graph\">{\"@context\":\"https:\/\/schema.org\",\"@graph\":[{\"@type\":\"WebPage\",\"@id\":\"https:\/\/www.amolock.com\/fr\/produkte\/zubehoer\/\",\"url\":\"https:\/\/www.amolock.com\/fr\/produkte\/zubehoer\/\",\"name\":\"SCHATEX\u00ae Zubeh\u00f6r | Kollektionen f\u00fcr Wohnen & Gewerbe\",\"isPartOf\":{\"@id\":\"https:\/\/www.amolock.com\/fr\/#website\"},\"datePublished\":\"2020-05-18T21:13:36+00:00\",\"dateModified\":\"2021-08-30T00:07:54+00:00\",\"description\":\"Zubeh\u00f6r f\u00fcr SCHATEX\u00ae - Teppichfliesen | Die Marke f\u00fcr Teppichfliesen | Entdecken Sie Top-Produkte f\u00fcr Wohnen & Gewerbe!\",\"breadcrumb\":{\"@id\":\"https:\/\/www.amolock.com\/fr\/produkte\/zubehoer\/#breadcrumb\"},\"inLanguage\":\"en-US\",\"potentialAction\":[{\"@type\":\"ReadAction\",\"target\":[\"https:\/\/www.amolock.com\/fr\/produkte\/zubehoer\/\"]}]},{\"@type\":\"BreadcrumbList\",\"@id\":\"https:\/\/www.amolock.com\/fr\/produkte\/zubehoer\/#breadcrumb\",\"itemListElement\":[{\"@type\":\"ListItem\",\"position\":1,\"name\":\"Home\",\"item\":\"https:\/\/www.amolock.com\/fr\/\"},{\"@type\":\"ListItem\",\"position\":2,\"name\":\"Produkte\",\"item\":\"https:\/\/www.amolock.com\/fr\/?page_id=68\"},{\"@type\":\"ListItem\",\"position\":3,\"name\":\"Zubeh\u00f6r\"}]},{\"@type\":\"WebSite\",\"@id\":\"https:\/\/www.amolock.com\/fr\/#website\",\"url\":\"https:\/\/www.amolock.com\/fr\/\",\"name\":\"AMOLOCK\u00ae | FR\",\"description\":\"Teppichfliesen f\u00fcr Wohnen &amp; Gewerbe\",\"publisher\":{\"@id\":\"https:\/\/www.amolock.com\/fr\/#organization\"},\"potentialAction\":[{\"@type\":\"SearchAction\",\"target\":{\"@type\":\"EntryPoint\",\"urlTemplate\":\"https:\/\/www.amolock.com\/fr\/?s={search_term_string}\"},\"query-input\":\"required name=search_term_string\"}],\"inLanguage\":\"en-US\"},{\"@type\":\"Organization\",\"@id\":\"https:\/\/www.amolock.com\/fr\/#organization\",\"name\":\"SCHATEX\",\"url\":\"https:\/\/www.amolock.com\/fr\/\",\"logo\":{\"@type\":\"ImageObject\",\"inLanguage\":\"en-US\",\"@id\":\"https:\/\/www.amolock.com\/fr\/#\/schema\/logo\/image\/\",\"url\":\"https:\/\/schatex.com\/wp-content\/uploads\/sites\/22\/2020\/05\/cropped-logo.png\",\"contentUrl\":\"https:\/\/schatex.com\/wp-content\/uploads\/sites\/22\/2020\/05\/cropped-logo.png\",\"width\":476,\"height\":112,\"caption\":\"SCHATEX\"},\"image\":{\"@id\":\"https:\/\/www.amolock.com\/fr\/#\/schema\/logo\/image\/\"}}]}<\/script>\n<!-- \/ Yoast SEO plugin. -->","yoast_head_json":{"title":"SCHATEX\u00ae Zubeh\u00f6r | Kollektionen f\u00fcr Wohnen & Gewerbe","description":"Zubeh\u00f6r f\u00fcr SCHATEX\u00ae - Teppichfliesen | Die Marke f\u00fcr Teppichfliesen | Entdecken Sie Top-Produkte f\u00fcr Wohnen & Gewerbe!","robots":{"index":"index","follow":"follow","max-snippet":"max-snippet:-1","max-image-preview":"max-image-preview:large","max-video-preview":"max-video-preview:-1"},"canonical":"https:\/\/www.amolock.com\/fr\/produkte\/zubehoer\/","og_locale":"en_US","og_type":"article","og_title":"SCHATEX\u00ae Zubeh\u00f6r | Kollektionen f\u00fcr Wohnen & Gewerbe","og_description":"Zubeh\u00f6r f\u00fcr SCHATEX\u00ae - Teppichfliesen | Die Marke f\u00fcr Teppichfliesen | Entdecken Sie Top-Produkte f\u00fcr Wohnen & Gewerbe!","og_url":"https:\/\/www.amolock.com\/fr\/produkte\/zubehoer\/","og_site_name":"AMOLOCK\u00ae | FR","article_modified_time":"2021-08-30T00:07:54+00:00","twitter_card":"summary_large_image","twitter_misc":{"Est. reading time":"2 minutes"},"schema":{"@context":"https:\/\/schema.org","@graph":[{"@type":"WebPage","@id":"https:\/\/www.amolock.com\/fr\/produkte\/zubehoer\/","url":"https:\/\/www.amolock.com\/fr\/produkte\/zubehoer\/","name":"SCHATEX\u00ae Zubeh\u00f6r | Kollektionen f\u00fcr Wohnen & Gewerbe","isPartOf":{"@id":"https:\/\/www.amolock.com\/fr\/#website"},"datePublished":"2020-05-18T21:13:36+00:00","dateModified":"2021-08-30T00:07:54+00:00","description":"Zubeh\u00f6r f\u00fcr SCHATEX\u00ae - Teppichfliesen | Die Marke f\u00fcr Teppichfliesen | Entdecken Sie Top-Produkte f\u00fcr Wohnen & Gewerbe!","breadcrumb":{"@id":"https:\/\/www.amolock.com\/fr\/produkte\/zubehoer\/#breadcrumb"},"inLanguage":"en-US","potentialAction":[{"@type":"ReadAction","target":["https:\/\/www.amolock.com\/fr\/produkte\/zubehoer\/"]}]},{"@type":"BreadcrumbList","@id":"https:\/\/www.amolock.com\/fr\/produkte\/zubehoer\/#breadcrumb","itemListElement":[{"@type":"ListItem","position":1,"name":"Home","item":"https:\/\/www.amolock.com\/fr\/"},{"@type":"ListItem","position":2,"name":"Produkte","item":"https:\/\/www.amolock.com\/fr\/?page_id=68"},{"@type":"ListItem","position":3,"name":"Zubeh\u00f6r"}]},{"@type":"WebSite","@id":"https:\/\/www.amolock.com\/fr\/#website","url":"https:\/\/www.amolock.com\/fr\/","name":"AMOLOCK\u00ae | FR","description":"Teppichfliesen f\u00fcr Wohnen &amp; Gewerbe","publisher":{"@id":"https:\/\/www.amolock.com\/fr\/#organization"},"potentialAction":[{"@type":"SearchAction","target":{"@type":"EntryPoint","urlTemplate":"https:\/\/www.amolock.com\/fr\/?s={search_term_string}"},"query-input":"required name=search_term_string"}],"inLanguage":"en-US"},{"@type":"Organization","@id":"https:\/\/www.amolock.com\/fr\/#organization","name":"SCHATEX","url":"https:\/\/www.amolock.com\/fr\/","logo":{"@type":"ImageObject","inLanguage":"en-US","@id":"https:\/\/www.amolock.com\/fr\/#\/schema\/logo\/image\/","url":"https:\/\/schatex.com\/wp-content\/uploads\/sites\/22\/2020\/05\/cropped-logo.png","contentUrl":"https:\/\/schatex.com\/wp-content\/uploads\/sites\/22\/2020\/05\/cropped-logo.png","width":476,"height":112,"caption":"SCHATEX"},"image":{"@id":"https:\/\/www.amolock.com\/fr\/#\/schema\/logo\/image\/"}}]}},"_links":{"self":[{"href":"https:\/\/www.amolock.com\/fr\/wp-json\/wp\/v2\/pages\/939"}],"collection":[{"href":"https:\/\/www.amolock.com\/fr\/wp-json\/wp\/v2\/pages"}],"about":[{"href":"https:\/\/www.amolock.com\/fr\/wp-json\/wp\/v2\/types\/page"}],"author":[{"embeddable":true,"href":"https:\/\/www.amolock.com\/fr\/wp-json\/wp\/v2\/users\/1"}],"replies":[{"embeddable":true,"href":"https:\/\/www.amolock.com\/fr\/wp-json\/wp\/v2\/comments?post=939"}],"version-history":[{"count":63,"href":"https:\/\/www.amolock.com\/fr\/wp-json\/wp\/v2\/pages\/939\/revisions"}],"predecessor-version":[{"id":8676,"href":"https:\/\/www.amolock.com\/fr\/wp-json\/wp\/v2\/pages\/939\/revisions\/8676"}],"up":[{"embeddable":true,"href":"https:\/\/www.amolock.com\/fr\/wp-json\/wp\/v2\/pages\/68"}],"wp:attachment":[{"href":"https:\/\/www.amolock.com\/fr\/wp-json\/wp\/v2\/media?parent=939"}],"curies":[{"name":"wp","href":"https:\/\/api.w.org\/{rel}","templated":true}]}}