{"id":936,"date":"2020-05-18T22:41:56","date_gmt":"2020-05-18T20:41:56","guid":{"rendered":"http:\/\/dev.schatex.com\/?page_id=936"},"modified":"2021-09-27T10:31:43","modified_gmt":"2021-09-27T08:31:43","slug":"unsere-produkte","status":"publish","type":"page","link":"https:\/\/www.amolock.com\/fr\/produkte\/unsere-produkte\/","title":{"rendered":"Unsere Produkte"},"content":{"rendered":"\n<div class=\"header-cover parallax\" style=\"background-image: url('\/wp-content\/uploads\/sites\/22\/2021\/07\/Gruppe-541.png');\">\n\t<div class=\"teppichfliesen-header\"> \n\t\t<h1>Tuiles en plastique<\/h1>\n\t\t<span>En tant que fournisseur de dalles en plastique soumises \u00e0 des exigences \u00e9lev\u00e9es, nous misons sur l&#8217;utilisation de mat\u00e9riaux de haute qualit\u00e9 et sur des m\u00e9thodes de production rigoureuses. <\/span>\n\t<\/div>\n\t<div class=\"teppichfliesen-subheader\"> <a href=\"#topProdukte\"> Tout voir <\/br> &#x25BC; <\/a> <\/div>\n<\/div>\n\n\n\n<div class=\"container-fluid\" style=\"padding:0px\">\n\t<div class=\"row home-row-1 fliesen-row-1 under-header-row\">\n\t <div class=\"col-md-6 text-center\">\n          <img decoding=\"async\" style=\"width:100%;height:auto;padding-top:7%;\" src=\"\/wp-content\/uploads\/sites\/22\/2021\/08\/Gruppe-828@2x.png\">\n\t  <\/div>\n\t  <div class=\"col-md-6\" style=\"padding:0px\">\n\t\t<h3 style=\"padding:0px 30px;\" class=\"text-uppercase font-weight-bold\">Amolock<sup>\u00ae<\/sup> \u2013 Tuiles en plastique<\/h3>\n\t\t<p style=\"padding-left:30px;padding-right:10px;\">\n\t\t\tLes dalles Amolock sont synonymes de r\u00e9sistance, de manipulation facile et d&#8217;aspect esth\u00e9tique avec une fonctionnalit\u00e9 \u00e9lev\u00e9e en m\u00eame temps. Les dalles en polypropyl\u00e8ne et PVC des diff\u00e9rentes collections sont parfaitement adapt\u00e9es aux besoins des garages et de l&#8217;industrie, sur les balcons et terrasses ainsi que dans de nombreux autres domaines et r\u00e9pondent ici aux normes de qualit\u00e9 les plus \u00e9lev\u00e9es.\n\t\t<\/p>\n\t  <\/div>\n\t<\/div>\n\n       <div class=\"container-fluid\" style=\"padding:0px 60px;\">\n\t<div id=\"topProdukte\" class=\"row home-row-4 fliesen-row-2 text-center\">\n        <div class=\"col-sm-6\">\n            <a href=\"\/Grand\">\n              <img decoding=\"async\" src=\"\/wp-content\/uploads\/sites\/22\/2021\/08\/Grand-2.jpg\">\n              <h4 class=\"produkt-title font-weight-bold\">AMOLOCK<sup>\u00ae<\/sup> \u2013 Grand<\/h4>\n            <\/a>\n        <\/div>\n        <div class=\"col-sm-6\">\n            <a href=\"\/amolock-first-eco\">\n              <img decoding=\"async\" src=\"\/wp-content\/uploads\/sites\/22\/2021\/08\/First-Eco-2.jpg\">\n              <h4 class=\"produkt-title font-weight-bold\">AMOLOCK<sup>\u00ae<\/sup> \u2013 First Eco<\/h4>\n            <\/a>\n        <\/div>\n        <div class=\"col-sm-6\">\n            <a href=\"\/amolock-pro-elegant\">\n              <img decoding=\"async\" src=\"\/wp-content\/uploads\/sites\/22\/2021\/08\/Pro-Elegant.jpg\">\n              <h4 class=\"produkt-title font-weight-bold\">Amolock<sup>\u00ae<\/sup> \u2013 Pro Elegant<\/h4>\n            <\/a>\n        <\/div>\n        <div class=\"col-sm-6\">\n            <a href=\"\/amolock-pro-classic\">\n              <img decoding=\"async\" src=\"\/wp-content\/uploads\/sites\/22\/2021\/08\/Pro-Classic.jpg\">\n              <h4 class=\"produkt-title font-weight-bold\">AMOLOCK <sup>\u00ae<\/sup> \u2013 Pro Classic<\/h4>\n            <\/a>\n        <\/div>\n        <div class=\"col-sm-6\">\n            <a href=\"\/amolock-pro-industrial\">\n            <img decoding=\"async\" src=\"\/wp-content\/uploads\/sites\/22\/2021\/08\/Pro-Industrial.jpg\">\n            <h4 class=\"produkt-title font-weight-bold\">Amolock<sup>\u00ae<\/sup> \u2013 Pro Industrial<\/h4>\n            <\/a>\n        <\/div>\n        <div class=\"col-sm-6\">\n            <a href=\"\/amolock-pro-exclusive\">\n            <img decoding=\"async\" src=\"\/wp-content\/uploads\/sites\/22\/2021\/08\/Pro-Elegant.jpg\">\n            <h4 class=\"produkt-title font-weight-bold\">Amolock<sup>\u00ae<\/sup> \u2013 Pro Exclusive<\/h4>\n            <\/a>\n        <\/div>\n        <div class=\"col-sm-6\">\n            <a href=\"\/amolock-xtreme-classic\">\n            <img decoding=\"async\" src=\"\/wp-content\/uploads\/sites\/22\/2021\/08\/Xtreme-Classic.jpg\">\n            <h4 class=\"produkt-title font-weight-bold\">Amolock<sup>\u00ae<\/sup> \u2013 Xtreme Classic<\/h4>\n            \n            <\/a>\n        <\/div>\n        <div class=\"col-sm-6\">\n            <a href=\"\/amolokc-xtreme-elegant\">\n            <img decoding=\"async\" src=\"\/wp-content\/uploads\/sites\/22\/2021\/08\/Xtreme-Elegant-2.jpg\">\n            <h4 class=\"produkt-title font-weight-bold\">Amolock<sup>\u00ae<\/sup> \u2013 Xtreme Elegant<\/h4>\n            <\/a>\n        <\/div>\n        <div class=\"col-sm-6\">\n            <a href=\"\/amolock-xtreme-industrial\">\n            <img decoding=\"async\" src=\"\/wp-content\/uploads\/sites\/22\/2021\/08\/Xtreme-Industrial.jpg\">\n            <h4 class=\"produkt-title font-weight-bold\">Amolock<sup>\u00ae<\/sup> \u2013 Xtreme Industrial<\/h4>\n            <\/a>\n        <\/div>\n        <div class=\"col-sm-6\">\n            <a href=\"\/amolock-extreme-exclusive\">\n            <img decoding=\"async\" src=\"\/wp-content\/uploads\/sites\/22\/2021\/08\/Xtreme-Exclusive-2.jpg\">\n            <h4 class=\"produkt-title font-weight-bold\">Amolock<sup>\u00ae<\/sup> \u2013 Xtreme Exclusive<\/h4>\n            <\/a>\n        <\/div>\n        <div class=\"col-sm-6\">\n            <a href=\"\/amolock-slate-deluxe\">\n            <img decoding=\"async\" src=\"\/wp-content\/uploads\/sites\/22\/2021\/08\/Slate-Deluxe.jpg\">\n            <h4 class=\"produkt-title font-weight-bold\">Amolock<sup>\u00ae<\/sup> \u2013 Slate Deluxe<\/h4>\n            <\/a>\n        <\/div>\n       <div class=\"col-sm-6\">\n            <a href=\"\/amolock-luxury\">\n            <img decoding=\"async\" src=\"\/wp-content\/uploads\/sites\/22\/2021\/08\/Luxury_2.jpg\">\n            <h4 class=\"produkt-title font-weight-bold\">Amolock<sup>\u00ae<\/sup> \u2013 Luxury<\/h4>\n            <\/a>\n        <\/div>\n <div class=\"col-sm-6\">\n            <a href=\"\/amolock-easy\">\n            <img decoding=\"async\" src=\"\/wp-content\/uploads\/sites\/22\/2021\/08\/Easy-Classic.jpg\">\n            <h4 class=\"produkt-title font-weight-bold\">Amolock<sup>\u00ae<\/sup> \u2013 Easy Classic<\/h4>\n            <\/a>\n        <\/div>\n <div class=\"col-sm-6\">\n            <a href=\"\/amolock-eco-xxl\">\n            <img decoding=\"async\" src=\"\/wp-content\/uploads\/sites\/22\/2021\/08\/Easy-Classic.jpg\">\n            <h4 class=\"produkt-title font-weight-bold\">Amolock<sup>\u00ae<\/sup> \u2013 Easy Wood<\/h4>\n            <\/a>\n        <\/div>\n <div class=\"col-sm-6\">\n            <a href=\"\/amolock-eco\">\n            <img decoding=\"async\" src=\"\/wp-content\/uploads\/sites\/22\/2021\/08\/Easy-Design.jpg\">\n            <h4 class=\"produkt-title font-weight-bold\">Amolock<sup>\u00ae<\/sup> \u2013 Easy Design<\/h4>\n            <\/a>\n        <\/div>\n\n\t<\/div>\n<\/div>\n  <\/div>\n\n\n\n<p><\/p>\n","protected":false},"excerpt":{"rendered":"<p>Tuiles en plastique En tant que fournisseur de dalles en plastique soumises \u00e0 des exigences \u00e9lev\u00e9es, nous misons sur l&#8217;utilisation de mat\u00e9riaux de haute qualit\u00e9 et sur des m\u00e9thodes de production rigoureuses. Tout voir &#x25BC; Amolock\u00ae \u2013 Tuiles en plastique Les dalles Amolock sont synonymes de r\u00e9sistance, de manipulation facile et d&#8217;aspect esth\u00e9tique avec une &#8230; <a title=\"Unsere Produkte\" class=\"read-more\" href=\"https:\/\/www.amolock.com\/fr\/produkte\/unsere-produkte\/\" aria-label=\"Read more about Unsere Produkte\">Read more<\/a><\/p>\n","protected":false},"author":1,"featured_media":0,"parent":68,"menu_order":0,"comment_status":"closed","ping_status":"closed","template":"","meta":{"footnotes":""},"yoast_head":"<!-- This site is optimized with the Yoast SEO plugin v22.6 - https:\/\/yoast.com\/wordpress\/plugins\/seo\/ -->\n<title>SCHATEX\u00ae Teppichfliesen | Kollektionen f\u00fcr Wohnen &amp; Gewerbe<\/title>\n<meta name=\"description\" content=\"SCHATEX\u00ae-Kollektionen | Die Marke f\u00fcr lose verlegbare Teppichfliesen | Entdecken Sie Top-Produkte f\u00fcr Wohnen &amp; Gewerbe!\" \/>\n<meta name=\"robots\" content=\"index, follow, max-snippet:-1, max-image-preview:large, max-video-preview:-1\" \/>\n<link rel=\"canonical\" href=\"https:\/\/www.amolock.com\/fr\/produkte\/unsere-produkte\/\" \/>\n<meta property=\"og:locale\" content=\"en_US\" \/>\n<meta property=\"og:type\" content=\"article\" \/>\n<meta property=\"og:title\" content=\"SCHATEX\u00ae Teppichfliesen | Kollektionen f\u00fcr Wohnen &amp; Gewerbe\" \/>\n<meta property=\"og:description\" content=\"SCHATEX\u00ae-Kollektionen | Die Marke f\u00fcr lose verlegbare Teppichfliesen | Entdecken Sie Top-Produkte f\u00fcr Wohnen &amp; Gewerbe!\" \/>\n<meta property=\"og:url\" content=\"https:\/\/www.amolock.com\/fr\/produkte\/unsere-produkte\/\" \/>\n<meta property=\"og:site_name\" content=\"AMOLOCK\u00ae | FR\" \/>\n<meta property=\"article:modified_time\" content=\"2021-09-27T08:31:43+00:00\" \/>\n<meta name=\"twitter:card\" content=\"summary_large_image\" \/>\n<meta name=\"twitter:label1\" content=\"Est. reading time\" \/>\n\t<meta name=\"twitter:data1\" content=\"4 minutes\" \/>\n<script type=\"application\/ld+json\" class=\"yoast-schema-graph\">{\"@context\":\"https:\/\/schema.org\",\"@graph\":[{\"@type\":\"WebPage\",\"@id\":\"https:\/\/www.amolock.com\/fr\/produkte\/unsere-produkte\/\",\"url\":\"https:\/\/www.amolock.com\/fr\/produkte\/unsere-produkte\/\",\"name\":\"SCHATEX\u00ae Teppichfliesen | Kollektionen f\u00fcr Wohnen & Gewerbe\",\"isPartOf\":{\"@id\":\"https:\/\/www.amolock.com\/fr\/#website\"},\"datePublished\":\"2020-05-18T20:41:56+00:00\",\"dateModified\":\"2021-09-27T08:31:43+00:00\",\"description\":\"SCHATEX\u00ae-Kollektionen | Die Marke f\u00fcr lose verlegbare Teppichfliesen | Entdecken Sie Top-Produkte f\u00fcr Wohnen & Gewerbe!\",\"breadcrumb\":{\"@id\":\"https:\/\/www.amolock.com\/fr\/produkte\/unsere-produkte\/#breadcrumb\"},\"inLanguage\":\"en-US\",\"potentialAction\":[{\"@type\":\"ReadAction\",\"target\":[\"https:\/\/www.amolock.com\/fr\/produkte\/unsere-produkte\/\"]}]},{\"@type\":\"BreadcrumbList\",\"@id\":\"https:\/\/www.amolock.com\/fr\/produkte\/unsere-produkte\/#breadcrumb\",\"itemListElement\":[{\"@type\":\"ListItem\",\"position\":1,\"name\":\"Home\",\"item\":\"https:\/\/www.amolock.com\/fr\/\"},{\"@type\":\"ListItem\",\"position\":2,\"name\":\"Produkte\",\"item\":\"https:\/\/www.amolock.com\/fr\/?page_id=68\"},{\"@type\":\"ListItem\",\"position\":3,\"name\":\"Unsere Produkte\"}]},{\"@type\":\"WebSite\",\"@id\":\"https:\/\/www.amolock.com\/fr\/#website\",\"url\":\"https:\/\/www.amolock.com\/fr\/\",\"name\":\"AMOLOCK\u00ae | FR\",\"description\":\"Teppichfliesen f\u00fcr Wohnen &amp; Gewerbe\",\"publisher\":{\"@id\":\"https:\/\/www.amolock.com\/fr\/#organization\"},\"potentialAction\":[{\"@type\":\"SearchAction\",\"target\":{\"@type\":\"EntryPoint\",\"urlTemplate\":\"https:\/\/www.amolock.com\/fr\/?s={search_term_string}\"},\"query-input\":\"required name=search_term_string\"}],\"inLanguage\":\"en-US\"},{\"@type\":\"Organization\",\"@id\":\"https:\/\/www.amolock.com\/fr\/#organization\",\"name\":\"SCHATEX\",\"url\":\"https:\/\/www.amolock.com\/fr\/\",\"logo\":{\"@type\":\"ImageObject\",\"inLanguage\":\"en-US\",\"@id\":\"https:\/\/www.amolock.com\/fr\/#\/schema\/logo\/image\/\",\"url\":\"https:\/\/schatex.com\/wp-content\/uploads\/sites\/22\/2020\/05\/cropped-logo.png\",\"contentUrl\":\"https:\/\/schatex.com\/wp-content\/uploads\/sites\/22\/2020\/05\/cropped-logo.png\",\"width\":476,\"height\":112,\"caption\":\"SCHATEX\"},\"image\":{\"@id\":\"https:\/\/www.amolock.com\/fr\/#\/schema\/logo\/image\/\"}}]}<\/script>\n<!-- \/ Yoast SEO plugin. -->","yoast_head_json":{"title":"SCHATEX\u00ae Teppichfliesen | Kollektionen f\u00fcr Wohnen & Gewerbe","description":"SCHATEX\u00ae-Kollektionen | Die Marke f\u00fcr lose verlegbare Teppichfliesen | Entdecken Sie Top-Produkte f\u00fcr Wohnen & Gewerbe!","robots":{"index":"index","follow":"follow","max-snippet":"max-snippet:-1","max-image-preview":"max-image-preview:large","max-video-preview":"max-video-preview:-1"},"canonical":"https:\/\/www.amolock.com\/fr\/produkte\/unsere-produkte\/","og_locale":"en_US","og_type":"article","og_title":"SCHATEX\u00ae Teppichfliesen | Kollektionen f\u00fcr Wohnen & Gewerbe","og_description":"SCHATEX\u00ae-Kollektionen | Die Marke f\u00fcr lose verlegbare Teppichfliesen | Entdecken Sie Top-Produkte f\u00fcr Wohnen & Gewerbe!","og_url":"https:\/\/www.amolock.com\/fr\/produkte\/unsere-produkte\/","og_site_name":"AMOLOCK\u00ae | FR","article_modified_time":"2021-09-27T08:31:43+00:00","twitter_card":"summary_large_image","twitter_misc":{"Est. reading time":"4 minutes"},"schema":{"@context":"https:\/\/schema.org","@graph":[{"@type":"WebPage","@id":"https:\/\/www.amolock.com\/fr\/produkte\/unsere-produkte\/","url":"https:\/\/www.amolock.com\/fr\/produkte\/unsere-produkte\/","name":"SCHATEX\u00ae Teppichfliesen | Kollektionen f\u00fcr Wohnen & Gewerbe","isPartOf":{"@id":"https:\/\/www.amolock.com\/fr\/#website"},"datePublished":"2020-05-18T20:41:56+00:00","dateModified":"2021-09-27T08:31:43+00:00","description":"SCHATEX\u00ae-Kollektionen | Die Marke f\u00fcr lose verlegbare Teppichfliesen | Entdecken Sie Top-Produkte f\u00fcr Wohnen & Gewerbe!","breadcrumb":{"@id":"https:\/\/www.amolock.com\/fr\/produkte\/unsere-produkte\/#breadcrumb"},"inLanguage":"en-US","potentialAction":[{"@type":"ReadAction","target":["https:\/\/www.amolock.com\/fr\/produkte\/unsere-produkte\/"]}]},{"@type":"BreadcrumbList","@id":"https:\/\/www.amolock.com\/fr\/produkte\/unsere-produkte\/#breadcrumb","itemListElement":[{"@type":"ListItem","position":1,"name":"Home","item":"https:\/\/www.amolock.com\/fr\/"},{"@type":"ListItem","position":2,"name":"Produkte","item":"https:\/\/www.amolock.com\/fr\/?page_id=68"},{"@type":"ListItem","position":3,"name":"Unsere Produkte"}]},{"@type":"WebSite","@id":"https:\/\/www.amolock.com\/fr\/#website","url":"https:\/\/www.amolock.com\/fr\/","name":"AMOLOCK\u00ae | FR","description":"Teppichfliesen f\u00fcr Wohnen &amp; Gewerbe","publisher":{"@id":"https:\/\/www.amolock.com\/fr\/#organization"},"potentialAction":[{"@type":"SearchAction","target":{"@type":"EntryPoint","urlTemplate":"https:\/\/www.amolock.com\/fr\/?s={search_term_string}"},"query-input":"required name=search_term_string"}],"inLanguage":"en-US"},{"@type":"Organization","@id":"https:\/\/www.amolock.com\/fr\/#organization","name":"SCHATEX","url":"https:\/\/www.amolock.com\/fr\/","logo":{"@type":"ImageObject","inLanguage":"en-US","@id":"https:\/\/www.amolock.com\/fr\/#\/schema\/logo\/image\/","url":"https:\/\/schatex.com\/wp-content\/uploads\/sites\/22\/2020\/05\/cropped-logo.png","contentUrl":"https:\/\/schatex.com\/wp-content\/uploads\/sites\/22\/2020\/05\/cropped-logo.png","width":476,"height":112,"caption":"SCHATEX"},"image":{"@id":"https:\/\/www.amolock.com\/fr\/#\/schema\/logo\/image\/"}}]}},"_links":{"self":[{"href":"https:\/\/www.amolock.com\/fr\/wp-json\/wp\/v2\/pages\/936"}],"collection":[{"href":"https:\/\/www.amolock.com\/fr\/wp-json\/wp\/v2\/pages"}],"about":[{"href":"https:\/\/www.amolock.com\/fr\/wp-json\/wp\/v2\/types\/page"}],"author":[{"embeddable":true,"href":"https:\/\/www.amolock.com\/fr\/wp-json\/wp\/v2\/users\/1"}],"replies":[{"embeddable":true,"href":"https:\/\/www.amolock.com\/fr\/wp-json\/wp\/v2\/comments?post=936"}],"version-history":[{"count":263,"href":"https:\/\/www.amolock.com\/fr\/wp-json\/wp\/v2\/pages\/936\/revisions"}],"predecessor-version":[{"id":8952,"href":"https:\/\/www.amolock.com\/fr\/wp-json\/wp\/v2\/pages\/936\/revisions\/8952"}],"up":[{"embeddable":true,"href":"https:\/\/www.amolock.com\/fr\/wp-json\/wp\/v2\/pages\/68"}],"wp:attachment":[{"href":"https:\/\/www.amolock.com\/fr\/wp-json\/wp\/v2\/media?parent=936"}],"curies":[{"name":"wp","href":"https:\/\/api.w.org\/{rel}","templated":true}]}}