{"id":5804,"date":"2021-07-22T13:04:15","date_gmt":"2021-07-22T11:04:15","guid":{"rendered":"https:\/\/amolock.dev.schatex.com\/fr\/?page_id=5804"},"modified":"2021-07-24T16:36:27","modified_gmt":"2021-07-24T14:36:27","slug":"retail","status":"publish","type":"page","link":"https:\/\/www.amolock.com\/fr\/produkte\/einsatzberreiche\/retail\/","title":{"rendered":"Retail-einsatzberreiche"},"content":{"rendered":"\n<div class=\"header-cover parallax\" style=\"background-image: url('\/wp-content\/uploads\/sites\/22\/2021\/07\/Retail-42.png');\">\n  <div class=\"header-cover-title\"> \n     <h1>Einsatzberreich &#8211; Retail<\/h1>\n     <span>Hier finden Sie Informationen zum Thema Retail-Bodenbel\u00e4ge und Empfehlungen.<\/span>\n  <\/div>\n<\/div>\n\n\n\n<div id=\"topProdukte\" class=\"row produktion-row-2\">\n\t\t<div class=\"col-lg-6 col-bg p-0\">\n\t\t\t<div style=\"background-image: url('\/wp-content\/uploads\/sites\/22\/2021\/07\/Retail-42.png');\"><\/div>\n\t\t<\/div>\n\t\t<div class=\"col-lg-6\">\n\t\t\t<h2 class=\"font-weight-bold\">RETAIL<\/h2>\n\t\t\t<p class=\"text-left\">\n\t\t\tUnd was dabei zu beachten ist Fu\u00dfleisten sind in unterschiedlichen Formen und mit einer gro\u00dfen Farbauswahl erh\u00e4ltlich. Neben einer Vielzahl von passenden Leisten, die optimal auf die Dekore abgestimmt sind, bietet Ihnen das wineo-Zubeh\u00f6rsortiment auch einfarbige Fu\u00dfleisten wie z.B. in den Farbt\u00f6nen Edelstahl und wei\u00df. Besonders die einfarbig, in einem schlichten Wei\u00dfton gehaltenen Leisten sind universell zu allen Designs kombinierbar, und passen besonders gut zu unseren Steindekoren, Betonoptiken und anderen Fantasiedekoren, zu denen wir keine passende Fu\u00dfleiste anbieten. Besonders hervorzuheben ist hier unsere Fu\u00dfleiste, die wir f\u00fcr die Designs unserer PURLINE Kollektion entwickelt haben. Diese Leiste hat als Basismaterial einen Kunststofftr\u00e4ger, der keine Feuchtigkeit aufnehmen kann. Somit eignet sich diese Fu\u00dfleiste durch ihre Wasserfestigkeit auch im Einsatz in Feuchtr\u00e4umen.\n\t\t\t<\/p>\n\t<\/div>\n\t<div class=\"col-lg-6\">\n\t\t\n\t\t<p class=\"text-left\">\n\t\t\tDie notwendige Dehnungsfuge zwischen Bodenbelag und Wand wird von allen unseren Leisten ebenfalls ber\u00fccksichtigt und \u00fcberdeckt diese passgenau. Alle Fu\u00dfleisten sind besonders einfach zu installieren \u2013 dank unseres Clip Befestigungssystems. Eine \u00dcbersicht dar\u00fcber, welche Designs \u00fcber die dekorgleichen Leisten verf\u00fcgen, finden Sie in unserem Zubeh\u00f6rkatalog oder in der H\u00e4ndler-Brosch\u00fcre.Die notwendige Dehnungsfuge zwischen Bodenbelag und Wand wird von allen unseren Leisten ebenfalls ber\u00fccksichtigt und \u00fcberdeckt diese passgenau. Alle Fu\u00dfleisten sind besonders einfach zu installieren \u2013 dank unseres Clip Befestigungssystems. Eine \u00dcbersicht dar\u00fcber, welche Designs \u00fcber die dekorgleichen Leisten verf\u00fcgen, finden Sie in unserem Zubeh\u00f6rkatalog oder in der H\u00e4ndler-Brosch\u00fcre.Eine \u00dcbersicht dar\u00fcber, welche Designs \u00fcber die dekorgleichen Leisten verf\u00fcgen, finden Sie in unserem Zubeh\u00f6rkatalog oder in der H\u00e4ndler-Brosch\u00fcre.\n\t\t<\/p>\n\t<\/div>\n\t<div class=\"col-lg-6 col-bg p-0\">\n\t\t<div style=\"background-image: url('\/wp-content\/uploads\/sites\/22\/2021\/07\/Retail-41.png');\"><\/div>\n\t<\/div>\n<\/div>\n<div class=\"row pr-details-row-4 produktion-quote-2 parallax\" style=\"background-image: url('\/wp-content\/uploads\/sites\/22\/2021\/06\/Zitat-b.jpg');\">\n\t<div class=\"col\">\n\t\t<h3>\u201e Top Qualit\u00e4t, einfache Verarbeitung &amp; eine riesen Auswahl an satten Farben. Einfaches austauschen erm\u00f6glicht eine einfache Reinigung und Pflege. \u201c\n\t\t\t<span>Tobias Moschner<\/span>\n\t\t\t<span class=\"font-weight-normal\">CEO<\/span>\n\t\t<\/h3>\n\t<\/div>\n<\/div>\n<div class=\"container\">\n  <br><br>\n  <h3 class=\"font-weight-bold\">Passende Produkte<\/h3>\n\n<\/div>\n<div class=\"container\">\n\t<div id=\"topProdukte\" class=\"row home-row-4 fliesen-row-2 text-center\">\n     <div class=\"row\">\n        <div class=\"col-md-4\">\n            <a href=\"\/teppichfliesen\/schatex-eco-professional\">\n              <img decoding=\"async\" src=\"\/wp-content\/uploads\/sites\/22\/2021\/05\/Eco-Professional.jpg\">\n             <div class=\"header-cover-title\" > \n               <h4 style=\"font-size:18px;font-weight:bold;\">Amolock<sup>\u00ae<\/sup> \u2013 ECO XL<\/h4>\n               <span style=\"font-size:14px;\">Perfekt geeignet f\u00fcr Shops jeder Art<\/span>\n             <\/div>\n            <\/a>\n        <\/div>\n        <div class=\"col-md-4\">\n            <a href=\"\/teppichfliesen\/schatex-entrance\">\n              <img decoding=\"async\" src=\"\/wp-content\/uploads\/sites\/22\/2021\/05\/Entrance.jpg\">\n              <div class=\"header-cover-title\" > \n               <h4 style=\"font-size:18px;font-weight:bold;\">Amolock<sup>\u00ae<\/sup> \u2013 Easy Classic<\/h4>\n               <span style=\"font-size:14px;\">Perfekt geeignet f\u00fcr Shops jeder Art<\/span>\n             <\/div>\n            <\/a>\n        <\/div>\n        <div class=\"col-md-4\">\n            <a href=\"\/teppichfliesen\/schatex-interloop\">\n              <img decoding=\"async\" src=\"\/wp-content\/uploads\/sites\/22\/2021\/05\/Interloop.jpg\">\n             <div class=\"header-cover-title\" > \n               <h4 style=\"font-size:18px;font-weight:bold;\">Amolock<sup>\u00ae<\/sup> \u2013 Luxury<\/h4>\n               <span style=\"font-size:14px;\">Perfekt geeignet f\u00fcr Shops jeder Art<\/span>\n             <\/div>\n            <\/a>\n        <\/div>\n       <\/div>\n       <div class=\"row\">\n        <div class=\"col-md-4\">\n            <a href=\"\/teppichfliesen\/schatex-living\">\n              <img decoding=\"async\" src=\"\/wp-content\/uploads\/sites\/22\/2021\/05\/Living.jpg\">\n               <div class=\"header-cover-title\" > \n               <h4 style=\"font-size:18px;font-weight:bold;\">Amolock<sup>\u00ae<\/sup> \u2013 Luxury<\/h4>\n               <span style=\"font-size:14px;\">Perfekt geeignet f\u00fcr Shops jeder Art<\/span>\n             <\/div>\n            <\/a>\n        <\/div>\n        <div class=\"col-md-4\">\n            <a href=\"\/teppichfliesen\/schatex-simply-soft\">\n            <img decoding=\"async\" src=\"\/wp-content\/uploads\/sites\/22\/2021\/05\/Simply-Soft.jpg\">\n            <div class=\"header-cover-title\" > \n               <h4 style=\"font-size:18px;font-weight:bold;\">Amolock<sup>\u00ae<\/sup> \u2013 Luxury<\/h4>\n               <span style=\"font-size:14px;\">Perfekt geeignet f\u00fcr Shops jeder Art<\/span>\n             <\/div>\n            <\/a>\n        <\/div>\n        <div class=\"col-md-4\">\n            <a href=\"\/teppichfliesen\/schatex-smartline\">\n            <img decoding=\"async\" src=\"\/wp-content\/uploads\/sites\/22\/2021\/05\/Smartline.jpg\">\n             <div class=\"header-cover-title\" > \n               <h4 style=\"font-size:18px;font-weight:bold;\">Amolock<sup>\u00ae<\/sup> \u2013 Luxury<\/h4>\n               <span style=\"font-size:14px;\">Perfekt geeignet f\u00fcr Shops jeder Art<\/span>\n             <\/div>\n            <\/a>\n        <\/div>\n    <\/div>\n<\/div>\n\n\n\n<p><\/p>\n","protected":false},"excerpt":{"rendered":"<p>Einsatzberreich &#8211; Retail Hier finden Sie Informationen zum Thema Retail-Bodenbel\u00e4ge und Empfehlungen. RETAIL Und was dabei zu beachten ist Fu\u00dfleisten sind in unterschiedlichen Formen und mit einer gro\u00dfen Farbauswahl erh\u00e4ltlich. Neben einer Vielzahl von passenden Leisten, die optimal auf die Dekore abgestimmt sind, bietet Ihnen das wineo-Zubeh\u00f6rsortiment auch einfarbige Fu\u00dfleisten wie z.B. in den Farbt\u00f6nen &#8230; <a title=\"Retail-einsatzberreiche\" class=\"read-more\" href=\"https:\/\/www.amolock.com\/fr\/produkte\/einsatzberreiche\/retail\/\" aria-label=\"Read more about Retail-einsatzberreiche\">Read more<\/a><\/p>\n","protected":false},"author":3,"featured_media":0,"parent":69,"menu_order":0,"comment_status":"closed","ping_status":"closed","template":"","meta":{"footnotes":""},"yoast_head":"<!-- This site is optimized with the Yoast SEO plugin v22.6 - https:\/\/yoast.com\/wordpress\/plugins\/seo\/ -->\n<title>Retail-einsatzberreiche - AMOLOCK\u00ae | FR<\/title>\n<meta name=\"robots\" content=\"index, follow, max-snippet:-1, max-image-preview:large, max-video-preview:-1\" \/>\n<link rel=\"canonical\" href=\"https:\/\/www.amolock.com\/fr\/produkte\/einsatzberreiche\/retail\/\" \/>\n<meta property=\"og:locale\" content=\"en_US\" \/>\n<meta property=\"og:type\" content=\"article\" \/>\n<meta property=\"og:title\" content=\"Retail-einsatzberreiche - AMOLOCK\u00ae | FR\" \/>\n<meta property=\"og:description\" content=\"Einsatzberreich &#8211; Retail Hier finden Sie Informationen zum Thema Retail-Bodenbel\u00e4ge und Empfehlungen. RETAIL Und was dabei zu beachten ist Fu\u00dfleisten sind in unterschiedlichen Formen und mit einer gro\u00dfen Farbauswahl erh\u00e4ltlich. Neben einer Vielzahl von passenden Leisten, die optimal auf die Dekore abgestimmt sind, bietet Ihnen das wineo-Zubeh\u00f6rsortiment auch einfarbige Fu\u00dfleisten wie z.B. in den Farbt\u00f6nen ... Read more\" \/>\n<meta property=\"og:url\" content=\"https:\/\/www.amolock.com\/fr\/produkte\/einsatzberreiche\/retail\/\" \/>\n<meta property=\"og:site_name\" content=\"AMOLOCK\u00ae | FR\" \/>\n<meta property=\"article:modified_time\" content=\"2021-07-24T14:36:27+00:00\" \/>\n<meta name=\"twitter:card\" content=\"summary_large_image\" \/>\n<meta name=\"twitter:label1\" content=\"Est. reading time\" \/>\n\t<meta name=\"twitter:data1\" content=\"3 minutes\" \/>\n<script type=\"application\/ld+json\" class=\"yoast-schema-graph\">{\"@context\":\"https:\/\/schema.org\",\"@graph\":[{\"@type\":\"WebPage\",\"@id\":\"https:\/\/www.amolock.com\/fr\/produkte\/einsatzberreiche\/retail\/\",\"url\":\"https:\/\/www.amolock.com\/fr\/produkte\/einsatzberreiche\/retail\/\",\"name\":\"Retail-einsatzberreiche - AMOLOCK\u00ae | FR\",\"isPartOf\":{\"@id\":\"https:\/\/www.amolock.com\/fr\/#website\"},\"datePublished\":\"2021-07-22T11:04:15+00:00\",\"dateModified\":\"2021-07-24T14:36:27+00:00\",\"breadcrumb\":{\"@id\":\"https:\/\/www.amolock.com\/fr\/produkte\/einsatzberreiche\/retail\/#breadcrumb\"},\"inLanguage\":\"en-US\",\"potentialAction\":[{\"@type\":\"ReadAction\",\"target\":[\"https:\/\/www.amolock.com\/fr\/produkte\/einsatzberreiche\/retail\/\"]}]},{\"@type\":\"BreadcrumbList\",\"@id\":\"https:\/\/www.amolock.com\/fr\/produkte\/einsatzberreiche\/retail\/#breadcrumb\",\"itemListElement\":[{\"@type\":\"ListItem\",\"position\":1,\"name\":\"Home\",\"item\":\"https:\/\/www.amolock.com\/fr\/\"},{\"@type\":\"ListItem\",\"position\":2,\"name\":\"Produkte\",\"item\":\"https:\/\/www.amolock.com\/fr\/?page_id=68\"},{\"@type\":\"ListItem\",\"position\":3,\"name\":\"Einsatzberreiche\",\"item\":\"https:\/\/www.amolock.com\/fr\/produkte\/einsatzberreiche\/\"},{\"@type\":\"ListItem\",\"position\":4,\"name\":\"Retail-einsatzberreiche\"}]},{\"@type\":\"WebSite\",\"@id\":\"https:\/\/www.amolock.com\/fr\/#website\",\"url\":\"https:\/\/www.amolock.com\/fr\/\",\"name\":\"AMOLOCK\u00ae | FR\",\"description\":\"Teppichfliesen f\u00fcr Wohnen &amp; Gewerbe\",\"publisher\":{\"@id\":\"https:\/\/www.amolock.com\/fr\/#organization\"},\"potentialAction\":[{\"@type\":\"SearchAction\",\"target\":{\"@type\":\"EntryPoint\",\"urlTemplate\":\"https:\/\/www.amolock.com\/fr\/?s={search_term_string}\"},\"query-input\":\"required name=search_term_string\"}],\"inLanguage\":\"en-US\"},{\"@type\":\"Organization\",\"@id\":\"https:\/\/www.amolock.com\/fr\/#organization\",\"name\":\"SCHATEX\",\"url\":\"https:\/\/www.amolock.com\/fr\/\",\"logo\":{\"@type\":\"ImageObject\",\"inLanguage\":\"en-US\",\"@id\":\"https:\/\/www.amolock.com\/fr\/#\/schema\/logo\/image\/\",\"url\":\"https:\/\/schatex.com\/wp-content\/uploads\/sites\/22\/2020\/05\/cropped-logo.png\",\"contentUrl\":\"https:\/\/schatex.com\/wp-content\/uploads\/sites\/22\/2020\/05\/cropped-logo.png\",\"width\":476,\"height\":112,\"caption\":\"SCHATEX\"},\"image\":{\"@id\":\"https:\/\/www.amolock.com\/fr\/#\/schema\/logo\/image\/\"}}]}<\/script>\n<!-- \/ Yoast SEO plugin. -->","yoast_head_json":{"title":"Retail-einsatzberreiche - AMOLOCK\u00ae | FR","robots":{"index":"index","follow":"follow","max-snippet":"max-snippet:-1","max-image-preview":"max-image-preview:large","max-video-preview":"max-video-preview:-1"},"canonical":"https:\/\/www.amolock.com\/fr\/produkte\/einsatzberreiche\/retail\/","og_locale":"en_US","og_type":"article","og_title":"Retail-einsatzberreiche - AMOLOCK\u00ae | FR","og_description":"Einsatzberreich &#8211; Retail Hier finden Sie Informationen zum Thema Retail-Bodenbel\u00e4ge und Empfehlungen. RETAIL Und was dabei zu beachten ist Fu\u00dfleisten sind in unterschiedlichen Formen und mit einer gro\u00dfen Farbauswahl erh\u00e4ltlich. Neben einer Vielzahl von passenden Leisten, die optimal auf die Dekore abgestimmt sind, bietet Ihnen das wineo-Zubeh\u00f6rsortiment auch einfarbige Fu\u00dfleisten wie z.B. in den Farbt\u00f6nen ... Read more","og_url":"https:\/\/www.amolock.com\/fr\/produkte\/einsatzberreiche\/retail\/","og_site_name":"AMOLOCK\u00ae | FR","article_modified_time":"2021-07-24T14:36:27+00:00","twitter_card":"summary_large_image","twitter_misc":{"Est. reading time":"3 minutes"},"schema":{"@context":"https:\/\/schema.org","@graph":[{"@type":"WebPage","@id":"https:\/\/www.amolock.com\/fr\/produkte\/einsatzberreiche\/retail\/","url":"https:\/\/www.amolock.com\/fr\/produkte\/einsatzberreiche\/retail\/","name":"Retail-einsatzberreiche - AMOLOCK\u00ae | FR","isPartOf":{"@id":"https:\/\/www.amolock.com\/fr\/#website"},"datePublished":"2021-07-22T11:04:15+00:00","dateModified":"2021-07-24T14:36:27+00:00","breadcrumb":{"@id":"https:\/\/www.amolock.com\/fr\/produkte\/einsatzberreiche\/retail\/#breadcrumb"},"inLanguage":"en-US","potentialAction":[{"@type":"ReadAction","target":["https:\/\/www.amolock.com\/fr\/produkte\/einsatzberreiche\/retail\/"]}]},{"@type":"BreadcrumbList","@id":"https:\/\/www.amolock.com\/fr\/produkte\/einsatzberreiche\/retail\/#breadcrumb","itemListElement":[{"@type":"ListItem","position":1,"name":"Home","item":"https:\/\/www.amolock.com\/fr\/"},{"@type":"ListItem","position":2,"name":"Produkte","item":"https:\/\/www.amolock.com\/fr\/?page_id=68"},{"@type":"ListItem","position":3,"name":"Einsatzberreiche","item":"https:\/\/www.amolock.com\/fr\/produkte\/einsatzberreiche\/"},{"@type":"ListItem","position":4,"name":"Retail-einsatzberreiche"}]},{"@type":"WebSite","@id":"https:\/\/www.amolock.com\/fr\/#website","url":"https:\/\/www.amolock.com\/fr\/","name":"AMOLOCK\u00ae | FR","description":"Teppichfliesen f\u00fcr Wohnen &amp; Gewerbe","publisher":{"@id":"https:\/\/www.amolock.com\/fr\/#organization"},"potentialAction":[{"@type":"SearchAction","target":{"@type":"EntryPoint","urlTemplate":"https:\/\/www.amolock.com\/fr\/?s={search_term_string}"},"query-input":"required name=search_term_string"}],"inLanguage":"en-US"},{"@type":"Organization","@id":"https:\/\/www.amolock.com\/fr\/#organization","name":"SCHATEX","url":"https:\/\/www.amolock.com\/fr\/","logo":{"@type":"ImageObject","inLanguage":"en-US","@id":"https:\/\/www.amolock.com\/fr\/#\/schema\/logo\/image\/","url":"https:\/\/schatex.com\/wp-content\/uploads\/sites\/22\/2020\/05\/cropped-logo.png","contentUrl":"https:\/\/schatex.com\/wp-content\/uploads\/sites\/22\/2020\/05\/cropped-logo.png","width":476,"height":112,"caption":"SCHATEX"},"image":{"@id":"https:\/\/www.amolock.com\/fr\/#\/schema\/logo\/image\/"}}]}},"_links":{"self":[{"href":"https:\/\/www.amolock.com\/fr\/wp-json\/wp\/v2\/pages\/5804"}],"collection":[{"href":"https:\/\/www.amolock.com\/fr\/wp-json\/wp\/v2\/pages"}],"about":[{"href":"https:\/\/www.amolock.com\/fr\/wp-json\/wp\/v2\/types\/page"}],"author":[{"embeddable":true,"href":"https:\/\/www.amolock.com\/fr\/wp-json\/wp\/v2\/users\/3"}],"replies":[{"embeddable":true,"href":"https:\/\/www.amolock.com\/fr\/wp-json\/wp\/v2\/comments?post=5804"}],"version-history":[{"count":28,"href":"https:\/\/www.amolock.com\/fr\/wp-json\/wp\/v2\/pages\/5804\/revisions"}],"predecessor-version":[{"id":5939,"href":"https:\/\/www.amolock.com\/fr\/wp-json\/wp\/v2\/pages\/5804\/revisions\/5939"}],"up":[{"embeddable":true,"href":"https:\/\/www.amolock.com\/fr\/wp-json\/wp\/v2\/pages\/69"}],"wp:attachment":[{"href":"https:\/\/www.amolock.com\/fr\/wp-json\/wp\/v2\/media?parent=5804"}],"curies":[{"name":"wp","href":"https:\/\/api.w.org\/{rel}","templated":true}]}}