{"id":5615,"date":"2021-07-20T20:07:22","date_gmt":"2021-07-20T18:07:22","guid":{"rendered":"https:\/\/amolock.dev.schatex.com\/fr\/?page_id=5615"},"modified":"2021-09-27T11:24:37","modified_gmt":"2021-09-27T09:24:37","slug":"verlegung","status":"publish","type":"page","link":"https:\/\/www.amolock.com\/fr\/verlegung\/","title":{"rendered":"Verlegung"},"content":{"rendered":"\n<div class=\"header-cover parallax\" style=\"background-image: url('\/wp-content\/uploads\/sites\/22\/2021\/01\/Referenzen-header.jpg');\">\n\t<div class=\"teppichfliesen-header\"> \n\t\t<h1>AMOLOCK <sup>\u00ae<\/sup> &#8211; Pose<\/h1>\n\t\t<span>So verlegen Sie Ihre Schatex Produkte richtig!<\/span>\n\t<\/div>\n\t<div class=\"teppichfliesen-subheader\"> <a href=\"#topProdukte\"> Tout voir <\/br> &#x25BC; <\/a> <\/div>\n<\/div>\n\n\n\n<div class=\"container-fluid\">\n\t<div class=\"row home-row-1 fliesen-row-1 under-header-row\">\n\t <div class=\"col-md-6 text-center\">\n          <img decoding=\"async\" style=\"width:100%;height:auto;padding-top:7%;\" src=\"\/wp-content\/uploads\/sites\/22\/2021\/08\/Gruppe-828@2x.png\">\n\n\t  <\/div>\n\t  <div class=\"col-md-6\" style=\"padding:0px 30px;\">\n\t\t<h3 style=\"padding-top:30px;\" class=\"text-uppercase font-weight-bold\">So verlegen Sie Ihre Amolock Produkte<\/h3>\n\t\t<p style=\"padding-bottom:30px;\">Unser stetig wachsendes Produktsortiment orientiert sich an den Bed\u00fcrfnissen unserer Kunden. SCHATEX, das sind Teppichfliesen sowohl f\u00fcr den stark beanspruchten Objektbereich als auch f\u00fcr den privaten Wohnbereich.\n\t\t<\/p>\n\t  <\/div>\n\t<\/div>\n<div class=\"space\"><\/div>\n       <div class=\"container-fluid\" style=\"padding:0px 50px\">\n\t\n        <div class=\"row\">\n        <div class=\"col-md-6\" style=\"padding:0px 15px\">\n         <div class=\"card\">\n          <img decoding=\"async\" class=\"card-img-top img-fluid\" src=\"\/wp-content\/uploads\/sites\/22\/2021\/08\/Luxury_2.jpg\" alt=\"Card image cap\" width=\"400\">\n          <div class=\"card-body\">\n           <h4 class=\"card-title\">Amolock\u00ae Luxury &#8211; Verlegeanleitung<\/h4>\n\n           <p class=\"card-text\">So wird es gemacht. Amolock Produkte einfach selbst verlegen. Alles was Sie daf\u00fcr brauchen ist ein \n              Gummihammer! Jetzt loslegen.<\/p>\n          <\/div>\n        <div class=\"carebtn\">\n        <button class=\"care-button\"><a href=\"\/verlegeanleitung\">Zur Verlegeanleitung<\/a><\/button>\n     <\/div>\n    <\/div>\n<\/div>\n  <div class=\"col-md-6\" style=\"padding:0px 15px\">\n      <div class=\"card\">\n      <img decoding=\"async\" class=\"card-img-top img-fluid\" src=\"\/wp-content\/uploads\/sites\/22\/2021\/08\/Grand-2.jpg\" alt=\"Card image cap\" width=\"400\">\n      <div class=\"card-body\">\n        <h4 class=\"card-title\">Amolock\u00ae XL Kollektionen &#8211; Verlegeanleitung<\/h4>\n        <p class=\"card-text\">So wird es gemacht. Amolock Produkte einfach selbst verlegen. Alles was Sie daf\u00fcr brauchen ist ein Gummihammer! Jetzt loslegen.<\/p>\n      <\/div>\n        <div class=\"carebtn\">\n        <button class=\"care-button\"><a href=\"\/verlegeanleitung\">Zur Verlegeanleitung<\/a><\/button>\n     <\/div>\n    <\/div>\n<\/div>\n<br>\n<div class=\"space\"><\/div>\n<\/div>\n<div class=\"row\">\n  <div class=\"col-md-6\" style=\"padding:0px 15px\">\n      <div class=\"card\">\n      <img decoding=\"async\" class=\"card-img-top img-fluid\" src=\"\/wp-content\/uploads\/sites\/22\/2021\/08\/Easy-Classic.jpg\" alt=\"Card image cap\" width=\"400\">\n      <div class=\"card-body\">\n        <h4 class=\"card-title\">Amolock\u00ae Easy Kollektionen &#8211; Verlegeanleitung<\/h4>\n        <p class=\"card-text\">Easy Blue, Easy Blau, Easy weitere Kollektion<\/p>\n      <\/div>\n        <div class=\"carebtn\">\n        <button class=\"care-button\"><a href=\"\/verlegeanleitung\">Zur Verlegeanleitung<\/a><\/button>\n     <\/div>\n    <\/div>\n\n<\/div>\n\n  <div class=\"col-md-6\" style=\"padding:0px 15px\">\n      <div class=\"card\">\n      <img decoding=\"async\" class=\"card-img-top img-fluid\" src=\"\/wp-content\/uploads\/sites\/22\/2021\/08\/Easy-Design.jpg\" alt=\"Card image cap\" width=\"400\">\n      <div class=\"card-body\">\n        <h4 class=\"card-title\">Amolock\u00ae Easy Kollektionen &#8211; Verlegeanleitung<\/h4>\n        <p class=\"card-text\">Easy Blue, Easy Blau, Easy weitere Kollektion<\/p>\n      <\/div>\n        <div class=\"carebtn\">\n        <button class=\"care-button\"><a href=\"\/verlegeanleitung\">Zur Verlegeanleitung<\/a><\/button>\n     <\/div>\n    <\/div>\n<\/div>\n<br>\n<\/div>\t<\/div>\n  <div class=\"space\"><\/div>\n<div class=\"space\"><\/div>\n  <\/div>\n\n\n\n<p><\/p>\n","protected":false},"excerpt":{"rendered":"<p>AMOLOCK \u00ae &#8211; Pose So verlegen Sie Ihre Schatex Produkte richtig! Tout voir &#x25BC; So verlegen Sie Ihre Amolock Produkte Unser stetig wachsendes Produktsortiment orientiert sich an den Bed\u00fcrfnissen unserer Kunden. SCHATEX, das sind Teppichfliesen sowohl f\u00fcr den stark beanspruchten Objektbereich als auch f\u00fcr den privaten Wohnbereich. Amolock\u00ae Luxury &#8211; Verlegeanleitung So wird es gemacht. &#8230; <a title=\"Verlegung\" class=\"read-more\" href=\"https:\/\/www.amolock.com\/fr\/verlegung\/\" aria-label=\"Read more about Verlegung\">Read more<\/a><\/p>\n","protected":false},"author":3,"featured_media":0,"parent":0,"menu_order":0,"comment_status":"closed","ping_status":"closed","template":"","meta":{"footnotes":""},"yoast_head":"<!-- This site is optimized with the Yoast SEO plugin v22.6 - https:\/\/yoast.com\/wordpress\/plugins\/seo\/ -->\n<title>Verlegung - AMOLOCK\u00ae | FR<\/title>\n<meta name=\"robots\" content=\"index, follow, max-snippet:-1, max-image-preview:large, max-video-preview:-1\" \/>\n<link rel=\"canonical\" href=\"https:\/\/www.amolock.com\/fr\/verlegung\/\" \/>\n<meta property=\"og:locale\" content=\"en_US\" \/>\n<meta property=\"og:type\" content=\"article\" \/>\n<meta property=\"og:title\" content=\"Verlegung - AMOLOCK\u00ae | FR\" \/>\n<meta property=\"og:description\" content=\"AMOLOCK \u00ae &#8211; Pose So verlegen Sie Ihre Schatex Produkte richtig! Tout voir &#x25BC; So verlegen Sie Ihre Amolock Produkte Unser stetig wachsendes Produktsortiment orientiert sich an den Bed\u00fcrfnissen unserer Kunden. SCHATEX, das sind Teppichfliesen sowohl f\u00fcr den stark beanspruchten Objektbereich als auch f\u00fcr den privaten Wohnbereich. Amolock\u00ae Luxury &#8211; Verlegeanleitung So wird es gemacht. ... Read more\" \/>\n<meta property=\"og:url\" content=\"https:\/\/www.amolock.com\/fr\/verlegung\/\" \/>\n<meta property=\"og:site_name\" content=\"AMOLOCK\u00ae | FR\" \/>\n<meta property=\"article:modified_time\" content=\"2021-09-27T09:24:37+00:00\" \/>\n<meta name=\"twitter:card\" content=\"summary_large_image\" \/>\n<meta name=\"twitter:label1\" content=\"Est. reading time\" \/>\n\t<meta name=\"twitter:data1\" content=\"2 minutes\" \/>\n<script type=\"application\/ld+json\" class=\"yoast-schema-graph\">{\"@context\":\"https:\/\/schema.org\",\"@graph\":[{\"@type\":\"WebPage\",\"@id\":\"https:\/\/www.amolock.com\/fr\/verlegung\/\",\"url\":\"https:\/\/www.amolock.com\/fr\/verlegung\/\",\"name\":\"Verlegung - AMOLOCK\u00ae | FR\",\"isPartOf\":{\"@id\":\"https:\/\/www.amolock.com\/fr\/#website\"},\"datePublished\":\"2021-07-20T18:07:22+00:00\",\"dateModified\":\"2021-09-27T09:24:37+00:00\",\"breadcrumb\":{\"@id\":\"https:\/\/www.amolock.com\/fr\/verlegung\/#breadcrumb\"},\"inLanguage\":\"en-US\",\"potentialAction\":[{\"@type\":\"ReadAction\",\"target\":[\"https:\/\/www.amolock.com\/fr\/verlegung\/\"]}]},{\"@type\":\"BreadcrumbList\",\"@id\":\"https:\/\/www.amolock.com\/fr\/verlegung\/#breadcrumb\",\"itemListElement\":[{\"@type\":\"ListItem\",\"position\":1,\"name\":\"Home\",\"item\":\"https:\/\/www.amolock.com\/fr\/\"},{\"@type\":\"ListItem\",\"position\":2,\"name\":\"Verlegung\"}]},{\"@type\":\"WebSite\",\"@id\":\"https:\/\/www.amolock.com\/fr\/#website\",\"url\":\"https:\/\/www.amolock.com\/fr\/\",\"name\":\"AMOLOCK\u00ae | FR\",\"description\":\"Teppichfliesen f\u00fcr Wohnen &amp; Gewerbe\",\"publisher\":{\"@id\":\"https:\/\/www.amolock.com\/fr\/#organization\"},\"potentialAction\":[{\"@type\":\"SearchAction\",\"target\":{\"@type\":\"EntryPoint\",\"urlTemplate\":\"https:\/\/www.amolock.com\/fr\/?s={search_term_string}\"},\"query-input\":\"required name=search_term_string\"}],\"inLanguage\":\"en-US\"},{\"@type\":\"Organization\",\"@id\":\"https:\/\/www.amolock.com\/fr\/#organization\",\"name\":\"SCHATEX\",\"url\":\"https:\/\/www.amolock.com\/fr\/\",\"logo\":{\"@type\":\"ImageObject\",\"inLanguage\":\"en-US\",\"@id\":\"https:\/\/www.amolock.com\/fr\/#\/schema\/logo\/image\/\",\"url\":\"https:\/\/schatex.com\/wp-content\/uploads\/sites\/22\/2020\/05\/cropped-logo.png\",\"contentUrl\":\"https:\/\/schatex.com\/wp-content\/uploads\/sites\/22\/2020\/05\/cropped-logo.png\",\"width\":476,\"height\":112,\"caption\":\"SCHATEX\"},\"image\":{\"@id\":\"https:\/\/www.amolock.com\/fr\/#\/schema\/logo\/image\/\"}}]}<\/script>\n<!-- \/ Yoast SEO plugin. -->","yoast_head_json":{"title":"Verlegung - AMOLOCK\u00ae | FR","robots":{"index":"index","follow":"follow","max-snippet":"max-snippet:-1","max-image-preview":"max-image-preview:large","max-video-preview":"max-video-preview:-1"},"canonical":"https:\/\/www.amolock.com\/fr\/verlegung\/","og_locale":"en_US","og_type":"article","og_title":"Verlegung - AMOLOCK\u00ae | FR","og_description":"AMOLOCK \u00ae &#8211; Pose So verlegen Sie Ihre Schatex Produkte richtig! Tout voir &#x25BC; So verlegen Sie Ihre Amolock Produkte Unser stetig wachsendes Produktsortiment orientiert sich an den Bed\u00fcrfnissen unserer Kunden. SCHATEX, das sind Teppichfliesen sowohl f\u00fcr den stark beanspruchten Objektbereich als auch f\u00fcr den privaten Wohnbereich. Amolock\u00ae Luxury &#8211; Verlegeanleitung So wird es gemacht. ... Read more","og_url":"https:\/\/www.amolock.com\/fr\/verlegung\/","og_site_name":"AMOLOCK\u00ae | FR","article_modified_time":"2021-09-27T09:24:37+00:00","twitter_card":"summary_large_image","twitter_misc":{"Est. reading time":"2 minutes"},"schema":{"@context":"https:\/\/schema.org","@graph":[{"@type":"WebPage","@id":"https:\/\/www.amolock.com\/fr\/verlegung\/","url":"https:\/\/www.amolock.com\/fr\/verlegung\/","name":"Verlegung - AMOLOCK\u00ae | FR","isPartOf":{"@id":"https:\/\/www.amolock.com\/fr\/#website"},"datePublished":"2021-07-20T18:07:22+00:00","dateModified":"2021-09-27T09:24:37+00:00","breadcrumb":{"@id":"https:\/\/www.amolock.com\/fr\/verlegung\/#breadcrumb"},"inLanguage":"en-US","potentialAction":[{"@type":"ReadAction","target":["https:\/\/www.amolock.com\/fr\/verlegung\/"]}]},{"@type":"BreadcrumbList","@id":"https:\/\/www.amolock.com\/fr\/verlegung\/#breadcrumb","itemListElement":[{"@type":"ListItem","position":1,"name":"Home","item":"https:\/\/www.amolock.com\/fr\/"},{"@type":"ListItem","position":2,"name":"Verlegung"}]},{"@type":"WebSite","@id":"https:\/\/www.amolock.com\/fr\/#website","url":"https:\/\/www.amolock.com\/fr\/","name":"AMOLOCK\u00ae | FR","description":"Teppichfliesen f\u00fcr Wohnen &amp; Gewerbe","publisher":{"@id":"https:\/\/www.amolock.com\/fr\/#organization"},"potentialAction":[{"@type":"SearchAction","target":{"@type":"EntryPoint","urlTemplate":"https:\/\/www.amolock.com\/fr\/?s={search_term_string}"},"query-input":"required name=search_term_string"}],"inLanguage":"en-US"},{"@type":"Organization","@id":"https:\/\/www.amolock.com\/fr\/#organization","name":"SCHATEX","url":"https:\/\/www.amolock.com\/fr\/","logo":{"@type":"ImageObject","inLanguage":"en-US","@id":"https:\/\/www.amolock.com\/fr\/#\/schema\/logo\/image\/","url":"https:\/\/schatex.com\/wp-content\/uploads\/sites\/22\/2020\/05\/cropped-logo.png","contentUrl":"https:\/\/schatex.com\/wp-content\/uploads\/sites\/22\/2020\/05\/cropped-logo.png","width":476,"height":112,"caption":"SCHATEX"},"image":{"@id":"https:\/\/www.amolock.com\/fr\/#\/schema\/logo\/image\/"}}]}},"_links":{"self":[{"href":"https:\/\/www.amolock.com\/fr\/wp-json\/wp\/v2\/pages\/5615"}],"collection":[{"href":"https:\/\/www.amolock.com\/fr\/wp-json\/wp\/v2\/pages"}],"about":[{"href":"https:\/\/www.amolock.com\/fr\/wp-json\/wp\/v2\/types\/page"}],"author":[{"embeddable":true,"href":"https:\/\/www.amolock.com\/fr\/wp-json\/wp\/v2\/users\/3"}],"replies":[{"embeddable":true,"href":"https:\/\/www.amolock.com\/fr\/wp-json\/wp\/v2\/comments?post=5615"}],"version-history":[{"count":66,"href":"https:\/\/www.amolock.com\/fr\/wp-json\/wp\/v2\/pages\/5615\/revisions"}],"predecessor-version":[{"id":8970,"href":"https:\/\/www.amolock.com\/fr\/wp-json\/wp\/v2\/pages\/5615\/revisions\/8970"}],"wp:attachment":[{"href":"https:\/\/www.amolock.com\/fr\/wp-json\/wp\/v2\/media?parent=5615"}],"curies":[{"name":"wp","href":"https:\/\/api.w.org\/{rel}","templated":true}]}}