{"id":5940,"date":"2021-07-24T16:52:19","date_gmt":"2021-07-24T14:52:19","guid":{"rendered":"https:\/\/amolock.dev.schatex.com\/en\/?page_id=5940"},"modified":"2021-10-18T21:18:13","modified_gmt":"2021-10-18T19:18:13","slug":"retail-2","status":"publish","type":"page","link":"https:\/\/www.amolock.com\/en\/produkte\/einsatzberreiche\/retail-2\/","title":{"rendered":"Retail"},"content":{"rendered":"\n<div id=\"carousel-example-generic\" class=\"carousel slide\" data-ride=\"carousel\">\n   <ol class=\"carousel-indicators room-indic\">\n     <li data-target=\"#carousel-example-generic\" data-slide-to=\"0\" class=\"active\"><\/li>\n     <li data-target=\"#carousel-example-generic\" data-slide-to=\"1\"><\/li>\n     <li data-target=\"#carousel-example-generic\" data-slide-to=\"2\"><\/li>\n     <li data-target=\"#carousel-example-generic\" data-slide-to=\"3\"><\/li>\n      <li data-target=\"#carousel-example-generic\" data-slide-to=\"4\"><\/li>\n   <\/ol>\n  <div class=\"carousel-inner\" role=\"listbox\">\n    <div class=\"carousel-item active\">\n      <img decoding=\"async\" class=\"d-block img-fluid share-pic\" src=\"\/wp-content\/uploads\/sites\/21\/2021\/05\/Header-Produktion-2.jpg\" alt=\"First slide\">\n      <div class=\"header-cover-title\">\n          <p class=\"text-room\">Edeka D\u00fcsseldorf Eller<\/p> \n          <span class=\"room-exp\">\n            <strong>Einsatzbereich: <small>Retail<\/small> <\/strong>\n            <strong>Fl\u00e4che: <small>175 m\u00b2 <\/small><\/strong>         \n          <\/span>     \n      <\/div>\n    <\/div>\n    <div class=\"carousel-item caro-item\">\n      <img decoding=\"async\" class=\"d-block img-fluid\" src=\"\/wp-content\/uploads\/sites\/21\/2021\/05\/Header-Produktion-2.jpg\" alt=\"Second slide\">\n<div class=\"header-cover-title\">\n          <p class=\"text-room\">Edeka D\u00fcsseldorf Eller<\/p> \n          <span class=\"room-exp\">\n            <strong>Einsatzbereich: <small>Retail<\/small> <\/strong>\n            <strong>Fl\u00e4che: <small>175 m\u00b2 <\/small><\/strong>         \n          <\/span>     \n      <\/div>\n    <\/div>\n    <div class=\"carousel-item caro-item\">\n      <img decoding=\"async\" class=\"d-block img-fluid\" src=\"\/wp-content\/uploads\/sites\/21\/2021\/05\/Header-Produktion-2.jpg\" alt=\"Third slide\">\n<div class=\"header-cover-title\">\n          <p class=\"text-room\">Edeka D\u00fcsseldorf Eller<\/p> \n          <span class=\"room-exp\">\n            <strong>Einsatzbereich: <small>Retail<\/small> <\/strong>\n            <strong>Fl\u00e4che: <small>175 m\u00b2 <\/small><\/strong>         \n          <\/span>     \n      <\/div>\n    <\/div>\n      <div class=\"carousel-item caro-item\">\n      <img decoding=\"async\" class=\"d-block img-fluid\" src=\"\/wp-content\/uploads\/sites\/21\/2021\/05\/Header-Produktion-2.jpg\" alt=\"Third slide\">\n<div class=\"header-cover-title\">\n          <p class=\"text-room\">Edeka (Supermarket in Dusseldorf, Germany)<\/p> \n          <span class=\"room-exp\">\n            <strong>Area of use: <small>Retail<\/small> <\/strong>\n            <strong>Area: <small>175 m\u00b2 <\/small><\/strong>         \n          <\/span>     \n      <\/div>\n    <\/div>\n  <\/div>\n <\/div>\n\n\n\n<div class=\"container\">\n<br><br>\n<div class=\"row room_product\">\n\n          <div style=\"margin-right:30px;\">\n              <span class=\"room_name\">Product in use:<\/span>\n               <br>\n              <img decoding=\"async\" src=\"\/wp-content\/uploads\/sites\/21\/2021\/07\/Amolock-Luxury-Granite-1.png\" alt=\"green_decor\"><br>\n              <span class=\"room_name_1\">Amolock \u2013 Luxury Granite<\/span>\n          <\/div>\n           <div class=\"stone\">\n <br>\n<img decoding=\"async\" src=\"\/wp-content\/uploads\/sites\/21\/2021\/07\/Amolock-Luxury-Sandstone-1.png\"><br>\n           <span class=\"room_name_1\">Amolock<sup>\u00ae<\/sup> \u2013 Luxury <br> Sandstone<\/span>\n<\/div>\n\n      <\/div>\n<\/div>\n      <br>\n <div class=\"row box_room \">\n          <div class=\"container\" style=\"background-color:#f7f7f7;\">\n              <p class=\"room_topic\">\n                  <span>&#8220;<span>&#8220;The tiles from Amolock fully meet our requirements. In addition to the modern design, we were particularly impressed by the quick installation, so that we were able to resume operations quickly.&#8221;<\/span><\/span> \n              <\/p>\n              <span class=\"box_room_name\">\n                      \u2013 Emanuel Krause <br>\n                      <small style=\"color:#000;\">(Heimwerker)<\/small> \n              <\/span>\n          <\/div>\n      <\/div>\n<br><br>\n<div class=\"row carousel-row text-center\">\n        <div id=\"homeCarousel1\" class=\"carousel slide w-75\" data-ride=\"carousel\">\n            <div class=\"carousel-inner w-100\" role=\"listbox\">\n                <div class=\"carousel-item row no-gutters active\">\n                    <div class=\"col-md-3 col-sm-6 float-left\">\n\t\t\t\t\t\t<a>\n\t\t\t\t\t\t\t<img decoding=\"async\" data-toggle=\"modal\" data-target=\"#exampleModalCenter\" class=\"img-fluid\" src=\"\/wp-content\/uploads\/sites\/21\/2021\/07\/Retail-41.png\">\n\t\t\t\t\t\t<\/a>\n\t\t\t\t\t<\/div>\n                    <div class=\"col-md-3 col-sm-6 float-left\">\n\t\t\t\t\t\t<a>\n\t\t\t\t\t\t\t<img decoding=\"async\" class=\"img-fluid\" data-toggle=\"modal\" data-target=\"#exampleModalCenter\" src=\"\/wp-content\/uploads\/sites\/21\/2021\/07\/Retail-42-1.png\">\n\t\t\t\t\t\t<\/a>\n\t\t\t\t\t<\/div>\n                    <div class=\"col-md-3 col-sm-6 float-left\">\n\t\t<a>\n\t\t\t<img decoding=\"async\" class=\"img-fluid\" data-toggle=\"modal\" data-target=\"#exampleModalCenter\" src=\"\/wp-content\/uploads\/sites\/21\/2021\/01\/ek-slider-3.jpg\">\n                            <\/a>\n\t\t\t\t\t\n<\/div>\n                    <div class=\"col-md-3 col-sm-6 float-left\">\n\t\t\t\t\t\t<a>\n\t\t\t\t\t\t\t<img decoding=\"async\" data-toggle=\"modal\" data-target=\"#exampleModalCenter\" class=\"img-fluid\" src=\"\/wp-content\/uploads\/sites\/21\/2021\/07\/Retail-43.png\">\n\t\t\t\t\t\t<\/a>\n\t\t\t\t\t<\/div>\n                <\/div>\n                <div class=\"carousel-item row no-gutters\">\n                    <div class=\"col-md-3 col-sm-6 float-left\">\n\t\t\t\t\t\t<a>\n\t\t\t\t\t\t\t<img decoding=\"async\" data-toggle=\"modal\" data-target=\"#exampleModalCenter\" class=\"img-fluid\" src=\"\/wp-content\/uploads\/sites\/21\/2021\/07\/Retail-42-1.png\">\n\t\t\t\t\t\t<\/a>\n\t\t\t\t\t<\/div>\n                    <div class=\"col-md-3 col-sm-6 float-left\">\n\t\t\t\t\t\t<a>\n\t\t\t\t\t\t\t<img decoding=\"async\" data-toggle=\"modal\" data-target=\"#exampleModalCenter\" class=\"img-fluid\" src=\"\/wp-content\/uploads\/sites\/21\/2021\/07\/Retail-42-1.png\">\n\t\t\t\t\t\t<\/a>\n\t\t\t\t\t<\/div>\n                    <div class=\"col-md-3 col-sm-6 float-left\">\n\t\t\t\t\t\t<a>\n\t\t\t\t\t\t\t<img decoding=\"async\" data-toggle=\"modal\" data-target=\"#exampleModalCenter\" class=\"img-fluid shadow\" src=\"\/wp-content\/uploads\/sites\/21\/2021\/01\/ek-slider-3.jpg\">\n\t\t\t\t\t\t<\/a>\n\t\t\t\t\t<\/div>\n                    <div class=\"col-md-3 col-sm-6 float-left\">\n\t\t\t\t\t\t<a>\n\t\t\t\t\t\t\t<img decoding=\"async\" data-toggle=\"modal\" data-target=\"#exampleModalCenter\" class=\"img-fluid\" src=\"\/wp-content\/uploads\/sites\/21\/2021\/07\/Retail-42-1.png\">\n\t\t\t\t\t\t<\/a>\n\t\t\t\t\t<\/div>\n                <\/div>\n            <\/div>\n            <a class=\"carousel-control-prev\" href=\"#homeCarousel1\" role=\"button\" data-slide=\"prev\">\n                <span class=\"carousel-control-prev-icon\" aria-hidden=\"true\"><\/span>\n                <span class=\"sr-only\">Previous<\/span>\n            <\/a>\n            <a class=\"carousel-control-next\" href=\"#homeCarousel1\" role=\"button\" data-slide=\"next\">\n                <span class=\"carousel-control-next-icon\" aria-hidden=\"true\"><\/span>\n                <span class=\"sr-only\">Next<\/span>\n            <\/a>\n        <\/div>\n\n<div class=\"container\">\n<br>\n<br>\n <div class=\"row\">\n  <div class=\"col-md-6\">\n   <h5 style=\"text-align:left\"> Kurze Info zum Projekt (falls vorhanden) <\/h5>\n   <p style=\"text-align:left\">\n  Ein sauberer Wandabschluss durch Fu\u00dfleisten ist nicht nur optisch ein Gewinn und besonders praktisch, um unsch\u00f6ne Kabel zu verstecken. Es ergibt sich auch eine optimal geschlossene Fl\u00e4che, die sich gut reinigen l\u00e4sst und die Wand vor Verunreinigungen und St\u00f6\u00dfen sch\u00fctzt. Au\u00dferdem verdeckt die Fu\u00dfleiste den Abstand zwischen Paneel und Wand, bei schwimmend verlegten B\u00f6den.\n   <\/p>\n  <\/div>\n  <div class=\"col-md-6\">\n  <p style=\"padding-top:35px;text-align:left\">wineo Fu\u00dfleisten sind in unterschiedlichen Formen und mit einer gro\u00dfen Farbauswahl erh\u00e4ltlich. Neben einer Vielzahl von passenden Leisten, die optimal auf die Dekore abgestimmt sind, bietet Ihnen das wineo-Zubeh\u00f6rsortiment auch einfarbige Fu\u00dfleisten wie z.B. in den Farbt\u00f6nen Edelstahl und wei\u00df.<\/p>\n  <\/div>\n <\/div>\n<\/div>\n<div class=\"container\">\n<h5 style=\"padding-top:35px;text-align:left;font-weight:700\">Project Teilen:<\/h5>\n <br>\n <div>\n <div class=\"social-media\">\n <img decoding=\"async\" src=\"\/wp-content\/uploads\/sites\/21\/2021\/07\/facebook.png\">\n <img decoding=\"async\" src=\"\/wp-content\/uploads\/sites\/21\/2021\/07\/instagram.png\">\n <img decoding=\"async\" src=\"\/wp-content\/uploads\/sites\/21\/2021\/07\/whatsapp.png\">\n <img decoding=\"async\" src=\"\/wp-content\/uploads\/sites\/21\/2021\/07\/email.png\">\n<\/div>\n<\/div>\n <br>\n<br>\n\n\n<\/div>\n\n\n\n<!-- Modal -->\n<div class=\"modal fade\" id=\"exampleModalCenter\" tabindex=\"-1\" role=\"dialog\" aria-labelledby=\"exampleModalCenterTitle\" aria-hidden=\"true\">\n  <div class=\"modal-dialog modal-dialog-centered\" role=\"document\">\n    <div class=\"modal-content\">\n      <div class=\"modal-header\">\n       \n        <button type=\"button\" style=\"margin-right:10px;\" class=\"close\" data-dismiss=\"modal\" aria-label=\"Close\">\n          <span aria-hidden=\"true\">&times;<\/span>\n        <\/button>\n      <\/div>\n      <div class=\"modal-body\" style=\"height:400px\">\n       <div class=\"container-fluid mb-5\">\n\t\n\t\t<div id=\"demo\" class=\"carousel slide vert\" data-ride=\"carousel\" data-interval=\"2000\">\n\t\t\t\n\t\t\t<div class=\"row no-gutters\">\n\t\n\t\t\t\t<div class=\"d-none d-sm-block col-sm-2 col-md-2 offset-md-1\">\n\t\t\t\t\t<div class=\"carousel-indicators caro-part\">\n\t\t\t\t\t\t<div data-target=\"#demo\" data-slide-to=\"0\" class=\"item active\"><img decoding=\"async\" src=\"\/wp-content\/uploads\/sites\/21\/2021\/07\/Retail-45.png\" alt=\"\"><\/div>\n\t\t\t\t\t\t<div data-target=\"#demo\" data-slide-to=\"1\" class=\"item\"><img decoding=\"async\" src=\"\/wp-content\/uploads\/sites\/21\/2021\/07\/Retail-43.png\" alt=\"\"><\/div>\n\t\t\t\t\t\t<div data-target=\"#demo\" data-slide-to=\"2\" class=\"item\"><img decoding=\"async\" src=\"\/wp-content\/uploads\/sites\/21\/2021\/07\/Retail-42-1.png\" alt=\"\"><\/div>\n\t\t\t\t\t<\/div>\t\n\t\t\t\t<\/div>\n<!-- col-sm-6 Indicators -->\n\t\t\t\t\n\t\t\t\t\n\t\t\t\t<div class=\"col-sm-10 col-md-8\">\n\t\t\t\t\t<div class=\"carousel-inner carousel-in\">\n\t\t\t\t\t\t<div class=\"carousel-item active\">\n\t\t\t\t\t\t\t<img decoding=\"async\" src=\"\/wp-content\/uploads\/sites\/21\/2021\/07\/Retail-45.png\" alt=\"\">\n\t\t\t\t\t\t<\/div>\n\t\t\t\t\t\t<div class=\"carousel-item\">\n                            <img decoding=\"async\" src=\"\/wp-content\/uploads\/sites\/21\/2021\/07\/Retail-43.png\" alt=\"\">\n\t\t\t\t\t\t<\/div>\n\t\t\t\t\t\t<div class=\"carousel-item\">\n\t\t\t\t\t\t\t<img decoding=\"async\" src=\"\/wp-content\/uploads\/sites\/21\/2021\/07\/Retail-42-1.png\" alt=\"\">\n\t\t\t\t\t\t<\/div>\n\t\t\t\t\t<\/div><!--inner-->\n\n\t\t\t\t<\/div><!-- col-sm-3  -->\n\n\t\t\t<\/div><!--row-->\n\t\t\t<style>\n\t\t\t\t.carousel-in img {\n\t\t\t\t\twidth: 90%;\n\t\t\t\t\theight: 100%;\n\t\t\t\t}\n\t\t\t\t.caro-part{\n\t\t\t\t\tdisplay:inline-block;\n\t\t\t\t\toverflow-x: hidden;\n\t\t\t\t\tposition:static;\n\t\t\t\t\tdirection: rtl;\n\t\t\t\t}\n\t\t\t\t@media screen and (max-width:992px){\n\t\t\t\t\t.caro-part{\n\t\t\t\t\t\t\/* display: inline-flex; *\/\n\t\t\t\t\t\tdirection: inherit;\n\t\t\t\t\t\theight: auto;\n\t\t\t\t\t\twidth: 100%;\n\t\t\t\t\t\tmax-width:800px;\n\t\t\t\t\t\toverflow-x: auto;\n\t\t\t\t\t\tposition: relative;\n\t\t\t\t\t\tmargin-left: 0;\n\t\t\t\t\t\tmargin-right: 0;\n\t\t\t\t\t\toverflow-y: hidden;\n\t\t\t\t\t\tjustify-content: normal;\n\t\t\t\t\t\tmargin-bottom:20px;\n\t\t\t\t\t}\n\t\t\t\t\t.carousel-in{\n\t\t\t\t\t\tmargin-left:0!important;\n\t\t\t\t\t}\n\t\t\t\t}\n\t\t\t\t\/* width *\/\n\t\t\t\n\t\t\t\t.item{\n\t\t\t\t\tmargin-bottom:10px;\n\t\t\t\t\tmargin-left: 10px;\n\t\t\t\t\tcursor:pointer;\n\t\t\t\t}\n\t\t\t\t.item.active img{\n\t\t\t\t\tborder:1px solid red;\n\t\t\t\t\topacity:1;\n\t\t\t\t}\n\t\t\t\t.item img{\n\t\t\t\t\tborder:1px solid transparent;\n\t\t\t\t\topacity:0.5;\n\t\t\t\t\ttransition:0.5s;\n\t\t\t\t}\n\t\t\t\t.item:hover img{\n\t\t\t\t\tborder:1px solid red;\n\t\t\t\t\topacity:1;\n\t\t\t\t}\n\t\t\t\t.content {\n\t\t\t\t\tposition: absolute;\n\t\t\t\t\tbottom: 0;\n\t\t\t\t\tbackground: rgba(0, 0, 0, 0.5); \/* Black background with transparency *\/\n\t\t\t\t\tcolor: #f1f1f1;\n\t\t\t\t\twidth: 100%;\n\t\t\t\t\tpadding: 10px;\n\t\t\t\t}\n\t\t\t\t.content p{\n\t\t\t\t\tfont-size:15px;\n\t\t\t\t}\n\t\t\t\t\n\t\t\t\t@media screen and (max-width: 992px) {\n\t\t\t\t\t.content{\n\t\t\t\t\t\tposition:static;\n\t\t\t\t\t}\n\t\t\t\t}\n\t\t\t\t@media screen and (min-width: 1440px) {\n\t\t\t\t\t.carousel-in{\n\t\t\t\t\t\tmargin-left: -60px;\n\t\t\t\t\t}\n\t\t\t\t}\n\t\t\t\t@media screen and (min-width: 1200px) and (max-width: 1439px) {\n\t\t\t\t\t.carousel-in{\n\t\t\t\t\t\tmargin-left: -20px;\n\t\t\t\t\t}\n\t\t\t\t}\n\t\t\t\t@media screen and (min-width: 880px) and (max-width: 1199px) {\n\t\t\t\t\t.carousel-in{\n\t\t\t\t\t\tmargin-left: 20px;\n\t\t\t\t\t}\n\t\t\t\t\t.content{\n\t\t\t\t\t\tposition: static;\n\t\t\t\t\t}\n\t\t\t\t}\n\t\t\t\t@media screen and (min-width: 576px) and (max-width: 879px) {\n\t\t\t\t\t.carousel-in{\n\t\t\t\t\t\tmargin-left: 50px;\n\t\t\t\t\t}\n\t\t\t\t\t.content{\n\t\t\t\t\t\tposition: static;\n\t\t\t\t\t}\n\t\t\t\t}\n\t\t\t\t\n\t\t\t\t\n\t\t\t\t\n\t\t\t\t.vert .carousel-item-next.carousel-item-left,\n\t\t\t\t.vert .carousel-item-prev.carousel-item-right {\n\t\t\t\t\t-webkit-transform: translate3d(0, 0, 0);\n\t\t\t\t\ttransform: translate3d(0, 0, 0);\n\t\t\t\t}\n\t\t\t\t\n\t\t\t\t.vert .carousel-item-next,\n\t\t\t\t.vert .active.carousel-item-right {\n\t\t\t\t\t-webkit-transform: translate3d(0, 100%, 0);\n\t\t\t\t\ttransform: translate3d(0, 100% 0);\n\t\t\t\t}\n\t\t\t\t\n\t\t\t\t.vert .carousel-item-prev,\n\t\t\t\t.vert .active.carousel-item-left {\n\t\t\t\t\t-webkit-transform: translate3d(0,-100%, 0);\n\t\t\t\t\ttransform: translate3d(0,-100%, 0);\n\t\t\t\t}\n\t\t\t\t\n\t\t\t<\/style>\n\t\t<\/div><!--container-->\n\t<\/div>\n      <\/div>\n    <\/div>\n  <\/div>\n<\/div>\n\n\n\n<p><\/p>\n","protected":false},"excerpt":{"rendered":"<p>Edeka D\u00fcsseldorf Eller Einsatzbereich: Retail Fl\u00e4che: 175 m\u00b2 Edeka D\u00fcsseldorf Eller Einsatzbereich: Retail Fl\u00e4che: 175 m\u00b2 Edeka D\u00fcsseldorf Eller Einsatzbereich: Retail Fl\u00e4che: 175 m\u00b2 Edeka (Supermarket in Dusseldorf, Germany) Area of use: Retail Area: 175 m\u00b2 Product in use: Amolock \u2013 Luxury Granite Amolock\u00ae \u2013 Luxury Sandstone &#8220;&#8220;The tiles from Amolock fully meet our requirements. &#8230; <a title=\"Retail\" class=\"read-more\" href=\"https:\/\/www.amolock.com\/en\/produkte\/einsatzberreiche\/retail-2\/\" aria-label=\"Read more about Retail\">Read more<\/a><\/p>\n","protected":false},"author":3,"featured_media":0,"parent":69,"menu_order":0,"comment_status":"closed","ping_status":"closed","template":"","meta":{"footnotes":""},"yoast_head":"<!-- This site is optimized with the Yoast SEO plugin v22.6 - https:\/\/yoast.com\/wordpress\/plugins\/seo\/ -->\n<title>AMOLOCK\u00ae | EN | Retail<\/title>\n<meta name=\"robots\" content=\"index, follow, max-snippet:-1, max-image-preview:large, max-video-preview:-1\" \/>\n<link rel=\"canonical\" href=\"https:\/\/www.amolock.com\/en\/produkte\/einsatzberreiche\/retail-2\/\" \/>\n<meta property=\"og:locale\" content=\"en_US\" \/>\n<meta property=\"og:type\" content=\"article\" \/>\n<meta property=\"og:title\" content=\"AMOLOCK\u00ae | EN | Retail\" \/>\n<meta property=\"og:description\" content=\"Edeka D\u00fcsseldorf Eller Einsatzbereich: Retail Fl\u00e4che: 175 m\u00b2 Edeka D\u00fcsseldorf Eller Einsatzbereich: Retail Fl\u00e4che: 175 m\u00b2 Edeka D\u00fcsseldorf Eller Einsatzbereich: Retail Fl\u00e4che: 175 m\u00b2 Edeka (Supermarket in Dusseldorf, Germany) Area of use: Retail Area: 175 m\u00b2 Product in use: Amolock \u2013 Luxury Granite Amolock\u00ae \u2013 Luxury Sandstone &#8220;&#8220;The tiles from Amolock fully meet our requirements. ... Read more\" \/>\n<meta property=\"og:url\" content=\"https:\/\/www.amolock.com\/en\/produkte\/einsatzberreiche\/retail-2\/\" \/>\n<meta property=\"og:site_name\" content=\"AMOLOCK\u00ae | EN\" \/>\n<meta property=\"article:modified_time\" content=\"2021-10-18T19:18:13+00:00\" \/>\n<meta name=\"twitter:card\" content=\"summary_large_image\" \/>\n<meta name=\"twitter:label1\" content=\"Est. reading time\" \/>\n\t<meta name=\"twitter:data1\" content=\"7 minutes\" \/>\n<script type=\"application\/ld+json\" class=\"yoast-schema-graph\">{\"@context\":\"https:\/\/schema.org\",\"@graph\":[{\"@type\":\"WebPage\",\"@id\":\"https:\/\/www.amolock.com\/en\/produkte\/einsatzberreiche\/retail-2\/\",\"url\":\"https:\/\/www.amolock.com\/en\/produkte\/einsatzberreiche\/retail-2\/\",\"name\":\"AMOLOCK\u00ae | EN | Retail\",\"isPartOf\":{\"@id\":\"https:\/\/www.amolock.com\/en\/#website\"},\"datePublished\":\"2021-07-24T14:52:19+00:00\",\"dateModified\":\"2021-10-18T19:18:13+00:00\",\"breadcrumb\":{\"@id\":\"https:\/\/www.amolock.com\/en\/produkte\/einsatzberreiche\/retail-2\/#breadcrumb\"},\"inLanguage\":\"en-US\",\"potentialAction\":[{\"@type\":\"ReadAction\",\"target\":[\"https:\/\/www.amolock.com\/en\/produkte\/einsatzberreiche\/retail-2\/\"]}]},{\"@type\":\"BreadcrumbList\",\"@id\":\"https:\/\/www.amolock.com\/en\/produkte\/einsatzberreiche\/retail-2\/#breadcrumb\",\"itemListElement\":[{\"@type\":\"ListItem\",\"position\":1,\"name\":\"Home\",\"item\":\"https:\/\/www.amolock.com\/en\/\"},{\"@type\":\"ListItem\",\"position\":2,\"name\":\"Produkte\",\"item\":\"https:\/\/www.amolock.com\/en\/?page_id=68\"},{\"@type\":\"ListItem\",\"position\":3,\"name\":\"Einsatzberreiche\",\"item\":\"https:\/\/www.amolock.com\/en\/produkte\/einsatzberreiche\/\"},{\"@type\":\"ListItem\",\"position\":4,\"name\":\"Retail\"}]},{\"@type\":\"WebSite\",\"@id\":\"https:\/\/www.amolock.com\/en\/#website\",\"url\":\"https:\/\/www.amolock.com\/en\/\",\"name\":\"AMOLOCK\u00ae | EN\",\"description\":\"Teppichfliesen f\u00fcr Wohnen &amp; Gewerbe\",\"publisher\":{\"@id\":\"https:\/\/www.amolock.com\/en\/#organization\"},\"potentialAction\":[{\"@type\":\"SearchAction\",\"target\":{\"@type\":\"EntryPoint\",\"urlTemplate\":\"https:\/\/www.amolock.com\/en\/?s={search_term_string}\"},\"query-input\":\"required name=search_term_string\"}],\"inLanguage\":\"en-US\"},{\"@type\":\"Organization\",\"@id\":\"https:\/\/www.amolock.com\/en\/#organization\",\"name\":\"AMOLOCK\",\"url\":\"https:\/\/www.amolock.com\/en\/\",\"logo\":{\"@type\":\"ImageObject\",\"inLanguage\":\"en-US\",\"@id\":\"https:\/\/www.amolock.com\/en\/#\/schema\/logo\/image\/\",\"url\":\"https:\/\/amolock.dev.schatex.com\/en\/wp-content\/uploads\/sites\/21\/2021\/08\/cropped-Logo-Amolock.png\",\"contentUrl\":\"https:\/\/amolock.dev.schatex.com\/en\/wp-content\/uploads\/sites\/21\/2021\/08\/cropped-Logo-Amolock.png\",\"width\":6945,\"height\":1600,\"caption\":\"AMOLOCK\"},\"image\":{\"@id\":\"https:\/\/www.amolock.com\/en\/#\/schema\/logo\/image\/\"}}]}<\/script>\n<!-- \/ Yoast SEO plugin. -->","yoast_head_json":{"title":"AMOLOCK\u00ae | EN | Retail","robots":{"index":"index","follow":"follow","max-snippet":"max-snippet:-1","max-image-preview":"max-image-preview:large","max-video-preview":"max-video-preview:-1"},"canonical":"https:\/\/www.amolock.com\/en\/produkte\/einsatzberreiche\/retail-2\/","og_locale":"en_US","og_type":"article","og_title":"AMOLOCK\u00ae | EN | Retail","og_description":"Edeka D\u00fcsseldorf Eller Einsatzbereich: Retail Fl\u00e4che: 175 m\u00b2 Edeka D\u00fcsseldorf Eller Einsatzbereich: Retail Fl\u00e4che: 175 m\u00b2 Edeka D\u00fcsseldorf Eller Einsatzbereich: Retail Fl\u00e4che: 175 m\u00b2 Edeka (Supermarket in Dusseldorf, Germany) Area of use: Retail Area: 175 m\u00b2 Product in use: Amolock \u2013 Luxury Granite Amolock\u00ae \u2013 Luxury Sandstone &#8220;&#8220;The tiles from Amolock fully meet our requirements. ... Read more","og_url":"https:\/\/www.amolock.com\/en\/produkte\/einsatzberreiche\/retail-2\/","og_site_name":"AMOLOCK\u00ae | EN","article_modified_time":"2021-10-18T19:18:13+00:00","twitter_card":"summary_large_image","twitter_misc":{"Est. reading time":"7 minutes"},"schema":{"@context":"https:\/\/schema.org","@graph":[{"@type":"WebPage","@id":"https:\/\/www.amolock.com\/en\/produkte\/einsatzberreiche\/retail-2\/","url":"https:\/\/www.amolock.com\/en\/produkte\/einsatzberreiche\/retail-2\/","name":"AMOLOCK\u00ae | EN | Retail","isPartOf":{"@id":"https:\/\/www.amolock.com\/en\/#website"},"datePublished":"2021-07-24T14:52:19+00:00","dateModified":"2021-10-18T19:18:13+00:00","breadcrumb":{"@id":"https:\/\/www.amolock.com\/en\/produkte\/einsatzberreiche\/retail-2\/#breadcrumb"},"inLanguage":"en-US","potentialAction":[{"@type":"ReadAction","target":["https:\/\/www.amolock.com\/en\/produkte\/einsatzberreiche\/retail-2\/"]}]},{"@type":"BreadcrumbList","@id":"https:\/\/www.amolock.com\/en\/produkte\/einsatzberreiche\/retail-2\/#breadcrumb","itemListElement":[{"@type":"ListItem","position":1,"name":"Home","item":"https:\/\/www.amolock.com\/en\/"},{"@type":"ListItem","position":2,"name":"Produkte","item":"https:\/\/www.amolock.com\/en\/?page_id=68"},{"@type":"ListItem","position":3,"name":"Einsatzberreiche","item":"https:\/\/www.amolock.com\/en\/produkte\/einsatzberreiche\/"},{"@type":"ListItem","position":4,"name":"Retail"}]},{"@type":"WebSite","@id":"https:\/\/www.amolock.com\/en\/#website","url":"https:\/\/www.amolock.com\/en\/","name":"AMOLOCK\u00ae | EN","description":"Teppichfliesen f\u00fcr Wohnen &amp; Gewerbe","publisher":{"@id":"https:\/\/www.amolock.com\/en\/#organization"},"potentialAction":[{"@type":"SearchAction","target":{"@type":"EntryPoint","urlTemplate":"https:\/\/www.amolock.com\/en\/?s={search_term_string}"},"query-input":"required name=search_term_string"}],"inLanguage":"en-US"},{"@type":"Organization","@id":"https:\/\/www.amolock.com\/en\/#organization","name":"AMOLOCK","url":"https:\/\/www.amolock.com\/en\/","logo":{"@type":"ImageObject","inLanguage":"en-US","@id":"https:\/\/www.amolock.com\/en\/#\/schema\/logo\/image\/","url":"https:\/\/amolock.dev.schatex.com\/en\/wp-content\/uploads\/sites\/21\/2021\/08\/cropped-Logo-Amolock.png","contentUrl":"https:\/\/amolock.dev.schatex.com\/en\/wp-content\/uploads\/sites\/21\/2021\/08\/cropped-Logo-Amolock.png","width":6945,"height":1600,"caption":"AMOLOCK"},"image":{"@id":"https:\/\/www.amolock.com\/en\/#\/schema\/logo\/image\/"}}]}},"_links":{"self":[{"href":"https:\/\/www.amolock.com\/en\/wp-json\/wp\/v2\/pages\/5940"}],"collection":[{"href":"https:\/\/www.amolock.com\/en\/wp-json\/wp\/v2\/pages"}],"about":[{"href":"https:\/\/www.amolock.com\/en\/wp-json\/wp\/v2\/types\/page"}],"author":[{"embeddable":true,"href":"https:\/\/www.amolock.com\/en\/wp-json\/wp\/v2\/users\/3"}],"replies":[{"embeddable":true,"href":"https:\/\/www.amolock.com\/en\/wp-json\/wp\/v2\/comments?post=5940"}],"version-history":[{"count":98,"href":"https:\/\/www.amolock.com\/en\/wp-json\/wp\/v2\/pages\/5940\/revisions"}],"predecessor-version":[{"id":9492,"href":"https:\/\/www.amolock.com\/en\/wp-json\/wp\/v2\/pages\/5940\/revisions\/9492"}],"up":[{"embeddable":true,"href":"https:\/\/www.amolock.com\/en\/wp-json\/wp\/v2\/pages\/69"}],"wp:attachment":[{"href":"https:\/\/www.amolock.com\/en\/wp-json\/wp\/v2\/media?parent=5940"}],"curies":[{"name":"wp","href":"https:\/\/api.w.org\/{rel}","templated":true}]}}