{"id":3660,"date":"2021-03-20T02:56:30","date_gmt":"2021-03-20T01:56:30","guid":{"rendered":"http:\/\/dev.schatex.com\/?page_id=3660"},"modified":"2021-09-26T21:29:28","modified_gmt":"2021-09-26T19:29:28","slug":"datenschutz","status":"publish","type":"page","link":"https:\/\/www.amolock.com\/en\/datenschutz\/","title":{"rendered":"Datenschutz"},"content":{"rendered":"\n<div class=\"header-cover parallax\" style=\"background-image: url('\/wp-content\/uploads\/sites\/21\/2021\/06\/Header_Flag_2x.jpg');\">\n  <div class=\"teppichfliesen-header\"> \n     <h1>AMOLOCK<sup>\u00ae<\/sup> &#8211; Data protection<\/h1>\n     <span>AMOLOCK<sup>\u00ae<\/sup> by Scharpenack GmbH<\/span>\n  <\/div>\n  <div class=\"teppichfliesen-subheader\"> <a href=\"#topProdukte\"> view all <br> \u25bc <\/a> <\/div>\n<\/div>\n\n\n\n<div class=\"container-fluid p-0\">\n    <div class=\"row home-row-1 under-header-row \" style=\"background-color:#f7f7f7;\">\n\t\t<div class=\"col-md-6 text-center\" style=\"margin: auto;\">\n\t\t\t<img decoding=\"async\" src=\"\/en\/wp-content\/uploads\/sites\/21\/2021\/08\/Gruppe-828@2x.png\">\n\t\t<\/div>\n\t\t<div class=\"col-md-6\">\n\t\t\t<h3 class=\"text-uppercase font-weight-bold\">Would you like to be in your range?<\/h3>\n\t\t\t<p class=\"text-left\">\nThe entire SCHATEX product range is only available from specialist dealers. Would you also like to sell SCHATEX carpet tiles or do you have general questions about our products? Then don&#8217;t hesitate and get in touch with us.<\/p>\n\t\t\t<a class=\"btn font-weight-bold pl-0\" href=\"\/kontakt\" style=\"color:#607177\"><u>Contact form<\/u> <i class=\"bi bi-caret-right-fill\"><\/i><\/a>\n\t\t<\/div>\n\t<\/div>\n<\/div>\n\t\n<div class=\"container-lg\">\n\t<div class=\"row downloads-row-2 px-4\" id=\"topProdukte\">\n        <h2 class=\"text-uppercase font-weight-bold mb-0\">DATA PROTECTION <style>@media (max-width: 960px){.teppichfliesen-header h1 {font-size: 2em;}}<\/style><\/h2>\n        <p class=\"mt-0\">\n\t\t\tStand: Mai 2018 <\/br><\/br>\n\t\t\tThis data protection declaration explains to you the type, scope and purpose of the processing of your personal data (hereinafter referred to as \u201cdata\u201d) by us and your rights in this regard\n\t\t<\/p>\n\t\t<h3>1. Who is responsible for data processing and who can I contact<\/h3>\n\t\t<p>\n\t\t\tResponsible within the meaning of the General Data Protection Regulation is: <\/br><\/br>\n\t\t\tScharpenack GmbH <\/br>\n\t\t\tEssener Stra\u00dfe 60 <\/br>\n\t\t\t42327 Wuppertal <\/br><\/br>\n\t\t\tTelefon: <a class=\"text-primary\" href=\"tel:020227025823\">0202 \u2013 27 02 58 23<\/a> <\/br>\n\t\t\tFax: 0202 \u2013 27 02 71 51 <\/br><\/br>\n\t\t\tE-Mail: <a class=\"text-primary\" href=\"mailto:info@scharpenack-gmbh.de\"><\/a>info@scharpenack-gmbh.de <\/br>\n\t\t\tWeb: <a class=\"text-primary\" href=\"http:\/\/www.schatex.com\"><\/a>www.schatex.com <\/br><\/br>\n\t\t\tIf you would like to object to the collection, processing or use of your data in accordance with the data protection regulations as a whole or for individual measures, send your objection to the above address or by email to the above email address.\n\t\t<\/p>\n\t\t<h3>2. On what legal basis do we process your data<\/h3>\n\t\t<p>\n\t\t\tFirst of all, we will inform you of the legal basis of our data processing in accordance with Art. 13 GDPR. If the legal basis is not expressly mentioned in this data protection declaration, the following applies: If you have given your consent to the processing of your personal data, the legal basis is Art. 6 Para. 1 lit. a and Art. 7 GDPR, the processing takes place for fulfillment Our services and implementation of contractual measures as well as answering inquiries is the legal basis of Art. 6 Paragraph 1 lit. The legal basis for safeguarding our legitimate interests is Art. 6 Para. 1 lit.f GDPR. If the processing of personal data is necessary in order to protect the vital interests of the data subject or another natural person, Article 6 (1) (d) GDPR serves as the legal basis. <\/br><\/br>\n\t\t\tIf processing takes place on the basis of your consent, you can revoke this at any time with effect for the future. You can send your revocation by post to the above address or by email to the above email address. <\/br><\/br>\n\t\t\tIn the event that we disclose data to other persons and companies (contract processors or third parties) as part of our processing, transmit data to them or otherwise grant them access to the data, this is done exclusively on the basis of legal permission (e.g. if a transmission of the Data to third parties, such as payment service providers, according to Art. 6 Paragraph 1 lit. etc. according to Art 6 Para. 1 lit. C GDPR). <\/br><\/br>\n\t\t\tIn the event that we commission third parties to process data, this is done on the basis of Art. 28 GDPR. (so-called &#8220;order processing&#8221;).\n\t\t<\/p>\n\t\t<h3>3. Which data are processed<\/h3>\n\t\t<p>\n\t\t\t<span class=\"font-weight-bold d-block\">Cookies<\/span>\n\t\t\tWir setzen Cookies auf unserer Internetseite ein. Dies erfolgt, um Anfragen und Anforderungen des Interessenten zuordnen zu k\u00f6nnen. Bei Cookies handelt es sich um kleine Textdateien, die auf Ihrem Computersystem abgelegt werden. Durch den Einsatz von Cookies werden wir in die Lage versetzt, die H\u00e4ufigkeit von Seitenaufrufen und die allgemeine Navigation zu messen. Wir weisen Sie darauf hin, dass einige dieser Cookies von unserem Server auf Ihr Computersystem \u00fcberspielt werden, wobei es sich dabei meist um so genannte \u201eSession-Cookies\u201c handelt. \u201eSession-Cookies\u201c zeichnen sich dadurch aus, dass diese automatisch nach Ende der Browser-Sitzung wieder von Ihrer Festplatte gel\u00f6scht werden. Andere Cookies verbleiben auf Ihrem Computersystem und erm\u00f6glichen es uns, Ihr Computersystem bei Ihrem n\u00e4chsten Besuch wieder zu erkennen (sog. dauerhafte Cookies). Sofern Ihr Browser dies zul\u00e4sst, k\u00f6nnen Sie Cookies jederzeit ablehnen. Bitte beachten Sie, dass bestimmte Funktionen dieser Website m\u00f6glicherweise nicht oder nur eingeschr\u00e4nkt genutzt werden k\u00f6nnen, wenn Ihr Browser so eingestellt ist, dass keine Cookies (unserer Website) angenommen werden. <\/br><\/br>\n\t\t\t<span class=\"font-weight-bold d-block\">Hosting<\/span>\n\t\t\tDie von uns in Anspruch genommenen Hosting-Leistungen dienen der Zurverf\u00fcgungstellung der folgenden Leistungen: Infrastruktur- und Plattformdienstleistungen, Rechenkapazit\u00e4t, Speicherplatz und Datenbankdienste, Sicherheitsleistungen sowie technische Wartungsleistungen, die wir zum Zwecke des Betriebs dieses Onlineangebotes einsetzen. F\u00fcr diese Zwecke verarbeiten wir, bzw. unser Hostinganbieter Ihre Date auf Grundlage unserer berechtigten Interessen an einer effizienten und sicheren Zurverf\u00fcgungstellung dieses Onlineangebotes gem. Art. 6 Abs. 1 lit. f DSGVO i.V.m. Art. 28 DSGVO (Abschluss Auftragsverarbeitungsvertrag). <\/br><\/br>\n\t\t\t<span class=\"font-weight-bold d-block\">Erhebung von Zugriffsdaten und Logfiles<\/span>\n\t\t\tWir, bzw. unser Hostinganbieter, erhebt auf Grundlage unserer berechtigten Interessen im Sinne des Art. 6 Abs. 1 lit. f. DSGVO Daten \u00fcber jeden Zugriff auf den Server, auf dem sich dieser Dienst befindet (sogenannte Serverlogfiles). Zu den Zugriffsdaten geh\u00f6ren Datum und Uhrzeit des Abrufs, Name der abgerufenen Webseite, die \u00fcbertragene Datenmenge, die Meldung \u00fcber erfolgreichen Abruf, der Browsertyp nebst Version, das Betriebssystem des Nutzers, die zuvor besuchte Seite (sog. \u201eReferrer URL\u201c), die IP-Adresse und der anfragende Provider. Logfile-Informationen werden aus f\u00fcr die Dauer von maximal 7 Tagen gespeichert und danach gel\u00f6scht. Daten, deren weitere Aufbewahrung zu Beweiszwecken erforderlich ist, sind bis zur endg\u00fcltigen Kl\u00e4rung des jeweiligen Vorfalls von der L\u00f6schung ausgenommen. <\/br><\/br>\n\t\t\t<span class=\"font-weight-bold d-block\">Kontaktaufnahme<\/span>\n\t\t\tBei der Kontaktaufnahme mit uns (z.B. per Kontaktformular, E-Mail, Telefon oder via sozialer Medien) werden die Angaben des Nutzers zur Bearbeitung der Kontaktanfrage und deren Abwicklung gem. Art. 6 Abs. 1 lit. b) DSGVO verarbeitet. Die L\u00f6schung der Daten erfolgt nach abgeschlossener Bearbeitung Ihrer Anfrage. <\/br><\/br>\n\t\t\tDiese Daten geben wir nicht ohne Ihre Einwilligung weiter. Sie k\u00f6nnen diese Einwilligung jederzeit ohne Angabe von Gr\u00fcnden widerrufen. Dazu reicht eine formlose Mitteilung per E-Mail an uns. Die Rechtm\u00e4\u00dfigkeit der bis zum Widerruf erfolgten Datenverarbeitungsvorg\u00e4nge bleibt vom Widerruf unber\u00fchrt. <\/br><\/br>\n\t\t\tDie von Ihnen im Kontaktformular eingegebenen Daten verbleiben bei uns, bis Sie uns zur L\u00f6schung auffordern, Ihre Einwilligung zur Speicherung widerrufen oder der Zweck f\u00fcr die Datenspeicherung entf\u00e4llt (z.B. nach abgeschlossener Bearbeitung Ihrer Anfrage). Zwingende gesetzliche Bestimmungen \u2013 insbesondere Aufbewahrungsfristen \u2013 bleiben unber\u00fchrt.\n\t\t<\/p>\n\t\t<h3>4. How safe is my data<\/h3>\n\t\t<p>\n\t\t\tFor security reasons, all data that you provide to us are encrypted and transmitted using the SSL (Secure Socket Layer) method. SSL is a tried and tested encryption system that is used around the world, with the help of which your browser automatically encrypts your data before it is sent to us. You can recognize an encrypted connection by the fact that the address line of the browser changes from \u201chttp: \/\/\u201d to \u201chttps: \/\/\u201d and by the lock symbol in your browser line.\t\n\t\t<\/p>\n\t\t<h3 class=\"mb-0\">5.What rights do I have as a data subject?<\/h3>\n\t\t<p>\n\t\t\tSie k\u00f6nnen jederzeit <\/br><\/br>\n\t\t\t\u2022 Auskunft \u00fcber die von Ihnen bei uns gespeicherten bzw. verarbeiteten Daten erhalten <\/br>\n\t\t\t\u2022 Berichtigung oder L\u00f6schung Ihrer Daten verlangen <\/br>\n\t\t\t\u2022 Einschr\u00e4nkung der Verarbeitung Ihrer Daten verlangen <\/br>\n\t\t\t\u2022 Widerspruch gegen die Verarbeitung Ihrer Daten erheben <\/br>\n\t\t\t\u2022 die \u00dcbertragbarkeit Ihrer Daten einfordern <\/br>\n\t\t\t\u2022 Beschwerde bei der Datenschutz Aufsichtsbeh\u00f6rde einreichen. Ihre zust\u00e4ndige Aufsichtsbeh\u00f6rde ist die Ihres Wohnortes. Eine Liste der Aufsichtsbeh\u00f6rden finden Sie hier: <a class=\"text-primary\" href=\"https:\/\/www.bfdi.bund.de\/DE\/Infothek\/Anschriften_Links\/anschriften_links-node.html\"> https:\/\/www.bfdi.bund.de\/DE\/Infothek\/Anschriften_Links\/anschriften_links-node.html <\/a>\n\t\t<\/p>\n\t\t<h3>6.How long will my data be saved<\/h3>\n\t\t<p>\n\t\t\tDie von uns verarbeiteten Daten werden nach Ma\u00dfgabe der Art. 17 und 18 DSGVO gel\u00f6scht oder in ihrer Verarbeitung eingeschr\u00e4nkt. Sobald die Daten f\u00fcr ihre Zweckbestimmung nicht mehr erforderlich sind und der L\u00f6schung keine gesetzlichen Aufbewahrungspflichten entgegenstehen, werden die bei uns gespeicherten Daten gel\u00f6scht. Sofern die Daten nicht gel\u00f6scht werden, weil sie f\u00fcr andere und gesetzlich zul\u00e4ssige Zwecke erforderlich sind, wird deren Verarbeitung eingeschr\u00e4nkt. D.h. die Daten werden gesperrt und nicht f\u00fcr andere Zwecke verarbeitet. Das gilt z.B. f\u00fcr Daten, die aus handels- oder steuerrechtlichen Gr\u00fcnden aufbewahrt werden m\u00fcssen. Nach gesetzlichen Vorgaben in Deutschland erfolgt die Aufbewahrung insbesondere f\u00fcr 6 Jahre gem\u00e4\u00df \u00a7 257 Abs. 1 HGB sowie f\u00fcr 10 Jahre gem\u00e4\u00df \u00a7 147 Abs. 1 AO.\t\n\t\t<\/p>\n\t\t<h3>7. Webanalyse- Tools<\/h3>\n\t\t<p>\n\t\t\tAus unseren Webseiten haben wir verschiedene Analysedienste eingebunden. \u00dcber die Dienste werden Informationen \u00fcber Ihren Besuch auf unserer Webseite erhoben, damit wir die Funktionalit\u00e4t unserer Webseite nachvollziehen und nutzerfreundlicher gestalten k\u00f6nnen. Die Datenverarbeitung erfolgt ausschlie\u00dflich statistisch. Ihre IP-Adresse wird daher standardm\u00e4\u00dfig um das letzte Oktett gek\u00fcrzt. so dass die zuvor personenbezogenen Nutzerdaten direkt anonymisiert werden und keine Zuordnung zu einem individuellen Nutzer erfolgen kann. <\/br><\/br>\n\t\t\tDie Datenverarbeitung erfolgt auf Grundlage von Art. 6 Abs. 1 lit. f DSGVO. Der Websitebetreiber hat ein berechtigtes Interesse an der Analyse des Nutzerverhaltens, um sowohl sein Webangebot als auch seine Werbung zu optimieren. <\/br><\/br>\n\t\t\tAuf unserer Webseite sind folgende Analysedienste eingebunden: <\/br><\/br>\n\t\t\tGoogle Analytics mit Anonymisierungsfunktion <\/br><\/br>\n\t\t\tWir setzen den Webanalysedienst Google Analytics der Firma Google Inc., 1600 Amphitheatre Parkway, Mountain View, CA 94043 USA (nachfolgend \u201eGoogle\u201c) ein. <\/br><\/br>\n\t\t\tGoogle ist unter dem Privacy-Shield-Abkommen zertifiziert und bietet hierdurch eine Garantie, das europ\u00e4ische Datenschutzrecht einzuhalten. N\u00e4here Informationen zum Privacy-Shield-Abkommen finden Sie hier:<\/br><\/br>\n\t\t\t<a class=\"text-primary\" href=\"https:\/\/www.privacyshield.gov\/participant?id=a2zt000000001L5AAI&#038;status=Active\">https:\/\/www.privacyshield.gov\/participant?id=a2zt000000001L5AAI&#038;status=Active<\/a> <\/br><\/br>\n\t\t\tGoogle Analytics verwendet Cookies. Die durch das Cookie erzeugten Informationen \u00fcber die Benutzung des Onlineangebotes durch die Nutzer werden in der Regel an einen Server von Google in den USA \u00fcbertragen und dort gespeichert. Google wird diese Informationen in unserem Auftrag benutzen, um die Nutzung unseres Onlineangebotes durch die Nutzer auszuwerten, um Statistiken \u00fcber die Aktivit\u00e4ten innerhalb unserer Onlineangebotes zusammenzustellen und um weitere mit der Nutzung dieses Onlineangebotes und der Internetnutzung verbundene Dienstleistungen uns gegen\u00fcber zu erbringen. Dabei k\u00f6nnen aus den verarbeiteten Daten pseudonyme Nutzungsprofile der Nutzer erstellt werden. Wir setzen Google Analytics nur mit aktivierter IP-Anonymisierung ein. Das bedeutet, die IP-Adresse der Nutzer wird von Google innerhalb von Mitgliedstaaten der Europ\u00e4ischen Union oder in anderen Vertragsstaaten des Abkommens \u00fcber den Europ\u00e4ischen Wirtschaftsraum gek\u00fcrzt. Die von dem Browser des Nutzers \u00fcbermittelte IP-Adresse wird nicht mit anderen Daten von Google zusammengef\u00fchrt. Die Nutzer k\u00f6nnen die Speicherung der Cookies durch eine entsprechende Einstellung ihrer Browser-Software verhindern; die Nutzer k\u00f6nnen dar\u00fcber hinaus die Erfassung der durch das Cookie erzeugten und auf ihre Nutzung des Onlineangebotes bezogenen Daten an Google sowie die Verarbeitung dieser Daten durch Google verhindern, indem sie das unter dem folgenden Link verf\u00fcgbare Browser-Plugin herunterladen und installieren: <\/br><\/br> <a class=\"text-primary\" href=\"http:\/\/tools.google.com\/dlpage\/gaoptout?hl=de\">http:\/\/tools.google.com\/dlpage\/gaoptout?hl=de<\/a>  <\/br><\/br>\n\t\t\tWir weisen Sie jedoch darauf hin, dass Sie in diesem Fall gegebenenfalls nicht s\u00e4mtliche Funktionen dieser Website vollumf\u00e4nglich werden nutzen k\u00f6nnen. Alternativ zum Browser-Plugin oder innerhalb von Browsern auf mobilen Ger\u00e4ten klicken Sie bitte auf den folgenden Link, um ein Opt-Out-Cookie zu setzen, der die Erfassung durch Google Analytics innerhalb dieser Website zuk\u00fcnftig verhindert (dieses Opt-Out-Cookie funktioniert nur in diesem Browser und nur f\u00fcr diese Domain, l\u00f6schen Sie Ihre Cookies in diesem Browser, m\u00fcssen Sie diesen Link erneut klicken): \n\t\t\tGoogle Analytics deaktivieren <\/br><\/br>\n\t\t\tWeitere Informationen entnehmen Sie bitte der Datenschutzerkl\u00e4rung von Google: <\/br><\/br>\n\t\t\t<a class=\"text-primary\" href=\"https:\/\/www.google.com\/policies\/privacy\/\">https:\/\/www.google.com\/policies\/privacy\/<\/a> \t\n\t\t<\/p>\n\t\t<h3>8. Links<\/h3>\n\t\t<p>\n\t\t\tOur website contains links to websites of other providers to which this data protection declaration does not apply. After clicking on the integrated graphic, you will be redirected to the website of the respective provider, i.e. only then will user information be transmitted to the respective provider. For information on the handling of your personal data when using this website, please refer to the respective data protection provisions of the provider. Insofar as the collection, processing or use of personal data is associated with the use of the websites of other providers, please note the data protection information of the respective provider\t\n\t\t<\/p>\n\t<\/div>\n\t<div class=\"row mb-5\">\n\t\t<div class=\"col-md-6 offset-md-3 mb-5\">\n\t\t\t<div class=\"col download-btn text-center\">\n\t\t\t\t<img decoding=\"async\" src=\"\/wp-content\/uploads\/sites\/21\/2020\/11\/Download_icon.png\">\n\t\t\t\t<a href=\"#\">Download Data protection<\/a>\n\t\t\t<\/div>\n\t\t<\/div>\n\t<\/div>\n<\/div>\n\n\n\n<p><\/p>\n","protected":false},"excerpt":{"rendered":"<p>AMOLOCK\u00ae &#8211; Data protection AMOLOCK\u00ae by Scharpenack GmbH view all \u25bc Would you like to be in your range? The entire SCHATEX product range is only available from specialist dealers. Would you also like to sell SCHATEX carpet tiles or do you have general questions about our products? Then don&#8217;t hesitate and get in touch &#8230; <a title=\"Datenschutz\" class=\"read-more\" href=\"https:\/\/www.amolock.com\/en\/datenschutz\/\" aria-label=\"Read more about Datenschutz\">Read more<\/a><\/p>\n","protected":false},"author":1,"featured_media":0,"parent":0,"menu_order":0,"comment_status":"closed","ping_status":"closed","template":"","meta":{"footnotes":""},"yoast_head":"<!-- This site is optimized with the Yoast SEO plugin v22.6 - https:\/\/yoast.com\/wordpress\/plugins\/seo\/ -->\n<title>AMOLOCK\u00ae | EN | Datenschutz<\/title>\n<meta name=\"robots\" content=\"index, follow, max-snippet:-1, max-image-preview:large, max-video-preview:-1\" \/>\n<link rel=\"canonical\" href=\"https:\/\/www.amolock.com\/en\/datenschutz\/\" \/>\n<meta property=\"og:locale\" content=\"en_US\" \/>\n<meta property=\"og:type\" content=\"article\" \/>\n<meta property=\"og:title\" content=\"AMOLOCK\u00ae | EN | Datenschutz\" \/>\n<meta property=\"og:description\" content=\"AMOLOCK\u00ae &#8211; Data protection AMOLOCK\u00ae by Scharpenack GmbH view all \u25bc Would you like to be in your range? The entire SCHATEX product range is only available from specialist dealers. Would you also like to sell SCHATEX carpet tiles or do you have general questions about our products? Then don&#8217;t hesitate and get in touch ... Read more\" \/>\n<meta property=\"og:url\" content=\"https:\/\/www.amolock.com\/en\/datenschutz\/\" \/>\n<meta property=\"og:site_name\" content=\"AMOLOCK\u00ae | EN\" \/>\n<meta property=\"article:modified_time\" content=\"2021-09-26T19:29:28+00:00\" \/>\n<meta name=\"twitter:card\" content=\"summary_large_image\" \/>\n<meta name=\"twitter:label1\" content=\"Est. reading time\" \/>\n\t<meta name=\"twitter:data1\" content=\"9 minutes\" \/>\n<script type=\"application\/ld+json\" class=\"yoast-schema-graph\">{\"@context\":\"https:\/\/schema.org\",\"@graph\":[{\"@type\":\"WebPage\",\"@id\":\"https:\/\/www.amolock.com\/en\/datenschutz\/\",\"url\":\"https:\/\/www.amolock.com\/en\/datenschutz\/\",\"name\":\"AMOLOCK\u00ae | EN | Datenschutz\",\"isPartOf\":{\"@id\":\"https:\/\/www.amolock.com\/en\/#website\"},\"datePublished\":\"2021-03-20T01:56:30+00:00\",\"dateModified\":\"2021-09-26T19:29:28+00:00\",\"breadcrumb\":{\"@id\":\"https:\/\/www.amolock.com\/en\/datenschutz\/#breadcrumb\"},\"inLanguage\":\"en-US\",\"potentialAction\":[{\"@type\":\"ReadAction\",\"target\":[\"https:\/\/www.amolock.com\/en\/datenschutz\/\"]}]},{\"@type\":\"BreadcrumbList\",\"@id\":\"https:\/\/www.amolock.com\/en\/datenschutz\/#breadcrumb\",\"itemListElement\":[{\"@type\":\"ListItem\",\"position\":1,\"name\":\"Home\",\"item\":\"https:\/\/www.amolock.com\/en\/\"},{\"@type\":\"ListItem\",\"position\":2,\"name\":\"Datenschutz\"}]},{\"@type\":\"WebSite\",\"@id\":\"https:\/\/www.amolock.com\/en\/#website\",\"url\":\"https:\/\/www.amolock.com\/en\/\",\"name\":\"AMOLOCK\u00ae | EN\",\"description\":\"Teppichfliesen f\u00fcr Wohnen &amp; Gewerbe\",\"publisher\":{\"@id\":\"https:\/\/www.amolock.com\/en\/#organization\"},\"potentialAction\":[{\"@type\":\"SearchAction\",\"target\":{\"@type\":\"EntryPoint\",\"urlTemplate\":\"https:\/\/www.amolock.com\/en\/?s={search_term_string}\"},\"query-input\":\"required name=search_term_string\"}],\"inLanguage\":\"en-US\"},{\"@type\":\"Organization\",\"@id\":\"https:\/\/www.amolock.com\/en\/#organization\",\"name\":\"AMOLOCK\",\"url\":\"https:\/\/www.amolock.com\/en\/\",\"logo\":{\"@type\":\"ImageObject\",\"inLanguage\":\"en-US\",\"@id\":\"https:\/\/www.amolock.com\/en\/#\/schema\/logo\/image\/\",\"url\":\"https:\/\/amolock.dev.schatex.com\/en\/wp-content\/uploads\/sites\/21\/2021\/08\/cropped-Logo-Amolock.png\",\"contentUrl\":\"https:\/\/amolock.dev.schatex.com\/en\/wp-content\/uploads\/sites\/21\/2021\/08\/cropped-Logo-Amolock.png\",\"width\":6945,\"height\":1600,\"caption\":\"AMOLOCK\"},\"image\":{\"@id\":\"https:\/\/www.amolock.com\/en\/#\/schema\/logo\/image\/\"}}]}<\/script>\n<!-- \/ Yoast SEO plugin. -->","yoast_head_json":{"title":"AMOLOCK\u00ae | EN | Datenschutz","robots":{"index":"index","follow":"follow","max-snippet":"max-snippet:-1","max-image-preview":"max-image-preview:large","max-video-preview":"max-video-preview:-1"},"canonical":"https:\/\/www.amolock.com\/en\/datenschutz\/","og_locale":"en_US","og_type":"article","og_title":"AMOLOCK\u00ae | EN | Datenschutz","og_description":"AMOLOCK\u00ae &#8211; Data protection AMOLOCK\u00ae by Scharpenack GmbH view all \u25bc Would you like to be in your range? The entire SCHATEX product range is only available from specialist dealers. Would you also like to sell SCHATEX carpet tiles or do you have general questions about our products? Then don&#8217;t hesitate and get in touch ... Read more","og_url":"https:\/\/www.amolock.com\/en\/datenschutz\/","og_site_name":"AMOLOCK\u00ae | EN","article_modified_time":"2021-09-26T19:29:28+00:00","twitter_card":"summary_large_image","twitter_misc":{"Est. reading time":"9 minutes"},"schema":{"@context":"https:\/\/schema.org","@graph":[{"@type":"WebPage","@id":"https:\/\/www.amolock.com\/en\/datenschutz\/","url":"https:\/\/www.amolock.com\/en\/datenschutz\/","name":"AMOLOCK\u00ae | EN | Datenschutz","isPartOf":{"@id":"https:\/\/www.amolock.com\/en\/#website"},"datePublished":"2021-03-20T01:56:30+00:00","dateModified":"2021-09-26T19:29:28+00:00","breadcrumb":{"@id":"https:\/\/www.amolock.com\/en\/datenschutz\/#breadcrumb"},"inLanguage":"en-US","potentialAction":[{"@type":"ReadAction","target":["https:\/\/www.amolock.com\/en\/datenschutz\/"]}]},{"@type":"BreadcrumbList","@id":"https:\/\/www.amolock.com\/en\/datenschutz\/#breadcrumb","itemListElement":[{"@type":"ListItem","position":1,"name":"Home","item":"https:\/\/www.amolock.com\/en\/"},{"@type":"ListItem","position":2,"name":"Datenschutz"}]},{"@type":"WebSite","@id":"https:\/\/www.amolock.com\/en\/#website","url":"https:\/\/www.amolock.com\/en\/","name":"AMOLOCK\u00ae | EN","description":"Teppichfliesen f\u00fcr Wohnen &amp; Gewerbe","publisher":{"@id":"https:\/\/www.amolock.com\/en\/#organization"},"potentialAction":[{"@type":"SearchAction","target":{"@type":"EntryPoint","urlTemplate":"https:\/\/www.amolock.com\/en\/?s={search_term_string}"},"query-input":"required name=search_term_string"}],"inLanguage":"en-US"},{"@type":"Organization","@id":"https:\/\/www.amolock.com\/en\/#organization","name":"AMOLOCK","url":"https:\/\/www.amolock.com\/en\/","logo":{"@type":"ImageObject","inLanguage":"en-US","@id":"https:\/\/www.amolock.com\/en\/#\/schema\/logo\/image\/","url":"https:\/\/amolock.dev.schatex.com\/en\/wp-content\/uploads\/sites\/21\/2021\/08\/cropped-Logo-Amolock.png","contentUrl":"https:\/\/amolock.dev.schatex.com\/en\/wp-content\/uploads\/sites\/21\/2021\/08\/cropped-Logo-Amolock.png","width":6945,"height":1600,"caption":"AMOLOCK"},"image":{"@id":"https:\/\/www.amolock.com\/en\/#\/schema\/logo\/image\/"}}]}},"_links":{"self":[{"href":"https:\/\/www.amolock.com\/en\/wp-json\/wp\/v2\/pages\/3660"}],"collection":[{"href":"https:\/\/www.amolock.com\/en\/wp-json\/wp\/v2\/pages"}],"about":[{"href":"https:\/\/www.amolock.com\/en\/wp-json\/wp\/v2\/types\/page"}],"author":[{"embeddable":true,"href":"https:\/\/www.amolock.com\/en\/wp-json\/wp\/v2\/users\/1"}],"replies":[{"embeddable":true,"href":"https:\/\/www.amolock.com\/en\/wp-json\/wp\/v2\/comments?post=3660"}],"version-history":[{"count":45,"href":"https:\/\/www.amolock.com\/en\/wp-json\/wp\/v2\/pages\/3660\/revisions"}],"predecessor-version":[{"id":9331,"href":"https:\/\/www.amolock.com\/en\/wp-json\/wp\/v2\/pages\/3660\/revisions\/9331"}],"wp:attachment":[{"href":"https:\/\/www.amolock.com\/en\/wp-json\/wp\/v2\/media?parent=3660"}],"curies":[{"name":"wp","href":"https:\/\/api.w.org\/{rel}","templated":true}]}}